{"id":100087,"date":"2025-04-14T20:11:20","date_gmt":"2025-04-14T18:11:20","guid":{"rendered":"https:\/\/test.esluzby.net\/?post_type=product&#038;p=100087"},"modified":"2026-02-19T10:31:07","modified_gmt":"2026-02-19T09:31:07","slug":"velikonocni-zajicek-hnede-tecky-22cm","status":"publish","type":"product","link":"https:\/\/test.esluzby.net\/?product=velikonocni-zajicek-hnede-tecky-22cm","title":{"rendered":"Velikono\u010dn\u00ed zaj\u00ed\u010dek \u2013 hn\u011bd\u00e9 te\u010dky 22cm"},"content":{"rendered":"","protected":false},"excerpt":{"rendered":"<p>Zaj\u00ed\u010dek je vyroben podle n\u00e1vrhu skl\u00e1\u0159e bez pou\u017eit\u00ed forem ka\u017ed\u00fd kus m\u00e1 origin\u00e1ln\u00ed proveden\u00ed. P\u0159ikl\u00e1d\u00e1me video z v\u00fdroby t\u011bchto Velikono\u010dn\u00edch dekorac\u00ed.(4) Facebook<\/p>\n","protected":false},"featured_media":100088,"comment_status":"closed","ping_status":"closed","template":"","meta":[],"product_brand":[],"product_cat":[112,109,127,111],"product_tag":[],"class_list":{"0":"post-100087","1":"product","2":"type-product","3":"status-publish","4":"has-post-thumbnail","6":"product_cat-darky-dle-prilezitosti","7":"product_cat-dekoracni-sklo","8":"product_cat-ostatni","9":"product_cat-tipy-na-darky","11":"first","12":"outofstock","13":"shipping-taxable","14":"purchasable","15":"product-type-simple"},"_links":{"self":[{"href":"https:\/\/test.esluzby.net\/index.php?rest_route=\/wp\/v2\/product\/100087","targetHints":{"allow":["GET"]}}],"collection":[{"href":"https:\/\/test.esluzby.net\/index.php?rest_route=\/wp\/v2\/product"}],"about":[{"href":"https:\/\/test.esluzby.net\/index.php?rest_route=\/wp\/v2\/types\/product"}],"replies":[{"embeddable":true,"href":"https:\/\/test.esluzby.net\/index.php?rest_route=%2Fwp%2Fv2%2Fcomments&post=100087"}],"version-history":[{"count":0,"href":"https:\/\/test.esluzby.net\/index.php?rest_route=\/wp\/v2\/product\/100087\/revisions"}],"wp:featuredmedia":[{"embeddable":true,"href":"https:\/\/test.esluzby.net\/index.php?rest_route=\/wp\/v2\/media\/100088"}],"wp:attachment":[{"href":"https:\/\/test.esluzby.net\/index.php?rest_route=%2Fwp%2Fv2%2Fmedia&parent=100087"}],"wp:term":[{"taxonomy":"product_brand","embeddable":true,"href":"https:\/\/test.esluzby.net\/index.php?rest_route=%2Fwp%2Fv2%2Fproduct_brand&post=100087"},{"taxonomy":"product_cat","embeddable":true,"href":"https:\/\/test.esluzby.net\/index.php?rest_route=%2Fwp%2Fv2%2Fproduct_cat&post=100087"},{"taxonomy":"product_tag","embeddable":true,"href":"https:\/\/test.esluzby.net\/index.php?rest_route=%2Fwp%2Fv2%2Fproduct_tag&post=100087"}],"curies":[{"name":"wp","href":"https:\/\/api.w.org\/{rel}","templated":true}]}}