{"id":100460,"date":"2025-06-06T11:10:45","date_gmt":"2025-06-06T09:10:45","guid":{"rendered":"https:\/\/test.esluzby.net\/?post_type=product&#038;p=100460"},"modified":"2026-02-19T10:31:14","modified_gmt":"2026-02-19T09:31:14","slug":"tuplak-parez-lesni-zelena","status":"publish","type":"product","link":"https:\/\/test.esluzby.net\/?product=tuplak-parez-lesni-zelena","title":{"rendered":"Tupl\u00e1k Pa\u0159ez-Lesn\u00ed zelen\u00e1"},"content":{"rendered":"","protected":false},"excerpt":{"rendered":"<p>Tupl\u00e1k je vyroben do vykotlan\u00e9ho pa\u0159ezu kde na povrch se otiskne struktura d\u0159eva. Je origin\u00e1ln\u00ed nikdo na sv\u011bt\u011b nebude m\u00edt toto\u017en\u00fd jeliko\u017e se d\u0159evo rychle vypaluje je pouze p\u00e1r kus\u016f. Video z v\u00fdroby tupl\u00e1ku .(10) Facebook<\/p>\n","protected":false},"featured_media":100461,"comment_status":"closed","ping_status":"closed","template":"","meta":[],"product_brand":[],"product_cat":[113,114,138],"product_tag":[],"class_list":{"0":"post-100460","1":"product","2":"type-product","3":"status-publish","4":"has-post-thumbnail","6":"product_cat-historicke-sklo","7":"product_cat-lesni-sklo","8":"product_cat-skleneny-pullitr","10":"first","11":"instock","12":"shipping-taxable","13":"purchasable","14":"product-type-simple"},"_links":{"self":[{"href":"https:\/\/test.esluzby.net\/index.php?rest_route=\/wp\/v2\/product\/100460","targetHints":{"allow":["GET"]}}],"collection":[{"href":"https:\/\/test.esluzby.net\/index.php?rest_route=\/wp\/v2\/product"}],"about":[{"href":"https:\/\/test.esluzby.net\/index.php?rest_route=\/wp\/v2\/types\/product"}],"replies":[{"embeddable":true,"href":"https:\/\/test.esluzby.net\/index.php?rest_route=%2Fwp%2Fv2%2Fcomments&post=100460"}],"version-history":[{"count":0,"href":"https:\/\/test.esluzby.net\/index.php?rest_route=\/wp\/v2\/product\/100460\/revisions"}],"wp:featuredmedia":[{"embeddable":true,"href":"https:\/\/test.esluzby.net\/index.php?rest_route=\/wp\/v2\/media\/100461"}],"wp:attachment":[{"href":"https:\/\/test.esluzby.net\/index.php?rest_route=%2Fwp%2Fv2%2Fmedia&parent=100460"}],"wp:term":[{"taxonomy":"product_brand","embeddable":true,"href":"https:\/\/test.esluzby.net\/index.php?rest_route=%2Fwp%2Fv2%2Fproduct_brand&post=100460"},{"taxonomy":"product_cat","embeddable":true,"href":"https:\/\/test.esluzby.net\/index.php?rest_route=%2Fwp%2Fv2%2Fproduct_cat&post=100460"},{"taxonomy":"product_tag","embeddable":true,"href":"https:\/\/test.esluzby.net\/index.php?rest_route=%2Fwp%2Fv2%2Fproduct_tag&post=100460"}],"curies":[{"name":"wp","href":"https:\/\/api.w.org\/{rel}","templated":true}]}}