{"id":100487,"date":"2025-06-07T09:10:29","date_gmt":"2025-06-07T07:10:29","guid":{"rendered":"https:\/\/test.esluzby.net\/?post_type=product&#038;p=100487"},"modified":"2026-02-19T10:31:15","modified_gmt":"2026-02-19T09:31:15","slug":"pullitr-kamen-turmalin","status":"publish","type":"product","link":"https:\/\/test.esluzby.net\/?product=pullitr-kamen-turmalin","title":{"rendered":"P\u016fllitr-k\u00e1men turmal\u00edn"},"content":{"rendered":"","protected":false},"excerpt":{"rendered":"<p>P\u016fllitr &#8211; k\u00e1men turmal\u00edn. Znamen\u00ed zv\u011brokruhu : RAK, V\u00c1HY, \u0160T\u00cdR, KOZOROH, RYBY.<\/p>\n","protected":false},"featured_media":100488,"comment_status":"closed","ping_status":"closed","template":"","meta":[],"product_brand":[],"product_cat":[120,138,111],"product_tag":[],"class_list":{"0":"post-100487","1":"product","2":"type-product","3":"status-publish","4":"has-post-thumbnail","6":"product_cat-darky-pro-muze","7":"product_cat-skleneny-pullitr","8":"product_cat-tipy-na-darky","10":"first","11":"instock","12":"shipping-taxable","13":"purchasable","14":"product-type-simple"},"_links":{"self":[{"href":"https:\/\/test.esluzby.net\/index.php?rest_route=\/wp\/v2\/product\/100487","targetHints":{"allow":["GET"]}}],"collection":[{"href":"https:\/\/test.esluzby.net\/index.php?rest_route=\/wp\/v2\/product"}],"about":[{"href":"https:\/\/test.esluzby.net\/index.php?rest_route=\/wp\/v2\/types\/product"}],"replies":[{"embeddable":true,"href":"https:\/\/test.esluzby.net\/index.php?rest_route=%2Fwp%2Fv2%2Fcomments&post=100487"}],"version-history":[{"count":0,"href":"https:\/\/test.esluzby.net\/index.php?rest_route=\/wp\/v2\/product\/100487\/revisions"}],"wp:featuredmedia":[{"embeddable":true,"href":"https:\/\/test.esluzby.net\/index.php?rest_route=\/wp\/v2\/media\/100488"}],"wp:attachment":[{"href":"https:\/\/test.esluzby.net\/index.php?rest_route=%2Fwp%2Fv2%2Fmedia&parent=100487"}],"wp:term":[{"taxonomy":"product_brand","embeddable":true,"href":"https:\/\/test.esluzby.net\/index.php?rest_route=%2Fwp%2Fv2%2Fproduct_brand&post=100487"},{"taxonomy":"product_cat","embeddable":true,"href":"https:\/\/test.esluzby.net\/index.php?rest_route=%2Fwp%2Fv2%2Fproduct_cat&post=100487"},{"taxonomy":"product_tag","embeddable":true,"href":"https:\/\/test.esluzby.net\/index.php?rest_route=%2Fwp%2Fv2%2Fproduct_tag&post=100487"}],"curies":[{"name":"wp","href":"https:\/\/api.w.org\/{rel}","templated":true}]}}