{"id":100491,"date":"2025-06-07T09:16:32","date_gmt":"2025-06-07T07:16:32","guid":{"rendered":"https:\/\/test.esluzby.net\/?post_type=product&#038;p=100491"},"modified":"2026-02-19T10:31:15","modified_gmt":"2026-02-19T09:31:15","slug":"pullitr-kamen-ametrin","status":"publish","type":"product","link":"https:\/\/test.esluzby.net\/?product=pullitr-kamen-ametrin","title":{"rendered":"P\u016fllitr &#8211; k\u00e1men ametr\u00edn"},"content":{"rendered":"","protected":false},"excerpt":{"rendered":"<p>P\u016fllitr \u2013 k\u00e1men ametr\u00edn. Znamen\u00ed zv\u011brokruhu : BERAN, PANNA, ST\u0158ELEC, RYBY, KOZOROH.<\/p>\n","protected":false},"featured_media":100492,"comment_status":"closed","ping_status":"closed","template":"","meta":[],"product_brand":[],"product_cat":[138],"product_tag":[],"class_list":{"0":"post-100491","1":"product","2":"type-product","3":"status-publish","4":"has-post-thumbnail","6":"product_cat-skleneny-pullitr","8":"first","9":"instock","10":"shipping-taxable","11":"purchasable","12":"product-type-simple"},"_links":{"self":[{"href":"https:\/\/test.esluzby.net\/index.php?rest_route=\/wp\/v2\/product\/100491","targetHints":{"allow":["GET"]}}],"collection":[{"href":"https:\/\/test.esluzby.net\/index.php?rest_route=\/wp\/v2\/product"}],"about":[{"href":"https:\/\/test.esluzby.net\/index.php?rest_route=\/wp\/v2\/types\/product"}],"replies":[{"embeddable":true,"href":"https:\/\/test.esluzby.net\/index.php?rest_route=%2Fwp%2Fv2%2Fcomments&post=100491"}],"version-history":[{"count":0,"href":"https:\/\/test.esluzby.net\/index.php?rest_route=\/wp\/v2\/product\/100491\/revisions"}],"wp:featuredmedia":[{"embeddable":true,"href":"https:\/\/test.esluzby.net\/index.php?rest_route=\/wp\/v2\/media\/100492"}],"wp:attachment":[{"href":"https:\/\/test.esluzby.net\/index.php?rest_route=%2Fwp%2Fv2%2Fmedia&parent=100491"}],"wp:term":[{"taxonomy":"product_brand","embeddable":true,"href":"https:\/\/test.esluzby.net\/index.php?rest_route=%2Fwp%2Fv2%2Fproduct_brand&post=100491"},{"taxonomy":"product_cat","embeddable":true,"href":"https:\/\/test.esluzby.net\/index.php?rest_route=%2Fwp%2Fv2%2Fproduct_cat&post=100491"},{"taxonomy":"product_tag","embeddable":true,"href":"https:\/\/test.esluzby.net\/index.php?rest_route=%2Fwp%2Fv2%2Fproduct_tag&post=100491"}],"curies":[{"name":"wp","href":"https:\/\/api.w.org\/{rel}","templated":true}]}}