{"id":100510,"date":"2025-06-07T17:34:06","date_gmt":"2025-06-07T15:34:06","guid":{"rendered":"https:\/\/test.esluzby.net\/?post_type=product&#038;p=100510"},"modified":"2026-02-19T10:31:18","modified_gmt":"2026-02-19T09:31:18","slug":"pullitr-kamen-granat-zeleny","status":"publish","type":"product","link":"https:\/\/test.esluzby.net\/?product=pullitr-kamen-granat-zeleny","title":{"rendered":"P\u016fllitr &#8211; k\u00e1men gran\u00e1t zelen\u00fd"},"content":{"rendered":"","protected":false},"excerpt":{"rendered":"<p>P\u016fllitr \u2013 k\u00e1men gran\u00e1t zelen\u00fd. Znamen\u00ed zv\u011brokruhu : BERAN, LEV, \u0160T\u00cdR, BL\u00cd\u017dENCI.<\/p>\n","protected":false},"featured_media":100511,"comment_status":"closed","ping_status":"closed","template":"","meta":[],"product_brand":[],"product_cat":[138],"product_tag":[],"class_list":{"0":"post-100510","1":"product","2":"type-product","3":"status-publish","4":"has-post-thumbnail","6":"product_cat-skleneny-pullitr","8":"first","9":"instock","10":"shipping-taxable","11":"purchasable","12":"product-type-simple"},"_links":{"self":[{"href":"https:\/\/test.esluzby.net\/index.php?rest_route=\/wp\/v2\/product\/100510","targetHints":{"allow":["GET"]}}],"collection":[{"href":"https:\/\/test.esluzby.net\/index.php?rest_route=\/wp\/v2\/product"}],"about":[{"href":"https:\/\/test.esluzby.net\/index.php?rest_route=\/wp\/v2\/types\/product"}],"replies":[{"embeddable":true,"href":"https:\/\/test.esluzby.net\/index.php?rest_route=%2Fwp%2Fv2%2Fcomments&post=100510"}],"version-history":[{"count":0,"href":"https:\/\/test.esluzby.net\/index.php?rest_route=\/wp\/v2\/product\/100510\/revisions"}],"wp:featuredmedia":[{"embeddable":true,"href":"https:\/\/test.esluzby.net\/index.php?rest_route=\/wp\/v2\/media\/100511"}],"wp:attachment":[{"href":"https:\/\/test.esluzby.net\/index.php?rest_route=%2Fwp%2Fv2%2Fmedia&parent=100510"}],"wp:term":[{"taxonomy":"product_brand","embeddable":true,"href":"https:\/\/test.esluzby.net\/index.php?rest_route=%2Fwp%2Fv2%2Fproduct_brand&post=100510"},{"taxonomy":"product_cat","embeddable":true,"href":"https:\/\/test.esluzby.net\/index.php?rest_route=%2Fwp%2Fv2%2Fproduct_cat&post=100510"},{"taxonomy":"product_tag","embeddable":true,"href":"https:\/\/test.esluzby.net\/index.php?rest_route=%2Fwp%2Fv2%2Fproduct_tag&post=100510"}],"curies":[{"name":"wp","href":"https:\/\/api.w.org\/{rel}","templated":true}]}}