{"id":100615,"date":"2025-06-15T11:16:59","date_gmt":"2025-06-15T09:16:59","guid":{"rendered":"https:\/\/test.esluzby.net\/?post_type=product&#038;p=100615"},"modified":"2026-02-19T10:31:23","modified_gmt":"2026-02-19T09:31:23","slug":"souprava-sklenic-hobnail-ananas-long-61-zdarma","status":"publish","type":"product","link":"https:\/\/test.esluzby.net\/?product=souprava-sklenic-hobnail-ananas-long-61-zdarma","title":{"rendered":"Souprava sklenic Hobnail &#8211; Ananas &#8211; Long 6+1 ZDARMA"},"content":{"rendered":"","protected":false},"excerpt":{"rendered":"<p>Souprava sklenic Long 6 + 1 ZDARMA (v\u00fdb\u011br barev je n\u00e1hodn\u00fd dle dostupn\u00fdch skladov\u00fdch mo\u017enost\u00ed) Kolekce Hobnail &#8211; Ananas je v\u00fdjime\u010dn\u00e1 nejen sv\u00fdm vzhledem, ale i histori\u00ed. Tento dekor se vyr\u00e1b\u011bl ji\u017e od roku 1880 ve skl\u00e1rn\u00e1ch na Teplicku a Novoborsku. V posledn\u00edch letech se stal op\u011bt \u017e\u00e1dan\u00fdm po cel\u00e9 Evrop\u011b. D\u00edky jedine\u010dn\u00e9 technice optiky dok\u00e1\u017ee Hobnail &#8211; Ananas nejen zaujmout sv\u00fdm vzhledem, ale tak\u00e9 udr\u017eet n\u00e1poje v letn\u00edch dnech d\u00e9le chladn\u00e9.Ct\u00edme historii, z\u00e1rove\u0148 se sna\u017e\u00edme o roz\u0161\u00ed\u0159en\u00ed sortimentu s pou\u017eit\u00edm tohoto dekoru. Najdete u n\u00e1s nejr\u016fzn\u011bj\u0161\u00ed sklenice, v\u00e1zy \u010di m\u00edsy, kter\u00e9 se v historii t\u00e9m\u011b\u0159 nevyr\u00e1b\u011bly.Sklenice Long je vhodn\u00e1 nejen pro letn\u00ed drinky. Ocen\u00edte ji zejm\u00e9na ve v\u011bt\u0161\u00edch rodin\u00e1ch nebo mezi p\u0159\u00e1teli, kdy m\u00e1 ka\u017ed\u00fd svou barvu a odpadnou tak dohady, \u010d\u00ed je kter\u00e1 sklenice \ud83d\ude42 Sadu je mo\u017en\u00e9 za p\u0159\u00edplatek d\u00e1rkov\u011b zabalit. Preferovan\u00e9 barvy napi\u0161te pros\u00edm do pozn\u00e1mky v objedn\u00e1vce, pokud budou skladem, budeme se sna\u017eit V\u00e1m vyhov\u011bt.<\/p>\n","protected":false},"featured_media":100616,"comment_status":"closed","ping_status":"closed","template":"","meta":[],"product_brand":[],"product_cat":[142,117,140,111],"product_tag":[],"class_list":{"0":"post-100615","1":"product","2":"type-product","3":"status-publish","4":"has-post-thumbnail","6":"product_cat-hobnail-ananas","7":"product_cat-kolekce","8":"product_cat-sklenice","9":"product_cat-tipy-na-darky","11":"first","12":"instock","13":"sale","14":"shipping-taxable","15":"purchasable","16":"product-type-simple"},"_links":{"self":[{"href":"https:\/\/test.esluzby.net\/index.php?rest_route=\/wp\/v2\/product\/100615","targetHints":{"allow":["GET"]}}],"collection":[{"href":"https:\/\/test.esluzby.net\/index.php?rest_route=\/wp\/v2\/product"}],"about":[{"href":"https:\/\/test.esluzby.net\/index.php?rest_route=\/wp\/v2\/types\/product"}],"replies":[{"embeddable":true,"href":"https:\/\/test.esluzby.net\/index.php?rest_route=%2Fwp%2Fv2%2Fcomments&post=100615"}],"version-history":[{"count":0,"href":"https:\/\/test.esluzby.net\/index.php?rest_route=\/wp\/v2\/product\/100615\/revisions"}],"wp:featuredmedia":[{"embeddable":true,"href":"https:\/\/test.esluzby.net\/index.php?rest_route=\/wp\/v2\/media\/100616"}],"wp:attachment":[{"href":"https:\/\/test.esluzby.net\/index.php?rest_route=%2Fwp%2Fv2%2Fmedia&parent=100615"}],"wp:term":[{"taxonomy":"product_brand","embeddable":true,"href":"https:\/\/test.esluzby.net\/index.php?rest_route=%2Fwp%2Fv2%2Fproduct_brand&post=100615"},{"taxonomy":"product_cat","embeddable":true,"href":"https:\/\/test.esluzby.net\/index.php?rest_route=%2Fwp%2Fv2%2Fproduct_cat&post=100615"},{"taxonomy":"product_tag","embeddable":true,"href":"https:\/\/test.esluzby.net\/index.php?rest_route=%2Fwp%2Fv2%2Fproduct_tag&post=100615"}],"curies":[{"name":"wp","href":"https:\/\/api.w.org\/{rel}","templated":true}]}}