{"id":101360,"date":"2025-07-23T17:04:57","date_gmt":"2025-07-23T15:04:57","guid":{"rendered":"https:\/\/test.esluzby.net\/?post_type=product&#038;p=101360"},"modified":"2026-02-19T10:31:58","modified_gmt":"2026-02-19T09:31:58","slug":"vaza-krakle-uranova-zlut-25cm","status":"publish","type":"product","link":"https:\/\/test.esluzby.net\/?product=vaza-krakle-uranova-zlut-25cm","title":{"rendered":"V\u00e1za 25cm &#8211; Krakle &#8211; uranov\u00e1 \u017elu\u0165"},"content":{"rendered":"<p>Kolekce Krakle je v\u00fdjime\u010dn\u00e1 nejen sv\u00fdm vzhledem, ale i histori\u00ed.\u00a0 Pro jej\u00ed tvorbu se vyu\u017e\u00edvaj\u00ed optick\u00e9 formy, kter\u00e9 se pou\u017e\u00edvaly ji\u017e od po\u010d\u00e1tku skl\u00e1\u0159stv\u00ed v \u010desk\u00fdch zem\u00edch. Ty se postupn\u011b zdokonalovaly a p\u0159izp\u016fsobovaly st\u00e1le slo\u017eit\u011bj\u0161\u00edm dekor\u016fm.<\/p>\n<p>Kraklov\u00e1n\u00ed skla je velmi star\u00e1 technika, kter\u00e1 sah\u00e1 a\u017e do starov\u011bku, i kdy\u017e jej\u00ed popularita kol\u00edsala podle obdob\u00ed a regionu. Dnes je ale toto sklo velmi obl\u00edben\u00e9.<\/p>\n<p>Barva se naz\u00fdv\u00e1 uranov\u00e1 \u017elu\u0165 a nejv\u011bt\u0161\u00ed zaj\u00edmavost\u00ed tohoto skla je, \u017ee pod UV sv\u011btlem z\u00e1\u0159\u00ed a zm\u011bn\u00ed barvu.<\/p>\n<p>Elegantn\u00ed v\u00e1za z kolekce Krakle v sob\u011b spojuje tradi\u010dn\u00ed \u0159emeslo, poctivou ru\u010dn\u00ed pr\u00e1ci na\u0161ich skl\u00e1\u0159\u016f a modern\u00ed styl. Zaz\u00e1\u0159\u00ed jako dekorace nejen na Va\u0161em stole. Propojuje eleganci s histori\u00ed. V\u00e1za Krakle je symbolem jemnosti a nad\u010dasov\u00e9ho designu.<\/p>\n","protected":false},"excerpt":{"rendered":"<p>V dekoru Krakle vyr\u00e1b\u00edme produkty od d\u017eb\u00e1n\u016f, p\u0159es r\u016fzn\u00e9 misky a skleni\u010dky, a\u017e po petrolejov\u00e9 lampy. Tento dekor\u00a0oslov\u00ed v\u0161echny, kte\u0159\u00ed si cen\u00ed kr\u00e1sy a originality skla.<\/p>\n","protected":false},"featured_media":101361,"comment_status":"closed","ping_status":"closed","template":"","meta":[],"product_brand":[],"product_cat":[147,115,111],"product_tag":[],"class_list":{"0":"post-101360","1":"product","2":"type-product","3":"status-publish","4":"has-post-thumbnail","6":"product_cat-sklenene-vazy","7":"product_cat-stolni-sklo","8":"product_cat-tipy-na-darky","10":"first","11":"instock","12":"sale","13":"shipping-taxable","14":"purchasable","15":"product-type-simple"},"_links":{"self":[{"href":"https:\/\/test.esluzby.net\/index.php?rest_route=\/wp\/v2\/product\/101360","targetHints":{"allow":["GET"]}}],"collection":[{"href":"https:\/\/test.esluzby.net\/index.php?rest_route=\/wp\/v2\/product"}],"about":[{"href":"https:\/\/test.esluzby.net\/index.php?rest_route=\/wp\/v2\/types\/product"}],"replies":[{"embeddable":true,"href":"https:\/\/test.esluzby.net\/index.php?rest_route=%2Fwp%2Fv2%2Fcomments&post=101360"}],"version-history":[{"count":0,"href":"https:\/\/test.esluzby.net\/index.php?rest_route=\/wp\/v2\/product\/101360\/revisions"}],"wp:featuredmedia":[{"embeddable":true,"href":"https:\/\/test.esluzby.net\/index.php?rest_route=\/wp\/v2\/media\/101361"}],"wp:attachment":[{"href":"https:\/\/test.esluzby.net\/index.php?rest_route=%2Fwp%2Fv2%2Fmedia&parent=101360"}],"wp:term":[{"taxonomy":"product_brand","embeddable":true,"href":"https:\/\/test.esluzby.net\/index.php?rest_route=%2Fwp%2Fv2%2Fproduct_brand&post=101360"},{"taxonomy":"product_cat","embeddable":true,"href":"https:\/\/test.esluzby.net\/index.php?rest_route=%2Fwp%2Fv2%2Fproduct_cat&post=101360"},{"taxonomy":"product_tag","embeddable":true,"href":"https:\/\/test.esluzby.net\/index.php?rest_route=%2Fwp%2Fv2%2Fproduct_tag&post=101360"}],"curies":[{"name":"wp","href":"https:\/\/api.w.org\/{rel}","templated":true}]}}