{"id":101380,"date":"2025-07-23T17:47:18","date_gmt":"2025-07-23T15:47:18","guid":{"rendered":"https:\/\/test.esluzby.net\/?post_type=product&#038;p=101380"},"modified":"2026-02-19T10:32:01","modified_gmt":"2026-02-19T09:32:01","slug":"vaza-karo-uranova-zlut-25cm","status":"publish","type":"product","link":"https:\/\/test.esluzby.net\/?product=vaza-karo-uranova-zlut-25cm","title":{"rendered":"V\u00e1za 25cm &#8211; Karo &#8211; uranov\u00e1 \u017elu\u0165"},"content":{"rendered":"<p align=\"left\">Kolekce K\u00e1ro \u2013 vynik\u00e1 nejen sv\u00fdm jedine\u010dn\u00fdm vzhledem, ale i bohatou histori\u00ed. Pro jej\u00ed v\u00fdrobu se vyu\u017e\u00edvaj\u00ed optick\u00e9 formy, kter\u00e9 sahaj\u00ed a\u017e k samotn\u00fdm po\u010d\u00e1tk\u016fm skl\u00e1\u0159stv\u00ed v \u010desk\u00fdch zem\u00edch. Tyto techniky se v pr\u016fb\u011bhu stalet\u00ed neust\u00e1le zdokonalovaly a p\u0159izp\u016fsobovaly st\u00e1le n\u00e1ro\u010dn\u011bj\u0161\u00edm dekor\u016fm.<\/p>\n<p>Jedn\u00edm z tradi\u010dn\u00edch vzor\u016f, kter\u00fd se zachoval a\u017e dodnes, je pr\u00e1v\u011b dekor K\u00e1ro. Jeho nad\u010dasov\u00fd geometrick\u00fd motiv dod\u00e1v\u00e1 ka\u017ed\u00e9mu kousku noblesu.<\/p>\n<p>Tato barva se naz\u00fdv\u00e1 uranov\u00e1 \u017elu\u0165 a nejv\u011bt\u0161\u00ed zaj\u00edmavost\u00ed tohoto skla je fluorescence, tzn.\u017ee pod UV sv\u011btlem zm\u011bn\u00ed barvu a doslova magicky z\u00e1\u0159\u00ed.<\/p>\n<p>Elegantn\u00ed v\u00e1za z kolekce K\u00e1ro v sob\u011b spojuje tradi\u010dn\u00ed \u0159emeslo, poctivou ru\u010dn\u00ed pr\u00e1ci na\u0161ich skl\u00e1\u0159\u016f a modern\u00ed styl.\u00a0V\u00e1zy m\u016f\u017eete pou\u017e\u00edt pro aran\u017em\u00e1 z \u010derstv\u00fdch i su\u0161en\u00fdch kv\u011btin. V\u00e1zy K\u00e1ro to jsou jemn\u00e9 linie a styl, kter\u00fd nepodl\u00e9h\u00e1 trend\u016fm.<\/p>\n","protected":false},"excerpt":{"rendered":"<p>V kolekci K\u00e1ro u n\u00e1s najdete tak\u00e9 nejr\u016fzn\u011bj\u0161\u00ed sklenice, d\u017eb\u00e1ny, m\u00edsy \u010di petrolejov\u00e9 lampy. A\u0165 u\u017e hled\u00e1te v\u00fdjime\u010dnou dekoraci do sv\u00e9ho \u00fatuln\u00e9ho domova nebo origin\u00e1ln\u00ed d\u00e1rek pro sv\u00e9 bl\u00edzk\u00e9, kolekce K\u00e1ro je volbou, kter\u00e1 nikdy nezklame.<\/p>\n","protected":false},"featured_media":101381,"comment_status":"closed","ping_status":"closed","template":"","meta":[],"product_brand":[],"product_cat":[121,109,143,117,147,111],"product_tag":[],"class_list":{"0":"post-101380","1":"product","2":"type-product","3":"status-publish","4":"has-post-thumbnail","6":"product_cat-darky-pro-zeny","7":"product_cat-dekoracni-sklo","8":"product_cat-karo","9":"product_cat-kolekce","10":"product_cat-sklenene-vazy","11":"product_cat-tipy-na-darky","13":"first","14":"instock","15":"sale","16":"shipping-taxable","17":"purchasable","18":"product-type-simple"},"_links":{"self":[{"href":"https:\/\/test.esluzby.net\/index.php?rest_route=\/wp\/v2\/product\/101380","targetHints":{"allow":["GET"]}}],"collection":[{"href":"https:\/\/test.esluzby.net\/index.php?rest_route=\/wp\/v2\/product"}],"about":[{"href":"https:\/\/test.esluzby.net\/index.php?rest_route=\/wp\/v2\/types\/product"}],"replies":[{"embeddable":true,"href":"https:\/\/test.esluzby.net\/index.php?rest_route=%2Fwp%2Fv2%2Fcomments&post=101380"}],"version-history":[{"count":0,"href":"https:\/\/test.esluzby.net\/index.php?rest_route=\/wp\/v2\/product\/101380\/revisions"}],"wp:featuredmedia":[{"embeddable":true,"href":"https:\/\/test.esluzby.net\/index.php?rest_route=\/wp\/v2\/media\/101381"}],"wp:attachment":[{"href":"https:\/\/test.esluzby.net\/index.php?rest_route=%2Fwp%2Fv2%2Fmedia&parent=101380"}],"wp:term":[{"taxonomy":"product_brand","embeddable":true,"href":"https:\/\/test.esluzby.net\/index.php?rest_route=%2Fwp%2Fv2%2Fproduct_brand&post=101380"},{"taxonomy":"product_cat","embeddable":true,"href":"https:\/\/test.esluzby.net\/index.php?rest_route=%2Fwp%2Fv2%2Fproduct_cat&post=101380"},{"taxonomy":"product_tag","embeddable":true,"href":"https:\/\/test.esluzby.net\/index.php?rest_route=%2Fwp%2Fv2%2Fproduct_tag&post=101380"}],"curies":[{"name":"wp","href":"https:\/\/api.w.org\/{rel}","templated":true}]}}