{"id":115370,"date":"2025-10-14T19:13:23","date_gmt":"2025-10-14T17:13:23","guid":{"rendered":"https:\/\/test.esluzby.net\/?post_type=product&#038;p=115370"},"modified":"2026-02-19T10:32:45","modified_gmt":"2026-02-19T09:32:45","slug":"dekantni-karafa-s-nalepy-bambus-lesni-zelena","status":"publish","type":"product","link":"https:\/\/test.esluzby.net\/?product=dekantni-karafa-s-nalepy-bambus-lesni-zelena","title":{"rendered":"Dekant\u00e9r &#8211; karafa s n\u00e1lepy 0,75l \u2013 Bambus \u2013 lesn\u00ed zelen\u00e1"},"content":{"rendered":"<div class=\"wd-single-short-desc wd-wpb wd-rs-6213c8397007a text-left\">\n<div class=\"woocommerce-product-details__short-description\">\n<p>Dekor \u201eBambus\u201c nen\u00ed m\u00f3dn\u00ed novinka, ale historick\u00fd vzor optick\u00e9ho skla, kter\u00fd se v \u010desk\u00fdch hut\u00edch pou\u017e\u00edv\u00e1 u\u017e po stalet\u00ed. Vznikl jako sou\u010d\u00e1st tradice reli\u00e9fn\u00edch forem, roz\u0161\u00ed\u0159il se v 19. stolet\u00ed a d\u00edky sv\u00e9 nad\u010dasov\u00e9 estetice se udr\u017eel a\u017e do dne\u0161n\u00edch dn\u016f.<\/p>\n<p>Dekor tvo\u0159\u00ed vertik\u00e1ln\u00ed nebo m\u00edrn\u011b zvln\u011bn\u00e9 linie, kter\u00e9 evokuj\u00ed strukturu bambusu a d\u00edky lomu sv\u011btla na t\u011bchto vertik\u00e1ln\u00edch \u017eebrech p\u016fsob\u00ed sklo \u017eiv\u011b a plasticky.<\/p>\n<p>Sklen\u011bn\u00e9 historizuj\u00edc\u00ed poh\u00e1ry (Roemer \u2013 \u0158\u00edman), \u010d\u00ed\u0161e, odlivky, zdoben\u00e9 n\u00e1lepy, na v\u00edno, vodu, sklenice \u2013 jedn\u00e1 se o typickou ru\u010dn\u00ed v\u00fdrobu \u010desk\u00e9ho skla foukan\u00e9ho v na\u0161em glass studiu. Sklo sodno-draseln\u00e9, m\u00e1 velk\u00fd lesk a kr\u00e1sn\u00fd zvuk. \u010cesk\u00e9 sklo je ve sv\u011bt\u011b zn\u00e1me jako Bohemia glass.<\/p>\n<p>Karafa z kolekce Bambus spojuje \u010distotu p\u0159\u00edrodn\u00edho motivu s nad\u010dasovou eleganc\u00ed \u010desk\u00e9ho skla. Pou\u017e\u00edt ji m\u016f\u017eete na v\u00edno \u010di dom\u00e1c\u00ed limon\u00e1dy. M\u016f\u017ee slou\u017eit i jako v\u00e1za na kv\u011btiny nebo samostatn\u00e1 dekorace. Bude tak\u00e9 skv\u011bl\u00fdm d\u00e1rkem k narozenin\u00e1m nebo svatb\u011b. Pro ty, kte\u0159\u00ed cht\u011bj\u00ed m\u00edt na stole n\u011bco kr\u00e1sn\u00e9ho a funk\u010dn\u00edho z\u00e1rove\u0148.<\/p>\n<\/div>\n<\/div>\n","protected":false},"excerpt":{"rendered":"<p>Karafa je vyrobena ru\u010dn\u00ed technikou fouk\u00e1n\u00ed do d\u0159ev\u011bn\u00e9 formy zdoben\u00e1 optick\u00fdm efektem a n\u00e1lepy skla. Je vhodn\u00fdm dopl\u0148kem na slavnostn\u00ed st\u016fl, ale i k b\u011b\u017en\u00e9mu pou\u017eit\u00ed. V kolekci Bambus u n\u00e1s najdete tak\u00e9 d\u017eb\u00e1ny a nejr\u016fzn\u011bj\u0161\u00ed sklenice, m\u00edsy, v\u00e1zy \u010di petrolejov\u00e9 lampy. Kolekce Bambus je nad\u010dasov\u00e1, decentn\u00ed a p\u0159itom v\u00fdrazn\u00e1. Skv\u011ble lad\u00ed s p\u0159\u00edrodn\u00edmi materi\u00e1ly i modern\u00edm designem.<\/p>\n","protected":false},"featured_media":115371,"comment_status":"closed","ping_status":"closed","template":"","meta":[],"product_brand":[],"product_cat":[122,113,123,114],"product_tag":[],"class_list":{"0":"post-115370","1":"product","2":"type-product","3":"status-publish","4":"has-post-thumbnail","6":"product_cat-bambus","7":"product_cat-historicke-sklo","8":"product_cat-lahve-a-karafy","9":"product_cat-lesni-sklo","11":"first","12":"instock","13":"shipping-taxable","14":"purchasable","15":"product-type-simple"},"_links":{"self":[{"href":"https:\/\/test.esluzby.net\/index.php?rest_route=\/wp\/v2\/product\/115370","targetHints":{"allow":["GET"]}}],"collection":[{"href":"https:\/\/test.esluzby.net\/index.php?rest_route=\/wp\/v2\/product"}],"about":[{"href":"https:\/\/test.esluzby.net\/index.php?rest_route=\/wp\/v2\/types\/product"}],"replies":[{"embeddable":true,"href":"https:\/\/test.esluzby.net\/index.php?rest_route=%2Fwp%2Fv2%2Fcomments&post=115370"}],"version-history":[{"count":0,"href":"https:\/\/test.esluzby.net\/index.php?rest_route=\/wp\/v2\/product\/115370\/revisions"}],"wp:featuredmedia":[{"embeddable":true,"href":"https:\/\/test.esluzby.net\/index.php?rest_route=\/wp\/v2\/media\/115371"}],"wp:attachment":[{"href":"https:\/\/test.esluzby.net\/index.php?rest_route=%2Fwp%2Fv2%2Fmedia&parent=115370"}],"wp:term":[{"taxonomy":"product_brand","embeddable":true,"href":"https:\/\/test.esluzby.net\/index.php?rest_route=%2Fwp%2Fv2%2Fproduct_brand&post=115370"},{"taxonomy":"product_cat","embeddable":true,"href":"https:\/\/test.esluzby.net\/index.php?rest_route=%2Fwp%2Fv2%2Fproduct_cat&post=115370"},{"taxonomy":"product_tag","embeddable":true,"href":"https:\/\/test.esluzby.net\/index.php?rest_route=%2Fwp%2Fv2%2Fproduct_tag&post=115370"}],"curies":[{"name":"wp","href":"https:\/\/api.w.org\/{rel}","templated":true}]}}