{"id":115712,"date":"2025-10-24T08:32:08","date_gmt":"2025-10-24T06:32:08","guid":{"rendered":"https:\/\/test.esluzby.net\/?post_type=product&#038;p=115712"},"modified":"2026-02-19T10:32:47","modified_gmt":"2026-02-19T09:32:47","slug":"sklenena-dyne-oranzova-prumer-cca-15cm","status":"publish","type":"product","link":"https:\/\/test.esluzby.net\/?product=sklenena-dyne-oranzova-prumer-cca-15cm","title":{"rendered":"Sklen\u011bn\u00e1 d\u00fdn\u011b oran\u017eov\u00e1 pr\u016fm\u011br cca 15cm"},"content":{"rendered":"","protected":false},"excerpt":{"rendered":"<p>Sklen\u011bn\u00e1 dekorace na st\u016fl i do zahrady. Ru\u010dn\u011b vyr\u00e1b\u011bn\u00e1 d\u00fdn\u011b. Ka\u017ed\u00fd kus je origin\u00e1l. Cena za 1 kus.<\/p>\n","protected":false},"featured_media":115713,"comment_status":"closed","ping_status":"closed","template":"","meta":[],"product_brand":[],"product_cat":[109,111,149],"product_tag":[174,175,162,176,216,177,178],"class_list":{"0":"post-115712","1":"product","2":"type-product","3":"status-publish","4":"has-post-thumbnail","6":"product_cat-dekoracni-sklo","7":"product_cat-tipy-na-darky","8":"product_cat-zahradni-sklo","9":"product_tag-dekorace-dyne","10":"product_tag-dyne-15-cm","11":"product_tag-halloween","12":"product_tag-podzimni-dekorace","13":"product_tag-pumpkin","14":"product_tag-sklenena-dekorace","15":"product_tag-sklenena-dyne","17":"first","18":"instock","19":"sale","20":"shipping-taxable","21":"purchasable","22":"product-type-simple"},"_links":{"self":[{"href":"https:\/\/test.esluzby.net\/index.php?rest_route=\/wp\/v2\/product\/115712","targetHints":{"allow":["GET"]}}],"collection":[{"href":"https:\/\/test.esluzby.net\/index.php?rest_route=\/wp\/v2\/product"}],"about":[{"href":"https:\/\/test.esluzby.net\/index.php?rest_route=\/wp\/v2\/types\/product"}],"replies":[{"embeddable":true,"href":"https:\/\/test.esluzby.net\/index.php?rest_route=%2Fwp%2Fv2%2Fcomments&post=115712"}],"version-history":[{"count":0,"href":"https:\/\/test.esluzby.net\/index.php?rest_route=\/wp\/v2\/product\/115712\/revisions"}],"wp:featuredmedia":[{"embeddable":true,"href":"https:\/\/test.esluzby.net\/index.php?rest_route=\/wp\/v2\/media\/115713"}],"wp:attachment":[{"href":"https:\/\/test.esluzby.net\/index.php?rest_route=%2Fwp%2Fv2%2Fmedia&parent=115712"}],"wp:term":[{"taxonomy":"product_brand","embeddable":true,"href":"https:\/\/test.esluzby.net\/index.php?rest_route=%2Fwp%2Fv2%2Fproduct_brand&post=115712"},{"taxonomy":"product_cat","embeddable":true,"href":"https:\/\/test.esluzby.net\/index.php?rest_route=%2Fwp%2Fv2%2Fproduct_cat&post=115712"},{"taxonomy":"product_tag","embeddable":true,"href":"https:\/\/test.esluzby.net\/index.php?rest_route=%2Fwp%2Fv2%2Fproduct_tag&post=115712"}],"curies":[{"name":"wp","href":"https:\/\/api.w.org\/{rel}","templated":true}]}}