{"id":116251,"date":"2025-11-06T21:10:08","date_gmt":"2025-11-06T20:10:08","guid":{"rendered":"https:\/\/test.esluzby.net\/?post_type=product&#038;p=116251"},"modified":"2026-02-19T10:32:55","modified_gmt":"2026-02-19T09:32:55","slug":"sklenena-tretinka-s-cinovym-zdobenim-bambus","status":"publish","type":"product","link":"https:\/\/test.esluzby.net\/?product=sklenena-tretinka-s-cinovym-zdobenim-bambus","title":{"rendered":"Sklen\u011bn\u00e1 t\u0159etinka 0,3l &#8211; Bambus &#8211; s c\u00ednov\u00fdm zdoben\u00edm &#8211; lesn\u00ed zelen\u00e1"},"content":{"rendered":"<p>C\u00edna\u0159stv\u00ed &#8211; pas\u00ed\u0159stv\u00ed je odl\u00e9v\u00e1n\u00ed dobov\u00fdch replik dle origin\u00e1lu, kter\u00e9 tvo\u0159\u00ed se sklem kr\u00e1sn\u00e9 kombinace.<\/p>\n<p>Vyr\u00e1b\u00edme v\u011brn\u00e9 repliky c\u00ednov\u00fdch p\u0159edm\u011bt\u016f, se kter\u00fdmi kombinujeme na\u0161e sklen\u011bn\u00e9 v\u00fdrobky- karafy, poh\u00e1ry, p\u016fllitry, d\u017eb\u00e1ny, zvonky, sklenice, m\u00edsy, petrolejov\u00e9 lampy. V\u0161e je ru\u010dn\u00ed pr\u00e1ce.<\/p>\n<p>Jedn\u00e1 se o sklo sodno-draseln\u00e9, kter\u00e9 se vyzna\u010duje velk\u00fdm leskem a kr\u00e1sn\u00fdm zvukem. Produkty zdoben\u00e9 c\u00ednem nedoporu\u010dujeme d\u00e1vat do my\u010dky na n\u00e1dob\u00ed.<\/p>\n","protected":false},"excerpt":{"rendered":"<p>V kolekci Bambus u n\u00e1s najdete tak\u00e9 d\u017eb\u00e1ny a nejr\u016fzn\u011bj\u0161\u00ed sklenice, m\u00edsy \u010di petrolejov\u00e9 lampy. Kolekce Bambus je nad\u010dasov\u00e1, decentn\u00ed a p\u0159itom v\u00fdrazn\u00e1. Skv\u011ble lad\u00ed s p\u0159\u00edrodn\u00edmi materi\u00e1ly i modern\u00edm designem.<\/p>\n","protected":false},"featured_media":116252,"comment_status":"closed","ping_status":"closed","template":"","meta":[],"product_brand":[],"product_cat":[122,113,114,139],"product_tag":[],"class_list":{"0":"post-116251","1":"product","2":"type-product","3":"status-publish","4":"has-post-thumbnail","6":"product_cat-bambus","7":"product_cat-historicke-sklo","8":"product_cat-lesni-sklo","9":"product_cat-sklenice-zdobene-cinem","11":"first","12":"instock","13":"shipping-taxable","14":"purchasable","15":"product-type-simple"},"_links":{"self":[{"href":"https:\/\/test.esluzby.net\/index.php?rest_route=\/wp\/v2\/product\/116251","targetHints":{"allow":["GET"]}}],"collection":[{"href":"https:\/\/test.esluzby.net\/index.php?rest_route=\/wp\/v2\/product"}],"about":[{"href":"https:\/\/test.esluzby.net\/index.php?rest_route=\/wp\/v2\/types\/product"}],"replies":[{"embeddable":true,"href":"https:\/\/test.esluzby.net\/index.php?rest_route=%2Fwp%2Fv2%2Fcomments&post=116251"}],"version-history":[{"count":0,"href":"https:\/\/test.esluzby.net\/index.php?rest_route=\/wp\/v2\/product\/116251\/revisions"}],"wp:featuredmedia":[{"embeddable":true,"href":"https:\/\/test.esluzby.net\/index.php?rest_route=\/wp\/v2\/media\/116252"}],"wp:attachment":[{"href":"https:\/\/test.esluzby.net\/index.php?rest_route=%2Fwp%2Fv2%2Fmedia&parent=116251"}],"wp:term":[{"taxonomy":"product_brand","embeddable":true,"href":"https:\/\/test.esluzby.net\/index.php?rest_route=%2Fwp%2Fv2%2Fproduct_brand&post=116251"},{"taxonomy":"product_cat","embeddable":true,"href":"https:\/\/test.esluzby.net\/index.php?rest_route=%2Fwp%2Fv2%2Fproduct_cat&post=116251"},{"taxonomy":"product_tag","embeddable":true,"href":"https:\/\/test.esluzby.net\/index.php?rest_route=%2Fwp%2Fv2%2Fproduct_tag&post=116251"}],"curies":[{"name":"wp","href":"https:\/\/api.w.org\/{rel}","templated":true}]}}