{"id":116615,"date":"2025-11-16T18:59:41","date_gmt":"2025-11-16T17:59:41","guid":{"rendered":"https:\/\/test.esluzby.net\/?post_type=product&#038;p=116615"},"modified":"2026-02-19T10:32:55","modified_gmt":"2026-02-19T09:32:55","slug":"skleneny-andel-zvonek-17cm","status":"publish","type":"product","link":"https:\/\/test.esluzby.net\/?product=skleneny-andel-zvonek-17cm","title":{"rendered":"Sklen\u011bn\u00fd And\u011bl zvonek &#8211; 17cm"},"content":{"rendered":"","protected":false},"excerpt":{"rendered":"<p>Sklen\u011bn\u00fd and\u011bl \u2013 zvonek, optick\u00e1 dekorace z \u010dir\u00e9ho skla, kter\u00e1 p\u0159i zazvon\u011bn\u00ed vyd\u00e1v\u00e1 p\u0159\u00edjemn\u00fd, \u010dist\u00fd t\u00f3n.\u201c<\/p>\n","protected":false},"featured_media":116616,"comment_status":"closed","ping_status":"closed","template":"","meta":[],"product_brand":[],"product_cat":[148,111,125],"product_tag":[],"class_list":{"0":"post-116615","1":"product","2":"type-product","3":"status-publish","4":"has-post-thumbnail","6":"product_cat-sklenene-zvonky","7":"product_cat-tipy-na-darky","8":"product_cat-vanocni-darky","10":"first","11":"instock","12":"sale","13":"shipping-taxable","14":"purchasable","15":"product-type-simple"},"_links":{"self":[{"href":"https:\/\/test.esluzby.net\/index.php?rest_route=\/wp\/v2\/product\/116615","targetHints":{"allow":["GET"]}}],"collection":[{"href":"https:\/\/test.esluzby.net\/index.php?rest_route=\/wp\/v2\/product"}],"about":[{"href":"https:\/\/test.esluzby.net\/index.php?rest_route=\/wp\/v2\/types\/product"}],"replies":[{"embeddable":true,"href":"https:\/\/test.esluzby.net\/index.php?rest_route=%2Fwp%2Fv2%2Fcomments&post=116615"}],"version-history":[{"count":0,"href":"https:\/\/test.esluzby.net\/index.php?rest_route=\/wp\/v2\/product\/116615\/revisions"}],"wp:featuredmedia":[{"embeddable":true,"href":"https:\/\/test.esluzby.net\/index.php?rest_route=\/wp\/v2\/media\/116616"}],"wp:attachment":[{"href":"https:\/\/test.esluzby.net\/index.php?rest_route=%2Fwp%2Fv2%2Fmedia&parent=116615"}],"wp:term":[{"taxonomy":"product_brand","embeddable":true,"href":"https:\/\/test.esluzby.net\/index.php?rest_route=%2Fwp%2Fv2%2Fproduct_brand&post=116615"},{"taxonomy":"product_cat","embeddable":true,"href":"https:\/\/test.esluzby.net\/index.php?rest_route=%2Fwp%2Fv2%2Fproduct_cat&post=116615"},{"taxonomy":"product_tag","embeddable":true,"href":"https:\/\/test.esluzby.net\/index.php?rest_route=%2Fwp%2Fv2%2Fproduct_tag&post=116615"}],"curies":[{"name":"wp","href":"https:\/\/api.w.org\/{rel}","templated":true}]}}