{"id":117010,"date":"2025-11-23T11:16:55","date_gmt":"2025-11-23T10:16:55","guid":{"rendered":"https:\/\/test.esluzby.net\/?post_type=product&#038;p=117010"},"modified":"2026-02-19T10:33:00","modified_gmt":"2026-02-19T09:33:00","slug":"napojova-souprava-ananas-hobnail-14-akvamarin","status":"publish","type":"product","link":"https:\/\/test.esluzby.net\/?product=napojova-souprava-ananas-hobnail-14-akvamarin","title":{"rendered":"N\u00e1pojov\u00e1 souprava Ananas Hobnail 1+4 &#8211; akvamar\u00edn"},"content":{"rendered":"<p>Kolekce Hobnail \u2013 d\u0159\u00edve v \u010cech\u00e1ch zn\u00e1m\u00e1 jako Ananas \u2013 je v\u00fdjime\u010dn\u00e1 nejen sv\u00fdm osobit\u00fdm vzhledem, ale i bohatou histori\u00ed. Tento dekor se vyr\u00e1b\u011bl ji\u017e kolem roku 1880 ve skl\u00e1rn\u00e1ch na Teplicku a Novoborsku. V posledn\u00edch letech se stal op\u011bt \u017e\u00e1dan\u00fdm po cel\u00e9m sv\u011bt\u011b.<\/p>\n<p>D\u00edky jedine\u010dn\u00e9 technice optiky dok\u00e1\u017ee Hobnail \u2013 Ananas nejen zaujmout sv\u00fdm vzhledem, ale tak\u00e9 udr\u017eet n\u00e1poje v letn\u00edch dnech d\u00e9le chladn\u00e9.<\/p>\n<p>Ct\u00edme historii, z\u00e1rove\u0148 se sna\u017e\u00edme o roz\u0161\u00ed\u0159en\u00ed sortimentu s pou\u017eit\u00edm tohoto dekoru. V dochovan\u00fdch archivech jsou v tomto dekoru zmi\u0148ovan\u00e9 pouze d\u017eb\u00e1ny.<\/p>\n<p>N\u00e1pojov\u00fd set si zamilujete, bude se skv\u011ble vyj\u00edmat na Va\u0161em stole p\u0159i rodinn\u00fdch oslav\u00e1ch, p\u0159\u00edjemn\u00e9m posezen\u00ed s p\u0159\u00e1teli, ale i p\u0159i obchodn\u00edch sch\u016fzk\u00e1ch. V nab\u00eddce d\u017eb\u00e1n\u016f a sklenic z kolekce Hobnail si m\u016f\u017eete vybrat i z mnoha dal\u0161\u00edch barev.<\/p>\n<p>Souprava 1 d\u017eb\u00e1n\u00a0 4 sklenic<\/p>\n","protected":false},"excerpt":{"rendered":"<p>V kolekci Hobnail u n\u00e1s najdete tak\u00e9 nejr\u016fzn\u011bj\u0161\u00ed sklenice, v\u00e1zy \u010di m\u00edsy, kter\u00e9 se v historii t\u00e9m\u011b\u0159 nevyr\u00e1b\u011bly.<\/p>\n","protected":false},"featured_media":117011,"comment_status":"closed","ping_status":"closed","template":"","meta":[],"product_brand":[],"product_cat":[142,117,119,145,140],"product_tag":[],"class_list":{"0":"post-117010","1":"product","2":"type-product","3":"status-publish","4":"has-post-thumbnail","6":"product_cat-hobnail-ananas","7":"product_cat-kolekce","8":"product_cat-sklenene-dzbany","9":"product_cat-sklenene-soupravy","10":"product_cat-sklenice","12":"first","13":"instock","14":"sale","15":"shipping-taxable","16":"purchasable","17":"product-type-simple"},"_links":{"self":[{"href":"https:\/\/test.esluzby.net\/index.php?rest_route=\/wp\/v2\/product\/117010","targetHints":{"allow":["GET"]}}],"collection":[{"href":"https:\/\/test.esluzby.net\/index.php?rest_route=\/wp\/v2\/product"}],"about":[{"href":"https:\/\/test.esluzby.net\/index.php?rest_route=\/wp\/v2\/types\/product"}],"replies":[{"embeddable":true,"href":"https:\/\/test.esluzby.net\/index.php?rest_route=%2Fwp%2Fv2%2Fcomments&post=117010"}],"version-history":[{"count":0,"href":"https:\/\/test.esluzby.net\/index.php?rest_route=\/wp\/v2\/product\/117010\/revisions"}],"wp:featuredmedia":[{"embeddable":true,"href":"https:\/\/test.esluzby.net\/index.php?rest_route=\/wp\/v2\/media\/117011"}],"wp:attachment":[{"href":"https:\/\/test.esluzby.net\/index.php?rest_route=%2Fwp%2Fv2%2Fmedia&parent=117010"}],"wp:term":[{"taxonomy":"product_brand","embeddable":true,"href":"https:\/\/test.esluzby.net\/index.php?rest_route=%2Fwp%2Fv2%2Fproduct_brand&post=117010"},{"taxonomy":"product_cat","embeddable":true,"href":"https:\/\/test.esluzby.net\/index.php?rest_route=%2Fwp%2Fv2%2Fproduct_cat&post=117010"},{"taxonomy":"product_tag","embeddable":true,"href":"https:\/\/test.esluzby.net\/index.php?rest_route=%2Fwp%2Fv2%2Fproduct_tag&post=117010"}],"curies":[{"name":"wp","href":"https:\/\/api.w.org\/{rel}","templated":true}]}}