{"id":117481,"date":"2025-12-01T18:15:08","date_gmt":"2025-12-01T17:15:08","guid":{"rendered":"https:\/\/test.esluzby.net\/?post_type=product&#038;p=117481"},"modified":"2026-02-19T10:33:06","modified_gmt":"2026-02-19T09:33:06","slug":"snehulak-s-svetle-modrou-salou-21-22-cm","status":"publish","type":"product","link":"https:\/\/test.esluzby.net\/?product=snehulak-s-svetle-modrou-salou-21-22-cm","title":{"rendered":"Sn\u011bhul\u00e1k se sv\u011btle modrou \u0161\u00e1lou 21-22 cm"},"content":{"rendered":"<p>V\u00e1no\u010dn\u00ed dekorace \u2013 \u201epan Sn\u011bhul\u00e1k\u201c. Ru\u010dn\u011b vyr\u00e1b\u011bn\u00fd sklen\u011bn\u00fd sn\u011bhul\u00e1k, ka\u017ed\u00fd kus je jedine\u010dn\u00fd origin\u00e1l vyroben\u00fd dle fantazie na\u0161ich skl\u00e1\u0159\u016f.<\/p>\n<p>Sn\u011bhul\u00e1k pat\u0159\u00ed mezi nejobl\u00edben\u011bj\u0161\u00ed symboly V\u00e1noc a zimy. Je vesel\u00fd, hrav\u00fd a v interi\u00e9ru dok\u00e1\u017ee vytvo\u0159it \u00fatulnou atmosf\u00e9ru. Ka\u017ed\u00e1 dekorace je vyrobena s d\u016frazem na detail a kvalitu, aby v\u00e1m d\u011blala radost po mnoho sez\u00f3n.<\/p>\n<p>Vyberte si z \u0161irok\u00e9 nab\u00eddky na\u0161ich p\u00e1n\u016f Sn\u011bhul\u00e1k\u016f. Perfektn\u00ed tak\u00e9 jako origin\u00e1ln\u00ed d\u00e1rek pro milovn\u00edky zimn\u00edch dekorac\u00ed.<\/p>\n<p>Zkr\u00e1\u0161lete sv\u016fj domov a dop\u0159ejte si kouzlo V\u00e1noc s na\u0161\u00edm panem Sn\u011bhul\u00e1kem.<\/p>\n<p>v\u00fdroba Sn\u011bhul\u00e1ka<\/p>\n<p><a href=\"https:\/\/www.facebook.com\/reel\/1556437479112676\">(14) Facebook<\/a><\/p>\n","protected":false},"excerpt":{"rendered":"<p>Objevte kouzlo zimy s na\u0161imi p\u00e1ny Sn\u011bhul\u00e1ky. Stylov\u00e9 sklen\u011bn\u00e9 figurky a dekorace, kter\u00e9 rozz\u00e1\u0159\u00ed v\u00e1\u0161 domov a dodaj\u00ed mu tu pravou v\u00e1no\u010dn\u00ed atmosf\u00e9ru.<\/p>\n","protected":false},"featured_media":117482,"comment_status":"closed","ping_status":"closed","template":"","meta":[],"product_brand":[],"product_cat":[109,146,111,125],"product_tag":[],"class_list":{"0":"post-117481","1":"product","2":"type-product","3":"status-publish","4":"has-post-thumbnail","6":"product_cat-dekoracni-sklo","7":"product_cat-sklenena-tezitka-a-olejove-lampy","8":"product_cat-tipy-na-darky","9":"product_cat-vanocni-darky","11":"first","12":"outofstock","13":"shipping-taxable","14":"purchasable","15":"product-type-simple"},"_links":{"self":[{"href":"https:\/\/test.esluzby.net\/index.php?rest_route=\/wp\/v2\/product\/117481","targetHints":{"allow":["GET"]}}],"collection":[{"href":"https:\/\/test.esluzby.net\/index.php?rest_route=\/wp\/v2\/product"}],"about":[{"href":"https:\/\/test.esluzby.net\/index.php?rest_route=\/wp\/v2\/types\/product"}],"replies":[{"embeddable":true,"href":"https:\/\/test.esluzby.net\/index.php?rest_route=%2Fwp%2Fv2%2Fcomments&post=117481"}],"version-history":[{"count":0,"href":"https:\/\/test.esluzby.net\/index.php?rest_route=\/wp\/v2\/product\/117481\/revisions"}],"wp:featuredmedia":[{"embeddable":true,"href":"https:\/\/test.esluzby.net\/index.php?rest_route=\/wp\/v2\/media\/117482"}],"wp:attachment":[{"href":"https:\/\/test.esluzby.net\/index.php?rest_route=%2Fwp%2Fv2%2Fmedia&parent=117481"}],"wp:term":[{"taxonomy":"product_brand","embeddable":true,"href":"https:\/\/test.esluzby.net\/index.php?rest_route=%2Fwp%2Fv2%2Fproduct_brand&post=117481"},{"taxonomy":"product_cat","embeddable":true,"href":"https:\/\/test.esluzby.net\/index.php?rest_route=%2Fwp%2Fv2%2Fproduct_cat&post=117481"},{"taxonomy":"product_tag","embeddable":true,"href":"https:\/\/test.esluzby.net\/index.php?rest_route=%2Fwp%2Fv2%2Fproduct_tag&post=117481"}],"curies":[{"name":"wp","href":"https:\/\/api.w.org\/{rel}","templated":true}]}}