{"id":124276,"date":"2026-01-17T12:47:40","date_gmt":"2026-01-17T11:47:40","guid":{"rendered":"https:\/\/test.esluzby.net\/?post_type=product&#038;p=124276"},"modified":"2026-02-19T10:33:31","modified_gmt":"2026-02-19T09:33:31","slug":"sklenena-misa-srdce-granat-23cm","status":"publish","type":"product","link":"https:\/\/test.esluzby.net\/?product=sklenena-misa-srdce-granat-23cm","title":{"rendered":"Sklen\u011bn\u00e1 m\u00edsa srdce &#8211; gran\u00e1t 23cm"},"content":{"rendered":"<p>&nbsp;<\/p>\n<p><strong data-start=\"115\" data-end=\"140\">Sklen\u011bn\u00e1 m\u00edsa \u2013 Srdce<\/strong><br data-start=\"140\" data-end=\"143\" \/>Objekt vznik\u00e1 vyfouknut\u00edm\u00a0 sklen\u011bn\u00e9ho srdce s vnit\u0159n\u00ed dutinou, kter\u00e9 je n\u00e1sledn\u011b roz\u0159\u00edznuto na dv\u011b \u010d\u00e1sti. T\u00edmto gestem se p\u016fvodn\u011b uzav\u0159en\u00fd tvar otev\u00edr\u00e1 a prom\u011b\u0148uje v dvojici samostatn\u00fdch, vz\u00e1jemn\u011b podobn\u00fdch objekt\u016f. P\u0159esto\u017ee jsou oba kusy form\u00e1ln\u011b identick\u00e9, nepatrn\u00e9 rozd\u00edly ve velikosti a proporc\u00edch kter\u00e9 vznikaj\u00ed opracov\u00e1n\u00edm sklen\u011bn\u00fdch d\u00edl\u016f odkazuj\u00ed k neopakovatelnosti ru\u010dn\u00edho procesu a k p\u0159irozen\u00e9 variabilit\u011b skla jako materi\u00e1lu.<br data-start=\"547\" data-end=\"550\" data-is-only-node=\"\" \/>M\u00edsa se pohybuje na pomez\u00ed u\u017eitn\u00e9ho a voln\u00e9ho objektu. Symbolika srdce zde nen\u00ed doslovn\u00e1, ale p\u0159\u00edtomn\u00e1 skrze proces rozd\u011blen\u00ed a vzniku dvojice \u2013 motivu jednoty, k\u0159ehkosti a prom\u011bny. D\u00edlo funguje jako tich\u00fd solit\u00e9r, kter\u00fd vyb\u00edz\u00ed k pozorn\u00e9mu vn\u00edm\u00e1n\u00ed materi\u00e1lu, tvaru a vztahu mezi ob\u011bma \u010d\u00e1stmi.<\/p>\n<p>&nbsp;<\/p>\n<p>\u201eBarvy a rozm\u011bry jsou orienta\u010dn\u00ed, jeliko\u017e se jedn\u00e1 o origin\u00e1ln\u00ed kusy. Barevnost na fotografi\u00edch se m\u016f\u017ee m\u00edrn\u011b li\u0161it v z\u00e1vislosti na nastaven\u00ed jednotliv\u00fdch zobrazovac\u00edch za\u0159\u00edzen\u00ed.\u201c<\/p>\n","protected":false},"excerpt":{"rendered":"<p>Objekt vznik\u00e1 vyfouknut\u00edm\u00a0 sklen\u011bn\u00e9ho srdce s vnit\u0159n\u00ed dutinou, kter\u00e9 je n\u00e1sledn\u011b roz\u0159\u00edznuto na dv\u011b \u010d\u00e1sti. T\u00edmto gestem se p\u016fvodn\u011b uzav\u0159en\u00fd tvar otev\u00edr\u00e1.<\/p>\n","protected":false},"featured_media":124277,"comment_status":"closed","ping_status":"closed","template":"","meta":[],"product_brand":[],"product_cat":[127,124,144],"product_tag":[],"class_list":{"0":"post-124276","1":"product","2":"type-product","3":"status-publish","4":"has-post-thumbnail","6":"product_cat-ostatni","7":"product_cat-sklenene-misy","8":"product_cat-valentyn","10":"first","11":"instock","12":"shipping-taxable","13":"purchasable","14":"product-type-simple"},"_links":{"self":[{"href":"https:\/\/test.esluzby.net\/index.php?rest_route=\/wp\/v2\/product\/124276","targetHints":{"allow":["GET"]}}],"collection":[{"href":"https:\/\/test.esluzby.net\/index.php?rest_route=\/wp\/v2\/product"}],"about":[{"href":"https:\/\/test.esluzby.net\/index.php?rest_route=\/wp\/v2\/types\/product"}],"replies":[{"embeddable":true,"href":"https:\/\/test.esluzby.net\/index.php?rest_route=%2Fwp%2Fv2%2Fcomments&post=124276"}],"version-history":[{"count":0,"href":"https:\/\/test.esluzby.net\/index.php?rest_route=\/wp\/v2\/product\/124276\/revisions"}],"wp:featuredmedia":[{"embeddable":true,"href":"https:\/\/test.esluzby.net\/index.php?rest_route=\/wp\/v2\/media\/124277"}],"wp:attachment":[{"href":"https:\/\/test.esluzby.net\/index.php?rest_route=%2Fwp%2Fv2%2Fmedia&parent=124276"}],"wp:term":[{"taxonomy":"product_brand","embeddable":true,"href":"https:\/\/test.esluzby.net\/index.php?rest_route=%2Fwp%2Fv2%2Fproduct_brand&post=124276"},{"taxonomy":"product_cat","embeddable":true,"href":"https:\/\/test.esluzby.net\/index.php?rest_route=%2Fwp%2Fv2%2Fproduct_cat&post=124276"},{"taxonomy":"product_tag","embeddable":true,"href":"https:\/\/test.esluzby.net\/index.php?rest_route=%2Fwp%2Fv2%2Fproduct_tag&post=124276"}],"curies":[{"name":"wp","href":"https:\/\/api.w.org\/{rel}","templated":true}]}}