{"id":124631,"date":"2026-01-19T08:49:01","date_gmt":"2026-01-19T07:49:01","guid":{"rendered":"https:\/\/test.esluzby.net\/?post_type=product&#038;p=124631"},"modified":"2026-02-19T10:33:33","modified_gmt":"2026-02-19T09:33:33","slug":"pullitr-05l-poly-modry-kour","status":"publish","type":"product","link":"https:\/\/test.esluzby.net\/?product=pullitr-05l-poly-modry-kour","title":{"rendered":"P\u016fllitr 0,5l &#8211; Poly &#8211; modr\u00fd kou\u0159"},"content":{"rendered":"<div class=\"text-base my-auto mx-auto [--thread-content-margin:--spacing(4)] @w-sm\/main:[--thread-content-margin:--spacing(6)] @w-lg\/main:[--thread-content-margin:--spacing(16)] px-(--thread-content-margin)\">\n<div class=\"[--thread-content-max-width:40rem] @w-lg\/main:[--thread-content-max-width:48rem] mx-auto max-w-(--thread-content-max-width) flex-1 group\/turn-messages focus-visible:outline-hidden relative flex w-full min-w-0 flex-col agent-turn\" tabindex=\"-1\">\n<div class=\"flex max-w-full flex-col grow\">\n<div class=\"min-h-8 text-message relative flex w-full flex-col items-end gap-2 text-start break-words whitespace-normal [.text-message+&amp;]:mt-1\" dir=\"auto\" data-message-author-role=\"assistant\" data-message-id=\"a5e64a28-85a7-453f-8ab7-4992c454bdb1\" data-message-model-slug=\"gpt-5-2\">\n<div class=\"flex w-full flex-col gap-1 empty:hidden first:pt-[1px]\">\n<div class=\"markdown prose dark:prose-invert w-full break-words light markdown-new-styling\">\n<p data-start=\"0\" data-end=\"272\">Kolekce Poly je v\u00fdjime\u010dn\u00e1 nejen sv\u00fdm vzhledem, ale i histori\u00ed. Pro jej\u00ed tvorbu se vyu\u017e\u00edvaj\u00ed optick\u00e9 formy, kter\u00e9 se pou\u017e\u00edvaly ji\u017e od po\u010d\u00e1tku skl\u00e1\u0159stv\u00ed v \u010desk\u00fdch zem\u00edch. Ty se postupn\u011b zdokonalovaly a p\u0159izp\u016fsobovaly st\u00e1le slo\u017eit\u011bj\u0161\u00edm dekor\u016fm.<\/p>\n<p data-start=\"0\" data-end=\"272\"><strong data-start=\"16\" data-end=\"33\">Optick\u00e9 formy<\/strong> pou\u017e\u00edvaj\u00ed k vytv\u00e1\u0159en\u00ed <strong data-start=\"56\" data-end=\"92\">optick\u00fdch efekt\u016f na povrchu skla<\/strong> \u2013 zejm\u00e9na lom\u016f, odraz\u016f a hry sv\u011btla. Jde o formy, jejich\u017e <strong data-start=\"151\" data-end=\"186\">vnit\u0159n\u00ed povrch je strukturovan\u00fd<\/strong> (nikoli hladk\u00fd), tak\u017ee sklo po vyfouknut\u00ed nebo lisov\u00e1n\u00ed z\u00edsk\u00e1 charakteristick\u00fd dekor.<\/p>\n<p data-start=\"300\" data-end=\"495\">Optick\u00e1 forma je obvykle <strong data-start=\"325\" data-end=\"361\">kovov\u00e1<\/strong>\u00a0nebo n\u011bkdy <strong data-start=\"373\" data-end=\"384\">d\u0159ev\u011bn\u00e1<\/strong>, slo\u017een\u00e1 z n\u011bkolika segment\u016f. Na vnit\u0159n\u00ed stran\u011b m\u00e1 <strong data-start=\"436\" data-end=\"494\">r\u00fdhy, \u017eebra, \u010do\u010dky, prizmatick\u00e9 nebo geometrick\u00e9 vzory<\/strong>.<\/p>\n<p data-start=\"300\" data-end=\"495\">Pou\u017eit\u00ed foukan\u00ed u\u017eitkov\u00e9ho skla (v\u00e1zy, karafy, poh\u00e1ry),lisovan\u00e9 sklo, architektonick\u00e9 sklo (sv\u00edtidla, st\u00ednidla) a um\u011bleck\u00e9 sklo<\/p>\n<h3 data-start=\"1106\" data-end=\"1145\">Technologick\u00fd postup<\/h3>\n<ol data-start=\"1146\" data-end=\"1321\">\n<li data-start=\"1146\" data-end=\"1176\">\n<p data-start=\"1149\" data-end=\"1176\">Sklo se nabere na p\u00ed\u0161\u0165alu<\/p>\n<\/li>\n<li data-start=\"1177\" data-end=\"1207\">\n<p data-start=\"1180\" data-end=\"1207\">Vlo\u017e\u00ed se do optick\u00e9 formy<\/p>\n<\/li>\n<li data-start=\"1208\" data-end=\"1254\">\n<p data-start=\"1211\" data-end=\"1254\">Lehce se vyfoukne \u2013 struktura se obtiskne<\/p>\n<\/li>\n<li data-start=\"1255\" data-end=\"1321\">\n<p data-start=\"1258\" data-end=\"1321\">Sklo se \u010dasto d\u00e1l <strong data-start=\"1276\" data-end=\"1306\">voln\u011b fouk\u00e1 nebo dotvaruje<\/strong> v hladk\u00e9 form\u011b<\/p>\n<\/li>\n<li data-start=\"1255\" data-end=\"1321\">\n<p data-start=\"1258\" data-end=\"1321\">Ka\u017ed\u00fd v\u00fdrobek je sv\u00fdm <strong>origin\u00e1lem<\/strong> jeliko\u017e v \u017ehav\u00e9m skle doch\u00e1z\u00ed k \u010d\u00e1ste\u010dn\u00e9 deformaci dekoru co\u017e nen\u00ed pova\u017eov\u00e1no za vadu.<\/p>\n<\/li>\n<\/ol>\n<\/div>\n<\/div>\n<\/div>\n<\/div>\n<\/div>\n<\/div>\n","protected":false},"excerpt":{"rendered":"<p>Kolekce Poly je v\u00fdjime\u010dn\u00e1 nejen sv\u00fdm vzhledem, ale i histori\u00ed. Pro jej\u00ed tvorbu se vyu\u017e\u00edvaj\u00ed optick\u00e9 formy, kter\u00e9 se pou\u017e\u00edvaly ji\u017e od po\u010d\u00e1tku skl\u00e1\u0159stv\u00ed v \u010desk\u00fdch zem\u00edch<\/p>\n","protected":false},"featured_media":124632,"comment_status":"closed","ping_status":"closed","template":"","meta":[],"product_brand":[],"product_cat":[159,138,111],"product_tag":[],"class_list":{"0":"post-124631","1":"product","2":"type-product","3":"status-publish","4":"has-post-thumbnail","6":"product_cat-poly","7":"product_cat-skleneny-pullitr","8":"product_cat-tipy-na-darky","10":"first","11":"instock","12":"shipping-taxable","13":"purchasable","14":"product-type-simple"},"_links":{"self":[{"href":"https:\/\/test.esluzby.net\/index.php?rest_route=\/wp\/v2\/product\/124631","targetHints":{"allow":["GET"]}}],"collection":[{"href":"https:\/\/test.esluzby.net\/index.php?rest_route=\/wp\/v2\/product"}],"about":[{"href":"https:\/\/test.esluzby.net\/index.php?rest_route=\/wp\/v2\/types\/product"}],"replies":[{"embeddable":true,"href":"https:\/\/test.esluzby.net\/index.php?rest_route=%2Fwp%2Fv2%2Fcomments&post=124631"}],"version-history":[{"count":0,"href":"https:\/\/test.esluzby.net\/index.php?rest_route=\/wp\/v2\/product\/124631\/revisions"}],"wp:featuredmedia":[{"embeddable":true,"href":"https:\/\/test.esluzby.net\/index.php?rest_route=\/wp\/v2\/media\/124632"}],"wp:attachment":[{"href":"https:\/\/test.esluzby.net\/index.php?rest_route=%2Fwp%2Fv2%2Fmedia&parent=124631"}],"wp:term":[{"taxonomy":"product_brand","embeddable":true,"href":"https:\/\/test.esluzby.net\/index.php?rest_route=%2Fwp%2Fv2%2Fproduct_brand&post=124631"},{"taxonomy":"product_cat","embeddable":true,"href":"https:\/\/test.esluzby.net\/index.php?rest_route=%2Fwp%2Fv2%2Fproduct_cat&post=124631"},{"taxonomy":"product_tag","embeddable":true,"href":"https:\/\/test.esluzby.net\/index.php?rest_route=%2Fwp%2Fv2%2Fproduct_tag&post=124631"}],"curies":[{"name":"wp","href":"https:\/\/api.w.org\/{rel}","templated":true}]}}