{"id":124681,"date":"2026-01-19T11:45:45","date_gmt":"2026-01-19T10:45:45","guid":{"rendered":"https:\/\/test.esluzby.net\/?post_type=product&#038;p=124681"},"modified":"2026-02-19T10:33:35","modified_gmt":"2026-02-19T09:33:35","slug":"pullitr-05l-karo-lesni-zelena","status":"publish","type":"product","link":"https:\/\/test.esluzby.net\/?product=pullitr-05l-karo-lesni-zelena","title":{"rendered":"P\u016fllitr 0,5l &#8211; K\u00e1ro &#8211; lesn\u00ed zelen\u00e1"},"content":{"rendered":"<p>Kolekce K\u00e1ro \u2013 vynik\u00e1 nejen sv\u00fdm jedine\u010dn\u00fdm vzhledem, ale i bohatou histori\u00ed. Pro jej\u00ed v\u00fdrobu se vyu\u017e\u00edvaj\u00ed optick\u00e9 formy, kter\u00e9 sahaj\u00ed a\u017e k samotn\u00fdm po\u010d\u00e1tk\u016fm skl\u00e1\u0159stv\u00ed v \u010desk\u00fdch zem\u00edch. Tyto techniky se v pr\u016fb\u011bhu stalet\u00ed neust\u00e1le zdokonalovaly a p\u0159izp\u016fsobovaly st\u00e1le n\u00e1ro\u010dn\u011bj\u0161\u00edm dekor\u016fm.<\/p>\n<p>Jedn\u00edm z tradi\u010dn\u00edch vzor\u016f, kter\u00fd se zachoval a\u017e dodnes, je pr\u00e1v\u011b dekor K\u00e1ro. Jeho nad\u010dasov\u00fd geometrick\u00fd motiv dod\u00e1v\u00e1 ka\u017ed\u00e9mu kousku noblesu.<\/p>\n<p data-start=\"0\" data-end=\"272\"><strong data-start=\"16\" data-end=\"33\">Optick\u00e9 formy<\/strong> pou\u017e\u00edvaj\u00ed k vytv\u00e1\u0159en\u00ed <strong data-start=\"56\" data-end=\"92\">optick\u00fdch efekt\u016f na povrchu skla<\/strong> \u2013 zejm\u00e9na lom\u016f, odraz\u016f a hry sv\u011btla. Jde o formy, jejich\u017e <strong data-start=\"151\" data-end=\"186\">vnit\u0159n\u00ed povrch je strukturovan\u00fd<\/strong> (nikoli hladk\u00fd), tak\u017ee sklo po vyfouknut\u00ed nebo lisov\u00e1n\u00ed z\u00edsk\u00e1 charakteristick\u00fd dekor.<\/p>\n<p data-start=\"300\" data-end=\"495\">Optick\u00e1 forma je obvykle <strong data-start=\"325\" data-end=\"361\">kovov\u00e1<\/strong>\u00a0nebo n\u011bkdy <strong data-start=\"373\" data-end=\"384\">d\u0159ev\u011bn\u00e1<\/strong>, slo\u017een\u00e1 z n\u011bkolika segment\u016f. Na vnit\u0159n\u00ed stran\u011b m\u00e1 <strong data-start=\"436\" data-end=\"494\">r\u00fdhy, \u017eebra, \u010do\u010dky, prizmatick\u00e9 nebo geometrick\u00e9 vzory<\/strong>.<\/p>\n<p data-start=\"300\" data-end=\"495\">Pou\u017eit\u00ed foukan\u00ed u\u017eitkov\u00e9ho skla (v\u00e1zy, karafy, poh\u00e1ry),lisovan\u00e9 sklo, architektonick\u00e9 sklo (sv\u00edtidla, st\u00ednidla) a um\u011bleck\u00e9 sklo<\/p>\n<h3 data-start=\"1106\" data-end=\"1145\">Technologick\u00fd postup<\/h3>\n<ol data-start=\"1146\" data-end=\"1321\">\n<li data-start=\"1146\" data-end=\"1176\">\n<p data-start=\"1149\" data-end=\"1176\">Sklo se nabere na p\u00ed\u0161\u0165alu<\/p>\n<\/li>\n<li data-start=\"1177\" data-end=\"1207\">\n<p data-start=\"1180\" data-end=\"1207\">Vlo\u017e\u00ed se do optick\u00e9 formy<\/p>\n<\/li>\n<li data-start=\"1208\" data-end=\"1254\">\n<p data-start=\"1211\" data-end=\"1254\">Lehce se vyfoukne \u2013 struktura se obtiskne<\/p>\n<\/li>\n<li data-start=\"1255\" data-end=\"1321\">\n<p data-start=\"1258\" data-end=\"1321\">Sklo se \u010dasto d\u00e1l <strong data-start=\"1276\" data-end=\"1306\">voln\u011b fouk\u00e1 nebo dotvaruje<\/strong> v hladk\u00e9 form\u011b<\/p>\n<\/li>\n<li data-start=\"1255\" data-end=\"1321\">\n<p data-start=\"1258\" data-end=\"1321\">Ka\u017ed\u00fd v\u00fdrobek je sv\u00fdm <strong>origin\u00e1lem<\/strong> jeliko\u017e v \u017ehav\u00e9m skle doch\u00e1z\u00ed k \u010d\u00e1ste\u010dn\u00e9 deformaci dekoru co\u017e nen\u00ed pova\u017eov\u00e1no za vadu.<\/p>\n<\/li>\n<\/ol>\n","protected":false},"excerpt":{"rendered":"<p>V kolekci K\u00e1ro u n\u00e1s najdete tak\u00e9 d\u017eb\u00e1ny a nejr\u016fzn\u011bj\u0161\u00ed sklenice, m\u00edsy, v\u00e1zy \u010di petrolejov\u00e9 lampy. A\u0165 u\u017e hled\u00e1te v\u00fdjime\u010dnou dekoraci do sv\u00e9ho \u00fatuln\u00e9ho domova.<\/p>\n","protected":false},"featured_media":124682,"comment_status":"closed","ping_status":"closed","template":"","meta":[],"product_brand":[],"product_cat":[113,143,114,138],"product_tag":[],"class_list":{"0":"post-124681","1":"product","2":"type-product","3":"status-publish","4":"has-post-thumbnail","6":"product_cat-historicke-sklo","7":"product_cat-karo","8":"product_cat-lesni-sklo","9":"product_cat-skleneny-pullitr","11":"first","12":"instock","13":"shipping-taxable","14":"purchasable","15":"product-type-simple"},"_links":{"self":[{"href":"https:\/\/test.esluzby.net\/index.php?rest_route=\/wp\/v2\/product\/124681","targetHints":{"allow":["GET"]}}],"collection":[{"href":"https:\/\/test.esluzby.net\/index.php?rest_route=\/wp\/v2\/product"}],"about":[{"href":"https:\/\/test.esluzby.net\/index.php?rest_route=\/wp\/v2\/types\/product"}],"replies":[{"embeddable":true,"href":"https:\/\/test.esluzby.net\/index.php?rest_route=%2Fwp%2Fv2%2Fcomments&post=124681"}],"version-history":[{"count":0,"href":"https:\/\/test.esluzby.net\/index.php?rest_route=\/wp\/v2\/product\/124681\/revisions"}],"wp:featuredmedia":[{"embeddable":true,"href":"https:\/\/test.esluzby.net\/index.php?rest_route=\/wp\/v2\/media\/124682"}],"wp:attachment":[{"href":"https:\/\/test.esluzby.net\/index.php?rest_route=%2Fwp%2Fv2%2Fmedia&parent=124681"}],"wp:term":[{"taxonomy":"product_brand","embeddable":true,"href":"https:\/\/test.esluzby.net\/index.php?rest_route=%2Fwp%2Fv2%2Fproduct_brand&post=124681"},{"taxonomy":"product_cat","embeddable":true,"href":"https:\/\/test.esluzby.net\/index.php?rest_route=%2Fwp%2Fv2%2Fproduct_cat&post=124681"},{"taxonomy":"product_tag","embeddable":true,"href":"https:\/\/test.esluzby.net\/index.php?rest_route=%2Fwp%2Fv2%2Fproduct_tag&post=124681"}],"curies":[{"name":"wp","href":"https:\/\/api.w.org\/{rel}","templated":true}]}}