{"id":125414,"date":"2026-01-26T18:28:31","date_gmt":"2026-01-26T17:28:31","guid":{"rendered":"https:\/\/test.esluzby.net\/?post_type=product&#038;p=125414"},"modified":"2026-02-19T10:33:47","modified_gmt":"2026-02-19T09:33:47","slug":"petrolejova-lampa-lucie-karo-amber-komplet","status":"publish","type":"product","link":"https:\/\/test.esluzby.net\/?product=petrolejova-lampa-lucie-karo-amber-komplet","title":{"rendered":"Petrolejov\u00e1 lampa Lucie &#8211; K\u00e1ro &#8211; amber &#8211; komplet"},"content":{"rendered":"<p>Ru\u010dn\u011b foukan\u00e1 petrolejov\u00e1 lampa z na\u0161\u00ed skl\u00e1rny to je sv\u011btlo s atmosf\u00e9rou. Lidstvo prov\u00e1z\u00ed petrolejky u\u017e po stalet\u00ed. Dnes je p\u0159edev\u0161\u00edm symbolem klidu, romantiky a pohody.<\/p>\n<p>Kouzelnou atmosf\u00e9ru si m\u016f\u017eete kdykoli dop\u0159\u00e1t ve sv\u00e9m domov\u011b, v zahradn\u00edm alt\u00e1nku nebo t\u0159eba na terase. P\u0159eneste se zp\u011bt do \u010das\u016f, kdy byl sv\u011bt pomalej\u0161\u00ed a klidn\u011bj\u0161\u00ed. Na\u0161i petrolejovou lampu ocen\u00edte i v krizov\u00fdch situac\u00edch, nap\u0159. p\u0159i v\u00fdpadku elektrick\u00e9ho proudu.<\/p>\n<p><strong>Jak na spr\u00e1vn\u00e9 pou\u017eit\u00ed :<\/strong><\/p>\n<p><strong>N\u00e1pl\u0148:<\/strong> pou\u017eijte petrolej nebo nejl\u00e9pe \u010dir\u00fd lampov\u00fd olej. Doporu\u010dujeme PEPO Severochema Liberec.<\/p>\n<p><strong>N\u00e1dr\u017eka:<\/strong> napl\u0148te alespo\u0148 ze 2\/3 a nechte 2 hodiny odst\u00e1t, aby se knot dob\u0159e nas\u00e1kl.<\/p>\n<p><strong>Zapalov\u00e1n\u00ed:<\/strong> rovn\u011b zast\u0159i\u017een\u00fd knot zapalte. Jakmile se ho\u0159\u00e1k zah\u0159eje, zat\u00e1hn\u011bte knot n\u00ed\u017e.<\/p>\n<p><strong>V\u00fdsledek:<\/strong> plamen pak ho\u0159\u00ed \u010dist\u011b, bez kou\u0159e a olej se nas\u00e1v\u00e1 p\u0159\u00edmo z n\u00e1dr\u017eky.<\/p>\n<p>P\u0159i spr\u00e1vn\u00e9m zach\u00e1zen\u00ed a \u00fadr\u017eb\u011b V\u00e1m petrolejov\u00e1 lampa poskytne p\u0159\u00edjemn\u00e9 osv\u011btlen\u00ed kdykoli si budete p\u0159\u00e1t a nav\u00edc p\u0159etrv\u00e1 cel\u00e9 generace.<\/p>\n","protected":false},"excerpt":{"rendered":"<p>Ru\u010dn\u011b foukan\u00e1 petrolejov\u00e1 lampa z na\u0161\u00ed skl\u00e1rny to je sv\u011btlo s atmosf\u00e9rou. Lidstvo prov\u00e1z\u00ed petrolejky u\u017e po stalet\u00ed. Dnes je p\u0159edev\u0161\u00edm symbolem klidu, romantiky a pohody.<\/p>\n","protected":false},"featured_media":125415,"comment_status":"closed","ping_status":"closed","template":"","meta":[],"product_brand":[],"product_cat":[143,129],"product_tag":[],"class_list":{"0":"post-125414","1":"product","2":"type-product","3":"status-publish","4":"has-post-thumbnail","6":"product_cat-karo","7":"product_cat-sklenene-petrolejove-lampy","9":"first","10":"instock","11":"shipping-taxable","12":"purchasable","13":"product-type-simple"},"_links":{"self":[{"href":"https:\/\/test.esluzby.net\/index.php?rest_route=\/wp\/v2\/product\/125414","targetHints":{"allow":["GET"]}}],"collection":[{"href":"https:\/\/test.esluzby.net\/index.php?rest_route=\/wp\/v2\/product"}],"about":[{"href":"https:\/\/test.esluzby.net\/index.php?rest_route=\/wp\/v2\/types\/product"}],"replies":[{"embeddable":true,"href":"https:\/\/test.esluzby.net\/index.php?rest_route=%2Fwp%2Fv2%2Fcomments&post=125414"}],"version-history":[{"count":0,"href":"https:\/\/test.esluzby.net\/index.php?rest_route=\/wp\/v2\/product\/125414\/revisions"}],"wp:featuredmedia":[{"embeddable":true,"href":"https:\/\/test.esluzby.net\/index.php?rest_route=\/wp\/v2\/media\/125415"}],"wp:attachment":[{"href":"https:\/\/test.esluzby.net\/index.php?rest_route=%2Fwp%2Fv2%2Fmedia&parent=125414"}],"wp:term":[{"taxonomy":"product_brand","embeddable":true,"href":"https:\/\/test.esluzby.net\/index.php?rest_route=%2Fwp%2Fv2%2Fproduct_brand&post=125414"},{"taxonomy":"product_cat","embeddable":true,"href":"https:\/\/test.esluzby.net\/index.php?rest_route=%2Fwp%2Fv2%2Fproduct_cat&post=125414"},{"taxonomy":"product_tag","embeddable":true,"href":"https:\/\/test.esluzby.net\/index.php?rest_route=%2Fwp%2Fv2%2Fproduct_tag&post=125414"}],"curies":[{"name":"wp","href":"https:\/\/api.w.org\/{rel}","templated":true}]}}