{"id":125860,"date":"2026-01-29T11:12:35","date_gmt":"2026-01-29T10:12:35","guid":{"rendered":"https:\/\/test.esluzby.net\/?post_type=product&#038;p=125860"},"modified":"2026-02-19T10:33:50","modified_gmt":"2026-02-19T09:33:50","slug":"sklenice-na-palenku-003l-bambus-lesni-zelena-2","status":"publish","type":"product","link":"https:\/\/test.esluzby.net\/?product=sklenice-na-palenku-003l-bambus-lesni-zelena-2","title":{"rendered":"Sklenice na p\u00e1lenku 0,03l &#8211; Bambus &#8211; lesn\u00ed zelen\u00e1"},"content":{"rendered":"<h3 data-start=\"135\" data-end=\"202\">Cena ze 1 kus<\/h3>\n<h3 data-start=\"135\" data-end=\"202\">Sklenice na destil\u00e1t \u2013 ide\u00e1ln\u00ed volba pro ka\u017ed\u00fd kvalitn\u00ed alkohol<\/h3>\n<p data-start=\"203\" data-end=\"570\">Sklenice na destil\u00e1t jsou navr\u017eeny tak, aby podtrhly chu\u0165 i aroma kvalitn\u00edch p\u00e1lenek, jako je slivovice, hru\u0161kovice, whisky nebo rum. Nej\u010dast\u011bji se pou\u017e\u00edvaj\u00ed sklenice o objemu 0,030<strong data-start=\"379\" data-end=\"396\"> l<\/strong>, kter\u00e9 odpov\u00eddaj\u00ed b\u011b\u017en\u00e9mu serv\u00edrov\u00e1n\u00ed destil\u00e1t\u016f v restaurac\u00edch i dom\u00e1cnostech. D\u00edky spr\u00e1vn\u00e9mu tvaru sklenice se aroma koncentruje a n\u00e1poj vynikne v cel\u00e9 sv\u00e9 charakteristice.<\/p>\n<p data-start=\"572\" data-end=\"834\">V na\u0161\u00ed nab\u00eddce najdete <strong data-start=\"595\" data-end=\"614\">klasick\u00e9 pan\u00e1ky<\/strong>, <strong data-start=\"616\" data-end=\"651\">tulip\u00e1nov\u00e9 sklenice na destil\u00e1t<\/strong>, i <strong data-start=\"655\" data-end=\"678\">degusta\u010dn\u00ed sklenice<\/strong>, kter\u00e9 jsou ide\u00e1ln\u00ed pro ochutn\u00e1vky a profesion\u00e1ln\u00ed servis. Kvalitn\u00ed sklenice na destil\u00e1t jsou nepostradateln\u00fdm dopl\u0148kem ka\u017ed\u00e9ho milovn\u00edka tvrd\u00e9ho alkoholu. Vhodn\u00e1 je\u00a0na slivovici a jakoukoli p\u00e1lenku.<\/p>\n<p data-start=\"572\" data-end=\"834\">V\u00fdb\u011br spr\u00e1vn\u00e9 sklenice na destil\u00e1t z\u00e1vis\u00ed na typu alkoholu i zp\u016fsobu serv\u00edrov\u00e1n\u00ed.<br data-start=\"1089\" data-end=\"1092\" \/><strong data-start=\"1092\" data-end=\"1112\">Pan\u00e1k na alkohol<\/strong> s rovn\u00fdm tvarem je klasickou volbou pro rychl\u00e9 pod\u00e1v\u00e1n\u00ed destil\u00e1t\u016f.<br data-start=\"1179\" data-end=\"1182\" \/><strong data-start=\"1182\" data-end=\"1217\">Tulip\u00e1nov\u00e9 sklenice na destil\u00e1t<\/strong> jsou ide\u00e1ln\u00ed pro ovocn\u00e9 p\u00e1lenky, proto\u017ee koncentruj\u00ed v\u016fni a zv\u00fdraz\u0148uj\u00ed chu\u0165.<br data-start=\"1294\" data-end=\"1297\" \/><strong data-start=\"1297\" data-end=\"1332\">Degusta\u010dn\u00ed sklenice na destil\u00e1t<\/strong> se pou\u017e\u00edvaj\u00ed p\u0159i ochutn\u00e1vk\u00e1ch a profesion\u00e1ln\u00edm hodnocen\u00ed alkoholu.<\/p>\n","protected":false},"excerpt":{"rendered":"<p><strong>Sklenice na destil\u00e1t<\/strong> jsou navr\u017eeny tak, aby podtrhly chu\u0165 i aroma kvalitn\u00edch p\u00e1lenek, jako je slivovice, hru\u0161kovice nebo rum. Nej\u010dast\u011bji se pou\u017e\u00edvaj\u00ed sklenice o objemu <strong>0,020 l a 0,030 l.<\/strong><\/p>\n","protected":false},"featured_media":125861,"comment_status":"closed","ping_status":"closed","template":"","meta":[],"product_brand":[],"product_cat":[113,114,140],"product_tag":[],"class_list":{"0":"post-125860","1":"product","2":"type-product","3":"status-publish","4":"has-post-thumbnail","6":"product_cat-historicke-sklo","7":"product_cat-lesni-sklo","8":"product_cat-sklenice","10":"first","11":"instock","12":"shipping-taxable","13":"purchasable","14":"product-type-simple"},"_links":{"self":[{"href":"https:\/\/test.esluzby.net\/index.php?rest_route=\/wp\/v2\/product\/125860","targetHints":{"allow":["GET"]}}],"collection":[{"href":"https:\/\/test.esluzby.net\/index.php?rest_route=\/wp\/v2\/product"}],"about":[{"href":"https:\/\/test.esluzby.net\/index.php?rest_route=\/wp\/v2\/types\/product"}],"replies":[{"embeddable":true,"href":"https:\/\/test.esluzby.net\/index.php?rest_route=%2Fwp%2Fv2%2Fcomments&post=125860"}],"version-history":[{"count":0,"href":"https:\/\/test.esluzby.net\/index.php?rest_route=\/wp\/v2\/product\/125860\/revisions"}],"wp:featuredmedia":[{"embeddable":true,"href":"https:\/\/test.esluzby.net\/index.php?rest_route=\/wp\/v2\/media\/125861"}],"wp:attachment":[{"href":"https:\/\/test.esluzby.net\/index.php?rest_route=%2Fwp%2Fv2%2Fmedia&parent=125860"}],"wp:term":[{"taxonomy":"product_brand","embeddable":true,"href":"https:\/\/test.esluzby.net\/index.php?rest_route=%2Fwp%2Fv2%2Fproduct_brand&post=125860"},{"taxonomy":"product_cat","embeddable":true,"href":"https:\/\/test.esluzby.net\/index.php?rest_route=%2Fwp%2Fv2%2Fproduct_cat&post=125860"},{"taxonomy":"product_tag","embeddable":true,"href":"https:\/\/test.esluzby.net\/index.php?rest_route=%2Fwp%2Fv2%2Fproduct_tag&post=125860"}],"curies":[{"name":"wp","href":"https:\/\/api.w.org\/{rel}","templated":true}]}}