{"id":126257,"date":"2026-01-31T12:17:04","date_gmt":"2026-01-31T11:17:04","guid":{"rendered":"https:\/\/test.esluzby.net\/?post_type=product&#038;p=126257"},"modified":"2026-02-19T10:33:52","modified_gmt":"2026-02-19T09:33:52","slug":"skleneny-pullitr-05l-ceska-trikolora","status":"publish","type":"product","link":"https:\/\/test.esluzby.net\/?product=skleneny-pullitr-05l-ceska-trikolora","title":{"rendered":"Sklen\u011bn\u00fd P\u016fllitr 0,5l &#8211; \u010cesk\u00e1 trikolora"},"content":{"rendered":"<p data-start=\"76\" data-end=\"125\"><strong data-start=\"76\" data-end=\"123\">P\u016fllitr na pivo s \u010deskou trikolorou \u2013 0,5\u202fl<\/strong><\/p>\n<p data-start=\"127\" data-end=\"180\">\ud83c\udf81 <strong data-start=\"130\" data-end=\"178\">Perfektn\u00ed d\u00e1rek pro fanou\u0161ky \u010desk\u00e9ho sportu!<\/strong><\/p>\n<p data-start=\"182\" data-end=\"359\">Uka\u017ete svou hrdost a vychutnejte si pivo stylov\u011b \u2013 s t\u00edmto ru\u010dn\u011b vyr\u00e1b\u011bn\u00fdm p\u016fllitrem z \u010desk\u00e9 skl\u00e1rny. Ka\u017ed\u00fd p\u016fllitr je pe\u010dliv\u011b vyroben z \u010dir\u00e9ho a barevn\u00e9ho skla, kter\u00e9 nab\u00edz\u00ed:<\/p>\n<p data-start=\"362\" data-end=\"439\"><strong data-start=\"364\" data-end=\"396\">Odolnost a dlouhou \u017eivotnost<\/strong> \u2013 siln\u00e9 st\u011bny vydr\u017e\u00ed ka\u017edodenn\u00ed pou\u017eit\u00ed.<\/p>\n<p data-start=\"442\" data-end=\"505\"><strong data-start=\"444\" data-end=\"463\">Pohodln\u00e9 dr\u017een\u00ed<\/strong> \u2013 masivn\u00ed ucho perfektn\u011b padne do ruky.<\/p>\n<p data-start=\"508\" data-end=\"576\"><strong data-start=\"510\" data-end=\"536\">Ide\u00e1ln\u00ed teplota n\u00e1poje<\/strong> \u2013 siln\u00e9 sklo udr\u017e\u00ed pivo d\u00e9le chladn\u00e9.<\/p>\n<p data-start=\"578\" data-end=\"704\">Ka\u017ed\u00fd p\u016fllitr je unik\u00e1tn\u00ed a d\u00edky \u010desk\u00e9mu designu p\u0159in\u00e1\u0161\u00ed radost nejen p\u0159i pit\u00ed, ale i jako stylov\u00fd dopln\u011bk va\u0161eho stolov\u00e1n\u00ed.<\/p>\n<p data-start=\"706\" data-end=\"829\">\ud83c\udf1f <strong data-start=\"709\" data-end=\"724\">Tip od n\u00e1s:<\/strong> V na\u0161\u00ed skl\u00e1rn\u011b najdete des\u00edtky tvar\u016f a dekor\u016f \u2013 vyberte si ten, kter\u00fd nejl\u00e9pe vystihuje va\u0161i osobnost!<\/p>\n","protected":false},"excerpt":{"rendered":"<p>P\u016fllitr s \u010deskou trikolorou 0,5\u202fl \u2013 ru\u010dn\u011b vyr\u00e1b\u011bn\u00fd, odoln\u00fd a stylov\u00fd. Ide\u00e1ln\u00ed d\u00e1rek pro fanou\u0161ky \u010desk\u00e9ho sportu!<\/p>\n","protected":false},"featured_media":126258,"comment_status":"closed","ping_status":"closed","template":"","meta":[],"product_brand":[],"product_cat":[120,121,138],"product_tag":[],"class_list":{"0":"post-126257","1":"product","2":"type-product","3":"status-publish","4":"has-post-thumbnail","6":"product_cat-darky-pro-muze","7":"product_cat-darky-pro-zeny","8":"product_cat-skleneny-pullitr","10":"first","11":"instock","12":"shipping-taxable","13":"purchasable","14":"product-type-simple"},"_links":{"self":[{"href":"https:\/\/test.esluzby.net\/index.php?rest_route=\/wp\/v2\/product\/126257","targetHints":{"allow":["GET"]}}],"collection":[{"href":"https:\/\/test.esluzby.net\/index.php?rest_route=\/wp\/v2\/product"}],"about":[{"href":"https:\/\/test.esluzby.net\/index.php?rest_route=\/wp\/v2\/types\/product"}],"replies":[{"embeddable":true,"href":"https:\/\/test.esluzby.net\/index.php?rest_route=%2Fwp%2Fv2%2Fcomments&post=126257"}],"version-history":[{"count":0,"href":"https:\/\/test.esluzby.net\/index.php?rest_route=\/wp\/v2\/product\/126257\/revisions"}],"wp:featuredmedia":[{"embeddable":true,"href":"https:\/\/test.esluzby.net\/index.php?rest_route=\/wp\/v2\/media\/126258"}],"wp:attachment":[{"href":"https:\/\/test.esluzby.net\/index.php?rest_route=%2Fwp%2Fv2%2Fmedia&parent=126257"}],"wp:term":[{"taxonomy":"product_brand","embeddable":true,"href":"https:\/\/test.esluzby.net\/index.php?rest_route=%2Fwp%2Fv2%2Fproduct_brand&post=126257"},{"taxonomy":"product_cat","embeddable":true,"href":"https:\/\/test.esluzby.net\/index.php?rest_route=%2Fwp%2Fv2%2Fproduct_cat&post=126257"},{"taxonomy":"product_tag","embeddable":true,"href":"https:\/\/test.esluzby.net\/index.php?rest_route=%2Fwp%2Fv2%2Fproduct_tag&post=126257"}],"curies":[{"name":"wp","href":"https:\/\/api.w.org\/{rel}","templated":true}]}}