{"id":126871,"date":"2026-02-03T10:42:31","date_gmt":"2026-02-03T09:42:31","guid":{"rendered":"https:\/\/test.esluzby.net\/?post_type=product&#038;p=126871"},"modified":"2026-02-19T10:34:01","modified_gmt":"2026-02-19T09:34:01","slug":"pullitr-05l-bubliny-kristal","status":"publish","type":"product","link":"https:\/\/test.esluzby.net\/?product=pullitr-05l-bubliny-kristal","title":{"rendered":"P\u016fllitr 0,5l &#8211; Bubliny &#8211; k\u0159i\u0161\u0165\u00e1l"},"content":{"rendered":"<h3 data-start=\"104\" data-end=\"145\">Sklen\u011bn\u00fd p\u016fllitr s perliv\u00fdm efektem<\/h3>\n<p data-start=\"146\" data-end=\"355\">P\u016fllitr, kter\u00fd je tak origin\u00e1ln\u00ed jako va\u0161e obl\u00edben\u00e9 pivo. Ka\u017ed\u00fd kus je vyroben z lehce k\u0159i\u0161\u0165\u00e1lov\u00e9ho \u010dist\u00e9ho skla a zdoben vzduchov\u00fdmi bublinkami, kter\u00e9 dod\u00e1vaj\u00ed sklu jedine\u010dn\u00fd charakter a hru sv\u011btla.<\/p>\n<p data-start=\"357\" data-end=\"614\">Perfektn\u011b tvarovan\u00fd p\u016fllitr padne do ruky, p\u0159esto vynik\u00e1 sv\u00fdm designem \u2013 bublinky ve skle nejsou jen ozdobou, ale tak\u00e9 podtrhuj\u00ed pr\u00e9miov\u00fd vzhled va\u0161eho stolov\u00e1n\u00ed. P\u016fllitr je vhodn\u00fd pro v\u0161echny druhy piva a z\u00e1rove\u0148 skv\u011ble vypad\u00e1 i jako dekorativn\u00ed kousek.<\/p>\n<p data-start=\"616\" data-end=\"687\"><strong data-start=\"616\" data-end=\"687\">Elegantn\u00ed, funk\u010dn\u00ed a jedine\u010dn\u00fd \u2013 p\u016fllitr, kter\u00e9ho si v\u0161imnou v\u0161ichni.<\/strong><\/p>\n","protected":false},"excerpt":{"rendered":"<p>Bublinkov\u00fd p\u016fllitr \u2013 lehce k\u0159i\u0161\u0165\u00e1lov\u00e9ho sklo, perfektn\u00ed tvar a jedine\u010dn\u00fd design. P\u0159in\u00e1\u0161\u00ed styl a z\u00e1\u017eitek z ka\u017ed\u00e9ho dou\u0161ku.<\/p>\n","protected":false},"featured_media":126872,"comment_status":"closed","ping_status":"closed","template":"","meta":[],"product_brand":[],"product_cat":[120,121,138,111],"product_tag":[],"class_list":{"0":"post-126871","1":"product","2":"type-product","3":"status-publish","4":"has-post-thumbnail","6":"product_cat-darky-pro-muze","7":"product_cat-darky-pro-zeny","8":"product_cat-skleneny-pullitr","9":"product_cat-tipy-na-darky","11":"first","12":"instock","13":"shipping-taxable","14":"purchasable","15":"product-type-simple"},"_links":{"self":[{"href":"https:\/\/test.esluzby.net\/index.php?rest_route=\/wp\/v2\/product\/126871","targetHints":{"allow":["GET"]}}],"collection":[{"href":"https:\/\/test.esluzby.net\/index.php?rest_route=\/wp\/v2\/product"}],"about":[{"href":"https:\/\/test.esluzby.net\/index.php?rest_route=\/wp\/v2\/types\/product"}],"replies":[{"embeddable":true,"href":"https:\/\/test.esluzby.net\/index.php?rest_route=%2Fwp%2Fv2%2Fcomments&post=126871"}],"version-history":[{"count":0,"href":"https:\/\/test.esluzby.net\/index.php?rest_route=\/wp\/v2\/product\/126871\/revisions"}],"wp:featuredmedia":[{"embeddable":true,"href":"https:\/\/test.esluzby.net\/index.php?rest_route=\/wp\/v2\/media\/126872"}],"wp:attachment":[{"href":"https:\/\/test.esluzby.net\/index.php?rest_route=%2Fwp%2Fv2%2Fmedia&parent=126871"}],"wp:term":[{"taxonomy":"product_brand","embeddable":true,"href":"https:\/\/test.esluzby.net\/index.php?rest_route=%2Fwp%2Fv2%2Fproduct_brand&post=126871"},{"taxonomy":"product_cat","embeddable":true,"href":"https:\/\/test.esluzby.net\/index.php?rest_route=%2Fwp%2Fv2%2Fproduct_cat&post=126871"},{"taxonomy":"product_tag","embeddable":true,"href":"https:\/\/test.esluzby.net\/index.php?rest_route=%2Fwp%2Fv2%2Fproduct_tag&post=126871"}],"curies":[{"name":"wp","href":"https:\/\/api.w.org\/{rel}","templated":true}]}}