{"id":128262,"date":"2026-02-09T08:21:44","date_gmt":"2026-02-09T07:21:44","guid":{"rendered":"https:\/\/test.esluzby.net\/?post_type=product&#038;p=128262"},"modified":"2026-02-19T10:34:03","modified_gmt":"2026-02-19T09:34:03","slug":"sklenene-srdce-romanticky-darek-k-valentynu-%e2%9d%a4%ef%b8%8f-8-cm","status":"publish","type":"product","link":"https:\/\/test.esluzby.net\/?product=sklenene-srdce-romanticky-darek-k-valentynu-%e2%9d%a4%ef%b8%8f-8-cm","title":{"rendered":"Sklen\u011bn\u00e9 srdce \u2013 romantick\u00fd d\u00e1rek k Valent\u00fdnu \u2764\ufe0f 8 cm"},"content":{"rendered":"<h3 data-start=\"175\" data-end=\"230\">Sklen\u011bn\u00e9 srdce \u2013 dokonal\u00fd valent\u00fdnsk\u00fd d\u00e1rek z l\u00e1sky<\/h3>\n<p data-start=\"232\" data-end=\"478\">Hled\u00e1te origin\u00e1ln\u00ed <strong data-start=\"251\" data-end=\"272\">d\u00e1rek k Valent\u00fdnu<\/strong>, kter\u00fd \u0159ekne \u201emiluji t\u011b\u201c beze slov? <strong data-start=\"309\" data-end=\"327\">Sklen\u011bn\u00e9 srdce<\/strong> je nad\u010dasov\u00fd symbol l\u00e1sky, n\u011bhy a up\u0159\u00edmn\u00fdch emoc\u00ed. Elegantn\u00ed proveden\u00ed z kvalitn\u00edho skla z n\u011bj d\u011bl\u00e1 kr\u00e1snou dekoraci i vzpom\u00ednku, kter\u00e1 vydr\u017e\u00ed nav\u017edy.<\/p>\n<p data-start=\"480\" data-end=\"655\">Tento romantick\u00fd d\u00e1rek je ide\u00e1ln\u00ed pro partnerku, partnera, man\u017eelku i man\u017eela. Skv\u011ble se hod\u00ed nejen k Valent\u00fdnu, ale tak\u00e9 k v\u00fdro\u010d\u00ed, z\u00e1snub\u00e1m nebo jako pozornost z \u010dist\u00e9 l\u00e1sky.<\/p>\n","protected":false},"excerpt":{"rendered":"<p>Sklen\u011bn\u00e9 srdce jako origin\u00e1ln\u00ed valent\u00fdnsk\u00fd d\u00e1rek. Elegantn\u00ed symbol l\u00e1sky, kter\u00fd pot\u011b\u0161\u00ed partnerku i partnera. Ide\u00e1ln\u00ed k Valent\u00fdnu i v\u00fdro\u010d\u00ed. Daruj sv\u00e9 srdce.<\/p>\n","protected":false},"featured_media":128263,"comment_status":"closed","ping_status":"closed","template":"","meta":[],"product_brand":[],"product_cat":[121,146,141,144],"product_tag":[],"class_list":{"0":"post-128262","1":"product","2":"type-product","3":"status-publish","4":"has-post-thumbnail","6":"product_cat-darky-pro-zeny","7":"product_cat-sklenena-tezitka-a-olejove-lampy","8":"product_cat-svatebni-darky","9":"product_cat-valentyn","11":"first","12":"instock","13":"shipping-taxable","14":"purchasable","15":"product-type-simple"},"_links":{"self":[{"href":"https:\/\/test.esluzby.net\/index.php?rest_route=\/wp\/v2\/product\/128262","targetHints":{"allow":["GET"]}}],"collection":[{"href":"https:\/\/test.esluzby.net\/index.php?rest_route=\/wp\/v2\/product"}],"about":[{"href":"https:\/\/test.esluzby.net\/index.php?rest_route=\/wp\/v2\/types\/product"}],"replies":[{"embeddable":true,"href":"https:\/\/test.esluzby.net\/index.php?rest_route=%2Fwp%2Fv2%2Fcomments&post=128262"}],"version-history":[{"count":0,"href":"https:\/\/test.esluzby.net\/index.php?rest_route=\/wp\/v2\/product\/128262\/revisions"}],"wp:featuredmedia":[{"embeddable":true,"href":"https:\/\/test.esluzby.net\/index.php?rest_route=\/wp\/v2\/media\/128263"}],"wp:attachment":[{"href":"https:\/\/test.esluzby.net\/index.php?rest_route=%2Fwp%2Fv2%2Fmedia&parent=128262"}],"wp:term":[{"taxonomy":"product_brand","embeddable":true,"href":"https:\/\/test.esluzby.net\/index.php?rest_route=%2Fwp%2Fv2%2Fproduct_brand&post=128262"},{"taxonomy":"product_cat","embeddable":true,"href":"https:\/\/test.esluzby.net\/index.php?rest_route=%2Fwp%2Fv2%2Fproduct_cat&post=128262"},{"taxonomy":"product_tag","embeddable":true,"href":"https:\/\/test.esluzby.net\/index.php?rest_route=%2Fwp%2Fv2%2Fproduct_tag&post=128262"}],"curies":[{"name":"wp","href":"https:\/\/api.w.org\/{rel}","templated":true}]}}