{"id":128469,"date":"2026-02-10T18:56:59","date_gmt":"2026-02-10T17:56:59","guid":{"rendered":"https:\/\/test.esluzby.net\/?post_type=product&#038;p=128469"},"modified":"2026-02-19T10:34:07","modified_gmt":"2026-02-19T09:34:07","slug":"stolni-souprava-na-koreni-s-cinovou-monturou-22cm","status":"publish","type":"product","link":"https:\/\/test.esluzby.net\/?product=stolni-souprava-na-koreni-s-cinovou-monturou-22cm","title":{"rendered":"Stoln\u00ed souprava na ko\u0159en\u00ed s c\u00ednovou monturou 22cm"},"content":{"rendered":"<p data-start=\"122\" data-end=\"303\">Vyr\u00e1b\u00edme repliky c\u00ednov\u00fdch p\u0159edm\u011bt\u016f, kter\u00e9 dopl\u0148ujeme vlastn\u00edmi sklen\u011bn\u00fdmi v\u00fdrobky \u2013 <strong>karafami, poh\u00e1ry, p\u016fllitry, d\u017eb\u00e1ny, zvonky, sklenicemi, m\u00edsami i petrolejov\u00fdmi lampami<\/strong>. Ka\u017ed\u00fd kus vznik\u00e1 tradi\u010dn\u00edmi postupy a je v\u00fdsledkem pe\u010dliv\u00e9 ru\u010dn\u00ed pr\u00e1ce.<\/p>\n<p data-start=\"122\" data-end=\"303\"><strong data-start=\"122\" data-end=\"147\">C\u00edna\u0159stv\u00ed \u2013 pas\u00ed\u0159stv\u00ed<\/strong> se v\u011bnuje v\u00fdrob\u011b dobov\u00fdch replik podle historick\u00fdch origin\u00e1l\u016f. V\u011brn\u00e9 c\u00ednov\u00e9 odlitky tvo\u0159\u00ed v kombinaci s ru\u010dn\u011b vyr\u00e1b\u011bn\u00fdm sklem harmonick\u00fd a nad\u010dasov\u00fd celek.<\/p>\n<p data-start=\"550\" data-end=\"653\">Na\u0161e v\u00fdrobky spojuj\u00ed poctiv\u00e9 \u0159emeslo, historickou v\u011brnost a jedine\u010dn\u00fd charakter ru\u010dn\u011b tvarovan\u00e9ho skla.<\/p>\n","protected":false},"excerpt":{"rendered":"<p>Vyr\u00e1b\u00edme v\u011brn\u00e9 repliky c\u00ednov\u00fdch p\u0159edm\u011bt\u016f, kter\u00e9 dopl\u0148ujeme vlastn\u00edmi sklen\u011bn\u00fdmi v\u00fdrobky karafami, poh\u00e1ry, p\u016fllitry, d\u017eb\u00e1ny, sklenice, m\u00edsy i petrolejov\u00fdmi lampami.<\/p>\n","protected":false},"featured_media":128470,"comment_status":"closed","ping_status":"closed","template":"","meta":[],"product_brand":[],"product_cat":[145,111],"product_tag":[],"class_list":{"0":"post-128469","1":"product","2":"type-product","3":"status-publish","4":"has-post-thumbnail","6":"product_cat-sklenene-soupravy","7":"product_cat-tipy-na-darky","9":"first","10":"instock","11":"shipping-taxable","12":"purchasable","13":"product-type-simple"},"_links":{"self":[{"href":"https:\/\/test.esluzby.net\/index.php?rest_route=\/wp\/v2\/product\/128469","targetHints":{"allow":["GET"]}}],"collection":[{"href":"https:\/\/test.esluzby.net\/index.php?rest_route=\/wp\/v2\/product"}],"about":[{"href":"https:\/\/test.esluzby.net\/index.php?rest_route=\/wp\/v2\/types\/product"}],"replies":[{"embeddable":true,"href":"https:\/\/test.esluzby.net\/index.php?rest_route=%2Fwp%2Fv2%2Fcomments&post=128469"}],"version-history":[{"count":0,"href":"https:\/\/test.esluzby.net\/index.php?rest_route=\/wp\/v2\/product\/128469\/revisions"}],"wp:featuredmedia":[{"embeddable":true,"href":"https:\/\/test.esluzby.net\/index.php?rest_route=\/wp\/v2\/media\/128470"}],"wp:attachment":[{"href":"https:\/\/test.esluzby.net\/index.php?rest_route=%2Fwp%2Fv2%2Fmedia&parent=128469"}],"wp:term":[{"taxonomy":"product_brand","embeddable":true,"href":"https:\/\/test.esluzby.net\/index.php?rest_route=%2Fwp%2Fv2%2Fproduct_brand&post=128469"},{"taxonomy":"product_cat","embeddable":true,"href":"https:\/\/test.esluzby.net\/index.php?rest_route=%2Fwp%2Fv2%2Fproduct_cat&post=128469"},{"taxonomy":"product_tag","embeddable":true,"href":"https:\/\/test.esluzby.net\/index.php?rest_route=%2Fwp%2Fv2%2Fproduct_tag&post=128469"}],"curies":[{"name":"wp","href":"https:\/\/api.w.org\/{rel}","templated":true}]}}