{"id":128856,"date":"2026-02-12T12:09:12","date_gmt":"2026-02-12T11:09:12","guid":{"rendered":"https:\/\/test.esluzby.net\/?post_type=product&#038;p=128856"},"modified":"2026-02-19T10:34:12","modified_gmt":"2026-02-19T09:34:12","slug":"ceske-sklo-ceska-hrdost-souprava-narodni-barvy-05l","status":"publish","type":"product","link":"https:\/\/test.esluzby.net\/?product=ceske-sklo-ceska-hrdost-souprava-narodni-barvy-05l","title":{"rendered":"\u010cesk\u00e9 sklo \u010cesk\u00e1 hrdost souprava n\u00e1rodn\u00ed barvy 0,5 l"},"content":{"rendered":"<h3 data-start=\"43\" data-end=\"85\">3 p\u016fllitry na pivo v n\u00e1rodn\u00edch barv\u00e1ch<\/h3>\n<p data-start=\"87\" data-end=\"315\">Dop\u0159ejte si v\u00fdjime\u010dn\u00fd okam\u017eik s jedine\u010dnou sadou t\u0159\u00ed pivn\u00edch p\u016fllitr\u016f v \u010desk\u00fdch n\u00e1rodn\u00edch barv\u00e1ch \u2013 k\u0159i\u0161\u0165\u00e1lov\u011b \u010dir\u00e9, \u010derven\u00e9 a modr\u00e9. Tato elegantn\u00ed kolekce je oslavou tradice, \u0159emesln\u00e9 kvality i hrdosti, kter\u00e1 spojuje generace.<\/p>\n<p data-start=\"317\" data-end=\"610\">P\u016fllitry o objemu 0,5 l jsou vyrobeny z kvalitn\u00edho skla, kter\u00e9 podtrhuje barvu piva a jeho bohatou p\u011bnu. Kombinace \u010dist\u00e9ho k\u0159i\u0161\u0165\u00e1lu s u\u0161lechtil\u00fdmi odst\u00edny \u010derven\u00e9 a modr\u00e9 vytv\u00e1\u0159\u00ed harmonick\u00fd celek, jen\u017e zaujme p\u0159i slavnostn\u00edch p\u0159\u00edle\u017eitostech, st\u00e1tn\u00edch sv\u00e1tc\u00edch i v\u00fdznamn\u00fdch rodinn\u00fdch setk\u00e1n\u00edch.<\/p>\n<p data-start=\"612\" data-end=\"767\">Tato sada je d\u016fstojn\u00fdm dopl\u0148kem ka\u017ed\u00e9ho prost\u0159en\u00e9ho stolu a z\u00e1rove\u0148 origin\u00e1ln\u00edm d\u00e1rkem pro ty, kte\u0159\u00ed si cht\u011bj\u00ed vychutnat poctiv\u00e9 pivo s noblesou a hrdost\u00ed.<\/p>\n","protected":false},"excerpt":{"rendered":"<p>Origin\u00e1ln\u00ed sada 3 p\u016fllitr\u016f na pivo v \u010desk\u00fdch n\u00e1rodn\u00edch barv\u00e1ch \u2013 k\u0159i\u0161\u0165\u00e1lov\u00e1, \u010derven\u00e1 a modr\u00e1. Stylov\u00e9 t\u0159etinky jsou ide\u00e1ln\u00ed na oslavy, fand\u011bn\u00ed, st\u00e1tn\u00ed sv\u00e1tky.<\/p>\n","protected":false},"featured_media":128849,"comment_status":"closed","ping_status":"closed","template":"","meta":[],"product_brand":[],"product_cat":[143,138,140,111],"product_tag":[],"class_list":{"0":"post-128856","1":"product","2":"type-product","3":"status-publish","4":"has-post-thumbnail","6":"product_cat-karo","7":"product_cat-skleneny-pullitr","8":"product_cat-sklenice","9":"product_cat-tipy-na-darky","11":"first","12":"outofstock","13":"shipping-taxable","14":"purchasable","15":"product-type-simple"},"_links":{"self":[{"href":"https:\/\/test.esluzby.net\/index.php?rest_route=\/wp\/v2\/product\/128856","targetHints":{"allow":["GET"]}}],"collection":[{"href":"https:\/\/test.esluzby.net\/index.php?rest_route=\/wp\/v2\/product"}],"about":[{"href":"https:\/\/test.esluzby.net\/index.php?rest_route=\/wp\/v2\/types\/product"}],"replies":[{"embeddable":true,"href":"https:\/\/test.esluzby.net\/index.php?rest_route=%2Fwp%2Fv2%2Fcomments&post=128856"}],"version-history":[{"count":0,"href":"https:\/\/test.esluzby.net\/index.php?rest_route=\/wp\/v2\/product\/128856\/revisions"}],"wp:featuredmedia":[{"embeddable":true,"href":"https:\/\/test.esluzby.net\/index.php?rest_route=\/wp\/v2\/media\/128849"}],"wp:attachment":[{"href":"https:\/\/test.esluzby.net\/index.php?rest_route=%2Fwp%2Fv2%2Fmedia&parent=128856"}],"wp:term":[{"taxonomy":"product_brand","embeddable":true,"href":"https:\/\/test.esluzby.net\/index.php?rest_route=%2Fwp%2Fv2%2Fproduct_brand&post=128856"},{"taxonomy":"product_cat","embeddable":true,"href":"https:\/\/test.esluzby.net\/index.php?rest_route=%2Fwp%2Fv2%2Fproduct_cat&post=128856"},{"taxonomy":"product_tag","embeddable":true,"href":"https:\/\/test.esluzby.net\/index.php?rest_route=%2Fwp%2Fv2%2Fproduct_tag&post=128856"}],"curies":[{"name":"wp","href":"https:\/\/api.w.org\/{rel}","templated":true}]}}