{"id":53685,"date":"2020-05-26T10:08:48","date_gmt":"2020-05-26T08:08:48","guid":{"rendered":"http:\/\/florianovahut.agenturamaveb.cz\/product\/olejova-lampa\/"},"modified":"2026-02-19T10:13:27","modified_gmt":"2026-02-19T09:13:27","slug":"olejova-lampa","status":"publish","type":"product","link":"https:\/\/test.esluzby.net\/?product=olejova-lampa","title":{"rendered":"Olejov\u00e1 lampa &#8211; 6.\u010dakra"},"content":{"rendered":"","protected":false},"excerpt":{"rendered":"<p>6. \u010dakra t\u0159et\u00ed oko. Harmonick\u00e1 funkce:\u00a0Kreativita, inteligence, rozhled, dobr\u00e1 intuice, p\u0159edstavivost a vn\u00edmavost, radost.<\/p>\n","protected":false},"featured_media":81598,"comment_status":"closed","ping_status":"closed","template":"","meta":[],"product_brand":[],"product_cat":[110],"product_tag":[],"class_list":{"0":"post-53685","1":"product","2":"type-product","3":"status-publish","4":"has-post-thumbnail","6":"product_cat-sklenene-svicny","8":"first","9":"outofstock","10":"shipping-taxable","11":"purchasable","12":"product-type-simple"},"_links":{"self":[{"href":"https:\/\/test.esluzby.net\/index.php?rest_route=\/wp\/v2\/product\/53685","targetHints":{"allow":["GET"]}}],"collection":[{"href":"https:\/\/test.esluzby.net\/index.php?rest_route=\/wp\/v2\/product"}],"about":[{"href":"https:\/\/test.esluzby.net\/index.php?rest_route=\/wp\/v2\/types\/product"}],"replies":[{"embeddable":true,"href":"https:\/\/test.esluzby.net\/index.php?rest_route=%2Fwp%2Fv2%2Fcomments&post=53685"}],"version-history":[{"count":0,"href":"https:\/\/test.esluzby.net\/index.php?rest_route=\/wp\/v2\/product\/53685\/revisions"}],"wp:featuredmedia":[{"embeddable":true,"href":"https:\/\/test.esluzby.net\/index.php?rest_route=\/wp\/v2\/media\/81598"}],"wp:attachment":[{"href":"https:\/\/test.esluzby.net\/index.php?rest_route=%2Fwp%2Fv2%2Fmedia&parent=53685"}],"wp:term":[{"taxonomy":"product_brand","embeddable":true,"href":"https:\/\/test.esluzby.net\/index.php?rest_route=%2Fwp%2Fv2%2Fproduct_brand&post=53685"},{"taxonomy":"product_cat","embeddable":true,"href":"https:\/\/test.esluzby.net\/index.php?rest_route=%2Fwp%2Fv2%2Fproduct_cat&post=53685"},{"taxonomy":"product_tag","embeddable":true,"href":"https:\/\/test.esluzby.net\/index.php?rest_route=%2Fwp%2Fv2%2Fproduct_tag&post=53685"}],"curies":[{"name":"wp","href":"https:\/\/api.w.org\/{rel}","templated":true}]}}