{"id":53717,"date":"2020-05-26T10:08:59","date_gmt":"2020-05-26T08:08:59","guid":{"rendered":"http:\/\/florianovahut.agenturamaveb.cz\/product\/skleneny-dzban-zdobeny-cinem\/"},"modified":"2026-02-19T10:13:30","modified_gmt":"2026-02-19T09:13:30","slug":"dzban-zdobeny-cinem-art-nouveau","status":"publish","type":"product","link":"https:\/\/test.esluzby.net\/?product=dzban-zdobeny-cinem-art-nouveau","title":{"rendered":"D\u017eb\u00e1n s c\u00ednov\u00fdm zdoben\u00edm &#8211; Art Nouveau"},"content":{"rendered":"<p data-start=\"257\" data-end=\"556\">D\u017eb\u00e1n je v\u00fdsledkem \u00fazk\u00e9 spolupr\u00e1ce na\u0161\u00ed skl\u00e1rny a c\u00edna\u0159sk\u00e9 d\u00edlny. Pou\u017eit\u00e9 lesn\u00ed sklo vznik\u00e1 tradi\u010dn\u00edmi postupy a ka\u017ed\u00fd kus je pe\u010dliv\u011b tvarov\u00e1n zku\u0161en\u00fdmi mistry skl\u00e1\u0159i. C\u00edna\u0159sk\u00e1 pr\u00e1ce zahrnuje odl\u00e9v\u00e1n\u00ed dekorativn\u00edch i funk\u010dn\u00edch prvk\u016f, kter\u00e9 v\u00fdrobku dod\u00e1vaj\u00ed jedine\u010dn\u00fd charakter a historick\u00fd n\u00e1dech.<\/p>\n<p data-start=\"558\" data-end=\"818\">Specializujeme se na repliky historick\u00fdch c\u00ednov\u00fdch p\u0159edm\u011bt\u016f, kombinovan\u00e9 se sklen\u011bn\u00fdmi poh\u00e1ry, karafami, v\u00ed\u010dky na pivn\u00ed p\u016fllitry a dal\u0161\u00edmi c\u00ednov\u00fdmi detaily. Ka\u017ed\u00fd v\u00fdrobek je v\u011brnou kopi\u00ed origin\u00e1lu, vyrobenou v\u00fdhradn\u011b ru\u010dn\u011b s d\u016frazem na autenticitu a kvalitu.<\/p>\n<p data-start=\"820\" data-end=\"983\">Ve\u0161ker\u00e1 produkce vznik\u00e1 poctivou ru\u010dn\u00ed prac\u00ed mistr\u016f z na\u0161\u00ed skl\u00e1rny v podh\u016f\u0159\u00ed Lu\u017eick\u00fdch hor, kde tradice a \u0159emesln\u00e1 preciznost spl\u00fdvaj\u00ed v nad\u010dasov\u00e9 um\u011bleck\u00e9 d\u00edlo.<\/p>\n","protected":false},"excerpt":{"rendered":"<p>D\u017eb\u00e1n z lesn\u00edho skla s ru\u010dn\u011b odl\u00e9van\u00fdmi c\u00ednov\u00fdmi prvky, vyroben\u00fd tradi\u010dn\u00edmi postupy \u010desk\u00e9 skl\u00e1rny a c\u00edna\u0159sk\u00e9 d\u00edlny. V\u011brn\u00e1 replika historick\u00e9ho skla, poctiv\u00e1 ru\u010dn\u00ed pr\u00e1ce mistr\u016f z podh\u016f\u0159\u00ed Lu\u017eick\u00fdch hor.<\/p>\n","protected":false},"featured_media":81609,"comment_status":"closed","ping_status":"closed","template":"","meta":[],"product_brand":[],"product_cat":[118,109,113,119],"product_tag":[],"class_list":{"0":"post-53717","1":"product","2":"type-product","3":"status-publish","4":"has-post-thumbnail","6":"product_cat-art-nouveau","7":"product_cat-dekoracni-sklo","8":"product_cat-historicke-sklo","9":"product_cat-sklenene-dzbany","11":"first","12":"instock","13":"shipping-taxable","14":"purchasable","15":"product-type-simple"},"_links":{"self":[{"href":"https:\/\/test.esluzby.net\/index.php?rest_route=\/wp\/v2\/product\/53717","targetHints":{"allow":["GET"]}}],"collection":[{"href":"https:\/\/test.esluzby.net\/index.php?rest_route=\/wp\/v2\/product"}],"about":[{"href":"https:\/\/test.esluzby.net\/index.php?rest_route=\/wp\/v2\/types\/product"}],"replies":[{"embeddable":true,"href":"https:\/\/test.esluzby.net\/index.php?rest_route=%2Fwp%2Fv2%2Fcomments&post=53717"}],"version-history":[{"count":0,"href":"https:\/\/test.esluzby.net\/index.php?rest_route=\/wp\/v2\/product\/53717\/revisions"}],"wp:featuredmedia":[{"embeddable":true,"href":"https:\/\/test.esluzby.net\/index.php?rest_route=\/wp\/v2\/media\/81609"}],"wp:attachment":[{"href":"https:\/\/test.esluzby.net\/index.php?rest_route=%2Fwp%2Fv2%2Fmedia&parent=53717"}],"wp:term":[{"taxonomy":"product_brand","embeddable":true,"href":"https:\/\/test.esluzby.net\/index.php?rest_route=%2Fwp%2Fv2%2Fproduct_brand&post=53717"},{"taxonomy":"product_cat","embeddable":true,"href":"https:\/\/test.esluzby.net\/index.php?rest_route=%2Fwp%2Fv2%2Fproduct_cat&post=53717"},{"taxonomy":"product_tag","embeddable":true,"href":"https:\/\/test.esluzby.net\/index.php?rest_route=%2Fwp%2Fv2%2Fproduct_tag&post=53717"}],"curies":[{"name":"wp","href":"https:\/\/api.w.org\/{rel}","templated":true}]}}