{"id":53757,"date":"2020-05-26T10:09:31","date_gmt":"2020-05-26T08:09:31","guid":{"rendered":"http:\/\/florianovahut.agenturamaveb.cz\/product\/skleneny-dzban-23\/"},"modified":"2026-02-19T10:13:35","modified_gmt":"2026-02-19T09:13:35","slug":"skleneny-dzban-5070-1000-06","status":"publish","type":"product","link":"https:\/\/test.esluzby.net\/?product=skleneny-dzban-5070-1000-06","title":{"rendered":"D\u017eb\u00e1n 1l &#8211; Krakle &#8211; lesn\u00ed zelen\u00e1"},"content":{"rendered":"<div class=\"vc_row wpb_row vc_row-fluid vc_custom_1645464110059 vc_row-o-equal-height vc_row-flex wd-rs-6213ca2ad0e0c\">\n<div class=\"wpb_column vc_column_container vc_col-sm-6 vc_col-lg-6 vc_col-md-6 vc_col-xs-12 wd-rs-620d24bfe555d\">\n<div class=\"vc_column-inner vc_custom_1645028550110\">\n<div class=\"wpb_wrapper\">\n<div class=\"wd-single-tabs wd-wpb wd-rs-620d28c328ebe\">\n<div class=\"woocommerce-tabs wc-tabs-wrapper\" data-state=\"first\" data-layout=\"tabs\">\n<div id=\"tab-description\" class=\"woocommerce-Tabs-panel panel entry-content wc-tab woocommerce-Tabs-panel--description\" role=\"tabpanel\" aria-labelledby=\"tab-title-description\" data-accordion-index=\"description\">\n<p>Kolekce Krakle je v\u00fdjime\u010dn\u00e1 nejen sv\u00fdm vzhledem, ale i histori\u00ed.\u00a0 Pro jej\u00ed tvorbu se vyu\u017e\u00edvaj\u00ed optick\u00e9 formy, kter\u00e9 se pou\u017e\u00edvaly ji\u017e od po\u010d\u00e1tku skl\u00e1\u0159stv\u00ed v \u010desk\u00fdch zem\u00edch. Ty se postupn\u011b zdokonalovaly a p\u0159izp\u016fsobovaly st\u00e1le slo\u017eit\u011bj\u0161\u00edm dekor\u016fm.<\/p>\n<p>Kraklov\u00e1n\u00ed skla je velmi star\u00e1 technika, kter\u00e1 sah\u00e1 a\u017e do starov\u011bku, i kdy\u017e jej\u00ed popularita kol\u00edsala podle obdob\u00ed a regionu. Dnes je ale toto sklo velmi obl\u00edben\u00e9.<\/p>\n<p>D\u017eb\u00e1n z kolekce Krakle je ru\u010dn\u011b foukan\u00fd a zdoben\u00fd kraklov\u00e1n\u00edm \u2013 efektem, kter\u00fd p\u0159ipom\u00edn\u00e1 popraskan\u00fd led nebo star\u00e9 zrcadlo. V\u00fdsledkem je d\u017eb\u00e1n, kter\u00fd v sob\u011b nese eleganci, tradici i \u0161petku tajemstv\u00ed. Je univerz\u00e1ln\u00ed \u2013 hod\u00ed se jak do modern\u00edho interi\u00e9ru, tak na chalupu.<\/p>\n<p>V letn\u00edch dnech je ide\u00e1ln\u00ed na dom\u00e1c\u00ed limon\u00e1du s pl\u00e1tky citronu nebo t\u0159eba osv\u011b\u017euj\u00edc\u00ed pivo. Sv\u00e9 uplatn\u011bn\u00ed si ur\u010dit\u011b najde i v zim\u011b, nen\u00ed ov\u0161em ur\u010den\u00fd pro hork\u00e9 n\u00e1poje.<\/p>\n<\/div>\n<\/div>\n<\/div>\n<\/div>\n<\/div>\n<\/div>\n<\/div>\n<div class=\"vc_row wpb_row vc_row-fluid\">\n<div class=\"wpb_column vc_column_container vc_col-sm-12 wd-rs-6203cd86b8eb0\">\n<div class=\"vc_column-inner vc_custom_1644416396548\">\n<div class=\"wpb_wrapper\">\n<div id=\"wd-6215037011587\" class=\"title-wrapper wd-wpb wd-set-mb reset-last-child  wd-rs-6215037011587 wd-title-color-primary wd-title-style-default text-left  wd-underline-colored\">\n<div class=\"liner-continer\">\n<h4 class=\"woodmart-title-container title  wd-font-weight- wd-fontsize-l\">RELATED PRODUCTS<\/h4>\n<\/div>\n<\/div>\n<\/div>\n<\/div>\n<\/div>\n<\/div>\n","protected":false},"excerpt":{"rendered":"<p>V dekoru Krakle vyr\u00e1b\u00edme produkty od d\u017eb\u00e1n\u016f, p\u0159es r\u016fzn\u00e9 misky a skleni\u010dky, a\u017e po petrolejov\u00e9 lampy. Tento dekor\u00a0oslov\u00ed v\u0161echny, kte\u0159\u00ed si cen\u00ed kr\u00e1sy a originality skla.<\/p>\n","protected":false},"featured_media":81617,"comment_status":"closed","ping_status":"closed","template":"","meta":[],"product_brand":[],"product_cat":[117,114,119],"product_tag":[],"class_list":{"0":"post-53757","1":"product","2":"type-product","3":"status-publish","4":"has-post-thumbnail","6":"product_cat-kolekce","7":"product_cat-lesni-sklo","8":"product_cat-sklenene-dzbany","10":"first","11":"outofstock","12":"shipping-taxable","13":"purchasable","14":"product-type-simple"},"_links":{"self":[{"href":"https:\/\/test.esluzby.net\/index.php?rest_route=\/wp\/v2\/product\/53757","targetHints":{"allow":["GET"]}}],"collection":[{"href":"https:\/\/test.esluzby.net\/index.php?rest_route=\/wp\/v2\/product"}],"about":[{"href":"https:\/\/test.esluzby.net\/index.php?rest_route=\/wp\/v2\/types\/product"}],"replies":[{"embeddable":true,"href":"https:\/\/test.esluzby.net\/index.php?rest_route=%2Fwp%2Fv2%2Fcomments&post=53757"}],"version-history":[{"count":0,"href":"https:\/\/test.esluzby.net\/index.php?rest_route=\/wp\/v2\/product\/53757\/revisions"}],"wp:featuredmedia":[{"embeddable":true,"href":"https:\/\/test.esluzby.net\/index.php?rest_route=\/wp\/v2\/media\/81617"}],"wp:attachment":[{"href":"https:\/\/test.esluzby.net\/index.php?rest_route=%2Fwp%2Fv2%2Fmedia&parent=53757"}],"wp:term":[{"taxonomy":"product_brand","embeddable":true,"href":"https:\/\/test.esluzby.net\/index.php?rest_route=%2Fwp%2Fv2%2Fproduct_brand&post=53757"},{"taxonomy":"product_cat","embeddable":true,"href":"https:\/\/test.esluzby.net\/index.php?rest_route=%2Fwp%2Fv2%2Fproduct_cat&post=53757"},{"taxonomy":"product_tag","embeddable":true,"href":"https:\/\/test.esluzby.net\/index.php?rest_route=%2Fwp%2Fv2%2Fproduct_tag&post=53757"}],"curies":[{"name":"wp","href":"https:\/\/api.w.org\/{rel}","templated":true}]}}