{"id":53771,"date":"2020-05-26T10:09:42","date_gmt":"2020-05-26T08:09:42","guid":{"rendered":"http:\/\/florianovahut.agenturamaveb.cz\/product\/flakon-zdobeny-cinem\/"},"modified":"2026-02-19T10:13:37","modified_gmt":"2026-02-19T09:13:37","slug":"flakon-zdobeny-cinem","status":"publish","type":"product","link":"https:\/\/test.esluzby.net\/?product=flakon-zdobeny-cinem","title":{"rendered":"Flakon zdoben\u00fd c\u00ednem &#8211; lesn\u00ed zelen\u00e1 &#8211; 0,150l"},"content":{"rendered":"","protected":false},"excerpt":{"rendered":"<p>Jedn\u00e1 se o typickou ru\u010dn\u00ed v\u00fdrobu \u010desk\u00e9ho sklafoukan\u00e9ho v na\u0161em glass studiu zdoben\u00e9 odlitky s c\u00ednu t\u00e9\u017e vyrab\u011bn\u00e9 ru\u010dn\u00ed technikou.\u010cesk\u00e9Sklocel\u00fd sv\u011bt zn\u00e1 jako Glass-Bohemia.Jedn\u00e1 se o sklo sodno -draseln\u00e9 m\u00e1 velk\u00fd lesk a krasn\u00fd zvuk.<\/p>\n","protected":false},"featured_media":81620,"comment_status":"closed","ping_status":"closed","template":"","meta":[],"product_brand":[],"product_cat":[113,123],"product_tag":[],"class_list":{"0":"post-53771","1":"product","2":"type-product","3":"status-publish","4":"has-post-thumbnail","6":"product_cat-historicke-sklo","7":"product_cat-lahve-a-karafy","9":"first","10":"outofstock","11":"shipping-taxable","12":"purchasable","13":"product-type-simple"},"_links":{"self":[{"href":"https:\/\/test.esluzby.net\/index.php?rest_route=\/wp\/v2\/product\/53771","targetHints":{"allow":["GET"]}}],"collection":[{"href":"https:\/\/test.esluzby.net\/index.php?rest_route=\/wp\/v2\/product"}],"about":[{"href":"https:\/\/test.esluzby.net\/index.php?rest_route=\/wp\/v2\/types\/product"}],"replies":[{"embeddable":true,"href":"https:\/\/test.esluzby.net\/index.php?rest_route=%2Fwp%2Fv2%2Fcomments&post=53771"}],"version-history":[{"count":0,"href":"https:\/\/test.esluzby.net\/index.php?rest_route=\/wp\/v2\/product\/53771\/revisions"}],"wp:featuredmedia":[{"embeddable":true,"href":"https:\/\/test.esluzby.net\/index.php?rest_route=\/wp\/v2\/media\/81620"}],"wp:attachment":[{"href":"https:\/\/test.esluzby.net\/index.php?rest_route=%2Fwp%2Fv2%2Fmedia&parent=53771"}],"wp:term":[{"taxonomy":"product_brand","embeddable":true,"href":"https:\/\/test.esluzby.net\/index.php?rest_route=%2Fwp%2Fv2%2Fproduct_brand&post=53771"},{"taxonomy":"product_cat","embeddable":true,"href":"https:\/\/test.esluzby.net\/index.php?rest_route=%2Fwp%2Fv2%2Fproduct_cat&post=53771"},{"taxonomy":"product_tag","embeddable":true,"href":"https:\/\/test.esluzby.net\/index.php?rest_route=%2Fwp%2Fv2%2Fproduct_tag&post=53771"}],"curies":[{"name":"wp","href":"https:\/\/api.w.org\/{rel}","templated":true}]}}