{"id":53783,"date":"2020-05-26T10:09:55","date_gmt":"2020-05-26T08:09:55","guid":{"rendered":"http:\/\/florianovahut.agenturamaveb.cz\/product\/sklenena-karafa-na-vino-s-cinem\/"},"modified":"2026-02-19T10:13:38","modified_gmt":"2026-02-19T09:13:38","slug":"karafa-s-cinem-art-nouveau-2","status":"publish","type":"product","link":"https:\/\/test.esluzby.net\/?product=karafa-s-cinem-art-nouveau-2","title":{"rendered":"Karafa zdoben\u00e1 c\u00ednem &#8211; Art Nouveau"},"content":{"rendered":"","protected":false},"excerpt":{"rendered":"<p>Jedn\u00e1 se o typickou ru\u010dn\u00ed v\u00fdrobu \u010desk\u00e9ho sklafoukan\u00e9ho v na\u0161em glass studiu zdoben\u00e9 nebo dopln\u011bn\u00e9 odlitky z c\u00ednu t\u00e9\u017e vyrab\u011bn\u00e9 ru\u010dn\u00ed technikou.\u010cesk\u00e9Sklocel\u00fd sv\u011bt zn\u00e1 jako Glass-Bohemia.Jedn\u00e1 se o sklo sodno draseln\u00e9.Karafa se pou\u017e\u00edv\u00e1 na b\u00edl\u00e9 v\u00edno.<\/p>\n","protected":false},"featured_media":81624,"comment_status":"closed","ping_status":"closed","template":"","meta":[],"product_brand":[],"product_cat":[118,122,113,123],"product_tag":[],"class_list":{"0":"post-53783","1":"product","2":"type-product","3":"status-publish","4":"has-post-thumbnail","6":"product_cat-art-nouveau","7":"product_cat-bambus","8":"product_cat-historicke-sklo","9":"product_cat-lahve-a-karafy","11":"first","12":"outofstock","13":"shipping-taxable","14":"purchasable","15":"product-type-simple"},"_links":{"self":[{"href":"https:\/\/test.esluzby.net\/index.php?rest_route=\/wp\/v2\/product\/53783","targetHints":{"allow":["GET"]}}],"collection":[{"href":"https:\/\/test.esluzby.net\/index.php?rest_route=\/wp\/v2\/product"}],"about":[{"href":"https:\/\/test.esluzby.net\/index.php?rest_route=\/wp\/v2\/types\/product"}],"replies":[{"embeddable":true,"href":"https:\/\/test.esluzby.net\/index.php?rest_route=%2Fwp%2Fv2%2Fcomments&post=53783"}],"version-history":[{"count":0,"href":"https:\/\/test.esluzby.net\/index.php?rest_route=\/wp\/v2\/product\/53783\/revisions"}],"wp:featuredmedia":[{"embeddable":true,"href":"https:\/\/test.esluzby.net\/index.php?rest_route=\/wp\/v2\/media\/81624"}],"wp:attachment":[{"href":"https:\/\/test.esluzby.net\/index.php?rest_route=%2Fwp%2Fv2%2Fmedia&parent=53783"}],"wp:term":[{"taxonomy":"product_brand","embeddable":true,"href":"https:\/\/test.esluzby.net\/index.php?rest_route=%2Fwp%2Fv2%2Fproduct_brand&post=53783"},{"taxonomy":"product_cat","embeddable":true,"href":"https:\/\/test.esluzby.net\/index.php?rest_route=%2Fwp%2Fv2%2Fproduct_cat&post=53783"},{"taxonomy":"product_tag","embeddable":true,"href":"https:\/\/test.esluzby.net\/index.php?rest_route=%2Fwp%2Fv2%2Fproduct_tag&post=53783"}],"curies":[{"name":"wp","href":"https:\/\/api.w.org\/{rel}","templated":true}]}}