{"id":53787,"date":"2020-05-26T10:09:55","date_gmt":"2020-05-26T08:09:55","guid":{"rendered":"http:\/\/florianovahut.agenturamaveb.cz\/product\/sklenena-lahev-na-liker-s-cinem\/"},"modified":"2026-02-19T10:13:39","modified_gmt":"2026-02-19T09:13:39","slug":"sklenena-lahev-na-liker-s-cinem","status":"publish","type":"product","link":"https:\/\/test.esluzby.net\/?product=sklenena-lahev-na-liker-s-cinem","title":{"rendered":"Karafa 0,3l &#8211; zdoben\u00e1 c\u00ednem &#8211; lesn\u00ed zelen\u00e1"},"content":{"rendered":"<p>C\u00edna\u0159stv\u00ed \u2013 pas\u00ed\u0159stv\u00ed je odl\u00e9v\u00e1n\u00ed dobov\u00fdch replik dle origin\u00e1lu, kter\u00e9 tvo\u0159\u00ed se sklem kr\u00e1sn\u00e9 kombinace.<\/p>\n<p>Vyr\u00e1b\u00edme v\u011brn\u00e9 repliky c\u00ednov\u00fdch p\u0159edm\u011bt\u016f, se kter\u00fdmi kombinujeme na\u0161e sklen\u011bn\u00e9 v\u00fdrobky- karafy, poh\u00e1ry, p\u016fllitry, d\u017eb\u00e1ny, zvonky, sklenice, m\u00edsy, petrolejov\u00e9 lampy. V\u0161e je ru\u010dn\u00ed pr\u00e1ce.<\/p>\n<p>Jedn\u00e1 se o sklo sodno-draseln\u00e9, kter\u00e9 se vyzna\u010duje velk\u00fdm leskem a kr\u00e1sn\u00fdm zvukem. Produkty zdoben\u00e9 c\u00ednem nedoporu\u010dujeme d\u00e1vat do my\u010dky na n\u00e1dob\u00ed.<\/p>\n","protected":false},"excerpt":{"rendered":"<p>Karafa je pro ty , kte\u0159\u00ed cht\u011bj\u00ed m\u00edt na stole n\u011bco kr\u00e1sn\u00e9ho a funk\u010dn\u00edho z\u00e1rove\u0148.<\/p>\n","protected":false},"featured_media":81628,"comment_status":"closed","ping_status":"closed","template":"","meta":[],"product_brand":[],"product_cat":[113,123,114],"product_tag":[],"class_list":{"0":"post-53787","1":"product","2":"type-product","3":"status-publish","4":"has-post-thumbnail","6":"product_cat-historicke-sklo","7":"product_cat-lahve-a-karafy","8":"product_cat-lesni-sklo","10":"first","11":"instock","12":"shipping-taxable","13":"purchasable","14":"product-type-simple"},"_links":{"self":[{"href":"https:\/\/test.esluzby.net\/index.php?rest_route=\/wp\/v2\/product\/53787","targetHints":{"allow":["GET"]}}],"collection":[{"href":"https:\/\/test.esluzby.net\/index.php?rest_route=\/wp\/v2\/product"}],"about":[{"href":"https:\/\/test.esluzby.net\/index.php?rest_route=\/wp\/v2\/types\/product"}],"replies":[{"embeddable":true,"href":"https:\/\/test.esluzby.net\/index.php?rest_route=%2Fwp%2Fv2%2Fcomments&post=53787"}],"version-history":[{"count":0,"href":"https:\/\/test.esluzby.net\/index.php?rest_route=\/wp\/v2\/product\/53787\/revisions"}],"wp:featuredmedia":[{"embeddable":true,"href":"https:\/\/test.esluzby.net\/index.php?rest_route=\/wp\/v2\/media\/81628"}],"wp:attachment":[{"href":"https:\/\/test.esluzby.net\/index.php?rest_route=%2Fwp%2Fv2%2Fmedia&parent=53787"}],"wp:term":[{"taxonomy":"product_brand","embeddable":true,"href":"https:\/\/test.esluzby.net\/index.php?rest_route=%2Fwp%2Fv2%2Fproduct_brand&post=53787"},{"taxonomy":"product_cat","embeddable":true,"href":"https:\/\/test.esluzby.net\/index.php?rest_route=%2Fwp%2Fv2%2Fproduct_cat&post=53787"},{"taxonomy":"product_tag","embeddable":true,"href":"https:\/\/test.esluzby.net\/index.php?rest_route=%2Fwp%2Fv2%2Fproduct_tag&post=53787"}],"curies":[{"name":"wp","href":"https:\/\/api.w.org\/{rel}","templated":true}]}}