{"id":53795,"date":"2020-05-26T10:09:55","date_gmt":"2020-05-26T08:09:55","guid":{"rendered":"http:\/\/florianovahut.agenturamaveb.cz\/product\/sklenena-karafa-secese-2ks\/"},"modified":"2026-02-19T10:13:42","modified_gmt":"2026-02-19T09:13:42","slug":"sklenena-karafa-art-nouveau-2ks","status":"publish","type":"product","link":"https:\/\/test.esluzby.net\/?product=sklenena-karafa-art-nouveau-2ks","title":{"rendered":"Karafa zdoben\u00e1 c\u00ednem &#8211; lesn\u00ed zelen\u00e1 &#8211; Art Nouveau &#8211; 2ks"},"content":{"rendered":"","protected":false},"excerpt":{"rendered":"<p>Karafa je vyrobena ru\u010dn\u00ed technikou fouk\u00e1n\u00ed do d\u0159ev\u011bn\u00e9 formy, zdoben\u00e1 optick\u00fdm efektem a n\u00e1sledn\u011b ozdobena c\u00ednov\u00fdm odlitkem, kter\u00fd je t\u00e9\u017e odlevan\u00fd ru\u010dn\u00ed technikou. Tyto modely jsou v\u011brn\u00fdmi replikami p\u016fvodn\u00edch v\u00fdrobk\u016f. c\u00ednov\u00e9 p\u0159edm\u011bty<\/p>\n","protected":false},"featured_media":81631,"comment_status":"closed","ping_status":"closed","template":"","meta":[],"product_brand":[],"product_cat":[118,109,113,123],"product_tag":[],"class_list":{"0":"post-53795","1":"product","2":"type-product","3":"status-publish","4":"has-post-thumbnail","6":"product_cat-art-nouveau","7":"product_cat-dekoracni-sklo","8":"product_cat-historicke-sklo","9":"product_cat-lahve-a-karafy","11":"first","12":"outofstock","13":"shipping-taxable","14":"purchasable","15":"product-type-simple"},"_links":{"self":[{"href":"https:\/\/test.esluzby.net\/index.php?rest_route=\/wp\/v2\/product\/53795","targetHints":{"allow":["GET"]}}],"collection":[{"href":"https:\/\/test.esluzby.net\/index.php?rest_route=\/wp\/v2\/product"}],"about":[{"href":"https:\/\/test.esluzby.net\/index.php?rest_route=\/wp\/v2\/types\/product"}],"replies":[{"embeddable":true,"href":"https:\/\/test.esluzby.net\/index.php?rest_route=%2Fwp%2Fv2%2Fcomments&post=53795"}],"version-history":[{"count":0,"href":"https:\/\/test.esluzby.net\/index.php?rest_route=\/wp\/v2\/product\/53795\/revisions"}],"wp:featuredmedia":[{"embeddable":true,"href":"https:\/\/test.esluzby.net\/index.php?rest_route=\/wp\/v2\/media\/81631"}],"wp:attachment":[{"href":"https:\/\/test.esluzby.net\/index.php?rest_route=%2Fwp%2Fv2%2Fmedia&parent=53795"}],"wp:term":[{"taxonomy":"product_brand","embeddable":true,"href":"https:\/\/test.esluzby.net\/index.php?rest_route=%2Fwp%2Fv2%2Fproduct_brand&post=53795"},{"taxonomy":"product_cat","embeddable":true,"href":"https:\/\/test.esluzby.net\/index.php?rest_route=%2Fwp%2Fv2%2Fproduct_cat&post=53795"},{"taxonomy":"product_tag","embeddable":true,"href":"https:\/\/test.esluzby.net\/index.php?rest_route=%2Fwp%2Fv2%2Fproduct_tag&post=53795"}],"curies":[{"name":"wp","href":"https:\/\/api.w.org\/{rel}","templated":true}]}}