{"id":53797,"date":"2020-05-26T10:09:55","date_gmt":"2020-05-26T08:09:55","guid":{"rendered":"http:\/\/florianovahut.agenturamaveb.cz\/product\/karafa-s-cinem\/"},"modified":"2026-02-19T10:13:43","modified_gmt":"2026-02-19T09:13:43","slug":"karafa-s-cinem-art-nouveau","status":"publish","type":"product","link":"https:\/\/test.esluzby.net\/?product=karafa-s-cinem-art-nouveau","title":{"rendered":"Karafa zdoben\u00e1 c\u00ednem &#8211; lesn\u00ed zelen\u00e1 &#8211; Atr Nouveau"},"content":{"rendered":"","protected":false},"excerpt":{"rendered":"<p>Karafa dekorovan\u00e1 c\u00ednem ve stylu secese je jeden z mnoha v\u00fdrobk\u016f kter\u00e9 vyr\u00e1b\u00ed na\u0161e c\u00edsa\u0159sk\u00e1 d\u00edlna dle star\u00e9 p\u0159edlohy \u010d\u00edm\u017e je v\u011brnou replikou historick\u00e9ho skla a c\u00ednu .<\/p>\n","protected":false},"featured_media":81633,"comment_status":"closed","ping_status":"closed","template":"","meta":[],"product_brand":[],"product_cat":[123],"product_tag":[],"class_list":{"0":"post-53797","1":"product","2":"type-product","3":"status-publish","4":"has-post-thumbnail","6":"product_cat-lahve-a-karafy","8":"first","9":"outofstock","10":"shipping-taxable","11":"purchasable","12":"product-type-simple"},"_links":{"self":[{"href":"https:\/\/test.esluzby.net\/index.php?rest_route=\/wp\/v2\/product\/53797","targetHints":{"allow":["GET"]}}],"collection":[{"href":"https:\/\/test.esluzby.net\/index.php?rest_route=\/wp\/v2\/product"}],"about":[{"href":"https:\/\/test.esluzby.net\/index.php?rest_route=\/wp\/v2\/types\/product"}],"replies":[{"embeddable":true,"href":"https:\/\/test.esluzby.net\/index.php?rest_route=%2Fwp%2Fv2%2Fcomments&post=53797"}],"version-history":[{"count":0,"href":"https:\/\/test.esluzby.net\/index.php?rest_route=\/wp\/v2\/product\/53797\/revisions"}],"wp:featuredmedia":[{"embeddable":true,"href":"https:\/\/test.esluzby.net\/index.php?rest_route=\/wp\/v2\/media\/81633"}],"wp:attachment":[{"href":"https:\/\/test.esluzby.net\/index.php?rest_route=%2Fwp%2Fv2%2Fmedia&parent=53797"}],"wp:term":[{"taxonomy":"product_brand","embeddable":true,"href":"https:\/\/test.esluzby.net\/index.php?rest_route=%2Fwp%2Fv2%2Fproduct_brand&post=53797"},{"taxonomy":"product_cat","embeddable":true,"href":"https:\/\/test.esluzby.net\/index.php?rest_route=%2Fwp%2Fv2%2Fproduct_cat&post=53797"},{"taxonomy":"product_tag","embeddable":true,"href":"https:\/\/test.esluzby.net\/index.php?rest_route=%2Fwp%2Fv2%2Fproduct_tag&post=53797"}],"curies":[{"name":"wp","href":"https:\/\/api.w.org\/{rel}","templated":true}]}}