{"id":53813,"date":"2020-05-26T10:10:04","date_gmt":"2020-05-26T08:10:04","guid":{"rendered":"http:\/\/florianovahut.agenturamaveb.cz\/product\/dekantni-lahev-2\/"},"modified":"2026-02-19T10:13:44","modified_gmt":"2026-02-19T09:13:44","slug":"dekantni-lahev-oliva-lesni-zelena","status":"publish","type":"product","link":"https:\/\/test.esluzby.net\/?product=dekantni-lahev-oliva-lesni-zelena","title":{"rendered":"Dekant\u00e9r karafa &#8211; Oliva &#8211; lesn\u00ed zelen\u00e1"},"content":{"rendered":"","protected":false},"excerpt":{"rendered":"<p>Karafa je vyrobena ru\u010dn\u00ed technikou fouk\u00e1n\u00ed do d\u0159ev\u011bn\u00e9 formy zdoben\u00e1 optick\u00fdm efektem. Je vhodn\u00fdm dopl\u0148kem na slavnostn\u00ed st\u016fl, ale i k b\u011b\u017en\u00e9mu pou\u017eit\u00ed.<\/p>\n","protected":false},"featured_media":81636,"comment_status":"closed","ping_status":"closed","template":"","meta":[],"product_brand":[],"product_cat":[113,123,114],"product_tag":[],"class_list":{"0":"post-53813","1":"product","2":"type-product","3":"status-publish","4":"has-post-thumbnail","6":"product_cat-historicke-sklo","7":"product_cat-lahve-a-karafy","8":"product_cat-lesni-sklo","10":"first","11":"outofstock","12":"shipping-taxable","13":"purchasable","14":"product-type-simple"},"_links":{"self":[{"href":"https:\/\/test.esluzby.net\/index.php?rest_route=\/wp\/v2\/product\/53813","targetHints":{"allow":["GET"]}}],"collection":[{"href":"https:\/\/test.esluzby.net\/index.php?rest_route=\/wp\/v2\/product"}],"about":[{"href":"https:\/\/test.esluzby.net\/index.php?rest_route=\/wp\/v2\/types\/product"}],"replies":[{"embeddable":true,"href":"https:\/\/test.esluzby.net\/index.php?rest_route=%2Fwp%2Fv2%2Fcomments&post=53813"}],"version-history":[{"count":0,"href":"https:\/\/test.esluzby.net\/index.php?rest_route=\/wp\/v2\/product\/53813\/revisions"}],"wp:featuredmedia":[{"embeddable":true,"href":"https:\/\/test.esluzby.net\/index.php?rest_route=\/wp\/v2\/media\/81636"}],"wp:attachment":[{"href":"https:\/\/test.esluzby.net\/index.php?rest_route=%2Fwp%2Fv2%2Fmedia&parent=53813"}],"wp:term":[{"taxonomy":"product_brand","embeddable":true,"href":"https:\/\/test.esluzby.net\/index.php?rest_route=%2Fwp%2Fv2%2Fproduct_brand&post=53813"},{"taxonomy":"product_cat","embeddable":true,"href":"https:\/\/test.esluzby.net\/index.php?rest_route=%2Fwp%2Fv2%2Fproduct_cat&post=53813"},{"taxonomy":"product_tag","embeddable":true,"href":"https:\/\/test.esluzby.net\/index.php?rest_route=%2Fwp%2Fv2%2Fproduct_tag&post=53813"}],"curies":[{"name":"wp","href":"https:\/\/api.w.org\/{rel}","templated":true}]}}