{"id":53842,"date":"2020-05-26T10:10:26","date_gmt":"2020-05-26T08:10:26","guid":{"rendered":"http:\/\/florianovahut.agenturamaveb.cz\/product\/sklenena-miska-s-cinovou\/"},"modified":"2026-02-19T10:13:47","modified_gmt":"2026-02-19T09:13:47","slug":"sklenena-miska-s-cinovou-monturou","status":"publish","type":"product","link":"https:\/\/test.esluzby.net\/?product=sklenena-miska-s-cinovou-monturou","title":{"rendered":"Sklen\u011bn\u00e1 miska s c\u00ednovou monturou"},"content":{"rendered":"","protected":false},"excerpt":{"rendered":"<p>Jedn\u00e1 se o typickou ru\u010dn\u00ed v\u00fdrobu \u010desk\u00e9ho skla foukan\u00e9ho v na\u0161em glass studiu. Zdoben\u00e9 nebo dopln\u011bn\u00e9 odlitky s c\u00ednu, t\u00e9\u017e vyr\u00e1b\u011bn\u00e9 ru\u010dn\u00ed technikou. \u010cesk\u00e9 sklo cel\u00fd sv\u011bt zn\u00e1 jako Glass-Bohemia. Jedn\u00e1 se o sklo sodno -draseln\u00e9, m\u00e1 velk\u00fd lesk a kr\u00e1sn\u00fd zvuk.<\/p>\n","protected":false},"featured_media":81644,"comment_status":"closed","ping_status":"closed","template":"","meta":[],"product_brand":[],"product_cat":[113,124,115,111],"product_tag":[],"class_list":{"0":"post-53842","1":"product","2":"type-product","3":"status-publish","4":"has-post-thumbnail","6":"product_cat-historicke-sklo","7":"product_cat-sklenene-misy","8":"product_cat-stolni-sklo","9":"product_cat-tipy-na-darky","11":"first","12":"instock","13":"shipping-taxable","14":"purchasable","15":"product-type-simple"},"_links":{"self":[{"href":"https:\/\/test.esluzby.net\/index.php?rest_route=\/wp\/v2\/product\/53842","targetHints":{"allow":["GET"]}}],"collection":[{"href":"https:\/\/test.esluzby.net\/index.php?rest_route=\/wp\/v2\/product"}],"about":[{"href":"https:\/\/test.esluzby.net\/index.php?rest_route=\/wp\/v2\/types\/product"}],"replies":[{"embeddable":true,"href":"https:\/\/test.esluzby.net\/index.php?rest_route=%2Fwp%2Fv2%2Fcomments&post=53842"}],"version-history":[{"count":0,"href":"https:\/\/test.esluzby.net\/index.php?rest_route=\/wp\/v2\/product\/53842\/revisions"}],"wp:featuredmedia":[{"embeddable":true,"href":"https:\/\/test.esluzby.net\/index.php?rest_route=\/wp\/v2\/media\/81644"}],"wp:attachment":[{"href":"https:\/\/test.esluzby.net\/index.php?rest_route=%2Fwp%2Fv2%2Fmedia&parent=53842"}],"wp:term":[{"taxonomy":"product_brand","embeddable":true,"href":"https:\/\/test.esluzby.net\/index.php?rest_route=%2Fwp%2Fv2%2Fproduct_brand&post=53842"},{"taxonomy":"product_cat","embeddable":true,"href":"https:\/\/test.esluzby.net\/index.php?rest_route=%2Fwp%2Fv2%2Fproduct_cat&post=53842"},{"taxonomy":"product_tag","embeddable":true,"href":"https:\/\/test.esluzby.net\/index.php?rest_route=%2Fwp%2Fv2%2Fproduct_tag&post=53842"}],"curies":[{"name":"wp","href":"https:\/\/api.w.org\/{rel}","templated":true}]}}