{"id":53848,"date":"2023-04-09T14:10:26","date_gmt":"2023-04-09T12:10:26","guid":{"rendered":"http:\/\/florianovahut.agenturamaveb.cz\/product\/plovouci-misa\/"},"modified":"2026-02-19T10:13:48","modified_gmt":"2026-02-19T09:13:48","slug":"plovouci-misa-originalni-rucne-tvarovana","status":"publish","type":"product","link":"https:\/\/test.esluzby.net\/?product=plovouci-misa-originalni-rucne-tvarovana","title":{"rendered":"Plovouc\u00ed m\u00edsa &#8211; origin\u00e1ln\u00ed, ru\u010dn\u011b tvarovan\u00e1"},"content":{"rendered":"","protected":false},"excerpt":{"rendered":"<p>Ru\u010dn\u011b tvarov\u00e1n\u00e1 sklen\u011bn\u00e1 m\u00edsa, origin\u00e1ln\u00ed kus. M\u00edsa ve va\u0161em interi\u00e9ru zaujme i jako solit\u00e9ra. Foukan\u00e1 bez formy.<\/p>\n","protected":false},"featured_media":81647,"comment_status":"closed","ping_status":"closed","template":"","meta":[],"product_brand":[],"product_cat":[124],"product_tag":[],"class_list":{"0":"post-53848","1":"product","2":"type-product","3":"status-publish","4":"has-post-thumbnail","6":"product_cat-sklenene-misy","8":"first","9":"outofstock","10":"shipping-taxable","11":"purchasable","12":"product-type-simple"},"_links":{"self":[{"href":"https:\/\/test.esluzby.net\/index.php?rest_route=\/wp\/v2\/product\/53848","targetHints":{"allow":["GET"]}}],"collection":[{"href":"https:\/\/test.esluzby.net\/index.php?rest_route=\/wp\/v2\/product"}],"about":[{"href":"https:\/\/test.esluzby.net\/index.php?rest_route=\/wp\/v2\/types\/product"}],"replies":[{"embeddable":true,"href":"https:\/\/test.esluzby.net\/index.php?rest_route=%2Fwp%2Fv2%2Fcomments&post=53848"}],"version-history":[{"count":0,"href":"https:\/\/test.esluzby.net\/index.php?rest_route=\/wp\/v2\/product\/53848\/revisions"}],"wp:featuredmedia":[{"embeddable":true,"href":"https:\/\/test.esluzby.net\/index.php?rest_route=\/wp\/v2\/media\/81647"}],"wp:attachment":[{"href":"https:\/\/test.esluzby.net\/index.php?rest_route=%2Fwp%2Fv2%2Fmedia&parent=53848"}],"wp:term":[{"taxonomy":"product_brand","embeddable":true,"href":"https:\/\/test.esluzby.net\/index.php?rest_route=%2Fwp%2Fv2%2Fproduct_brand&post=53848"},{"taxonomy":"product_cat","embeddable":true,"href":"https:\/\/test.esluzby.net\/index.php?rest_route=%2Fwp%2Fv2%2Fproduct_cat&post=53848"},{"taxonomy":"product_tag","embeddable":true,"href":"https:\/\/test.esluzby.net\/index.php?rest_route=%2Fwp%2Fv2%2Fproduct_tag&post=53848"}],"curies":[{"name":"wp","href":"https:\/\/api.w.org\/{rel}","templated":true}]}}