{"id":53858,"date":"2020-05-26T10:10:26","date_gmt":"2020-05-26T08:10:26","guid":{"rendered":"http:\/\/florianovahut.agenturamaveb.cz\/product\/skleneny-vinarsky-kostyr\/"},"modified":"2026-02-19T10:13:48","modified_gmt":"2026-02-19T09:13:48","slug":"skleneny-vinarsky-kostyr","status":"publish","type":"product","link":"https:\/\/test.esluzby.net\/?product=skleneny-vinarsky-kostyr","title":{"rendered":"Sklen\u011bn\u00fd vina\u0159sk\u00fd ko\u0161t\u00fd\u0159"},"content":{"rendered":"","protected":false},"excerpt":{"rendered":"<p>Nelze zas\u00edlat, pouze osobn\u00ed vyzvednut\u00ed. Ko\u0161t\u00fd\u0159 je za\u0159\u00edzen\u00ed, kter\u00e9 pou\u017e\u00edvaj\u00ed vina\u0159i k nas\u00e1t\u00ed v\u00edna ze sudu, aby n\u00e1sledn\u011b mohli nal\u00e9vat do skleni\u010dek neboli ko\u0161tova\u010dek. M\u016f\u017eete se s n\u00edm setkat ve vinn\u00e9m skl\u00edpku.<\/p>\n","protected":false},"featured_media":81650,"comment_status":"closed","ping_status":"closed","template":"","meta":[],"product_brand":[],"product_cat":[126],"product_tag":[],"class_list":{"0":"post-53858","1":"product","2":"type-product","3":"status-publish","4":"has-post-thumbnail","6":"product_cat-lehane-sklo","8":"first","9":"outofstock","10":"shipping-taxable","11":"purchasable","12":"product-type-simple"},"_links":{"self":[{"href":"https:\/\/test.esluzby.net\/index.php?rest_route=\/wp\/v2\/product\/53858","targetHints":{"allow":["GET"]}}],"collection":[{"href":"https:\/\/test.esluzby.net\/index.php?rest_route=\/wp\/v2\/product"}],"about":[{"href":"https:\/\/test.esluzby.net\/index.php?rest_route=\/wp\/v2\/types\/product"}],"replies":[{"embeddable":true,"href":"https:\/\/test.esluzby.net\/index.php?rest_route=%2Fwp%2Fv2%2Fcomments&post=53858"}],"version-history":[{"count":0,"href":"https:\/\/test.esluzby.net\/index.php?rest_route=\/wp\/v2\/product\/53858\/revisions"}],"wp:featuredmedia":[{"embeddable":true,"href":"https:\/\/test.esluzby.net\/index.php?rest_route=\/wp\/v2\/media\/81650"}],"wp:attachment":[{"href":"https:\/\/test.esluzby.net\/index.php?rest_route=%2Fwp%2Fv2%2Fmedia&parent=53858"}],"wp:term":[{"taxonomy":"product_brand","embeddable":true,"href":"https:\/\/test.esluzby.net\/index.php?rest_route=%2Fwp%2Fv2%2Fproduct_brand&post=53858"},{"taxonomy":"product_cat","embeddable":true,"href":"https:\/\/test.esluzby.net\/index.php?rest_route=%2Fwp%2Fv2%2Fproduct_cat&post=53858"},{"taxonomy":"product_tag","embeddable":true,"href":"https:\/\/test.esluzby.net\/index.php?rest_route=%2Fwp%2Fv2%2Fproduct_tag&post=53858"}],"curies":[{"name":"wp","href":"https:\/\/api.w.org\/{rel}","templated":true}]}}