{"id":53885,"date":"2020-05-26T10:10:44","date_gmt":"2020-05-26T08:10:44","guid":{"rendered":"http:\/\/florianovahut.agenturamaveb.cz\/product\/popelnik\/"},"modified":"2026-02-19T10:13:49","modified_gmt":"2026-02-19T09:13:49","slug":"poklop-sklo","status":"publish","type":"product","link":"https:\/\/test.esluzby.net\/?product=poklop-sklo","title":{"rendered":"Poklop sklen\u011bn\u00fd k\u0159i\u0161\u0165\u00e1l"},"content":{"rendered":"","protected":false},"excerpt":{"rendered":"<p>Sklen\u011bn\u00fd poklop je ur\u010den na b\u011b\u017en\u00fd m\u011blk\u00fd tal\u00ed\u0159 . Nejedn\u00e1 se o varn\u00e9 sklo . \u010cesk\u00e9 sklo je zn\u00e1mo svou r\u016fznorodost\u00ed v\u00fdrobk\u016f <\/p>\n","protected":false},"featured_media":81652,"comment_status":"closed","ping_status":"closed","template":"","meta":[],"product_brand":[],"product_cat":[121,109,127,115],"product_tag":[],"class_list":{"0":"post-53885","1":"product","2":"type-product","3":"status-publish","4":"has-post-thumbnail","6":"product_cat-darky-pro-zeny","7":"product_cat-dekoracni-sklo","8":"product_cat-ostatni","9":"product_cat-stolni-sklo","11":"first","12":"outofstock","13":"shipping-taxable","14":"purchasable","15":"product-type-simple"},"_links":{"self":[{"href":"https:\/\/test.esluzby.net\/index.php?rest_route=\/wp\/v2\/product\/53885","targetHints":{"allow":["GET"]}}],"collection":[{"href":"https:\/\/test.esluzby.net\/index.php?rest_route=\/wp\/v2\/product"}],"about":[{"href":"https:\/\/test.esluzby.net\/index.php?rest_route=\/wp\/v2\/types\/product"}],"replies":[{"embeddable":true,"href":"https:\/\/test.esluzby.net\/index.php?rest_route=%2Fwp%2Fv2%2Fcomments&post=53885"}],"version-history":[{"count":0,"href":"https:\/\/test.esluzby.net\/index.php?rest_route=\/wp\/v2\/product\/53885\/revisions"}],"wp:featuredmedia":[{"embeddable":true,"href":"https:\/\/test.esluzby.net\/index.php?rest_route=\/wp\/v2\/media\/81652"}],"wp:attachment":[{"href":"https:\/\/test.esluzby.net\/index.php?rest_route=%2Fwp%2Fv2%2Fmedia&parent=53885"}],"wp:term":[{"taxonomy":"product_brand","embeddable":true,"href":"https:\/\/test.esluzby.net\/index.php?rest_route=%2Fwp%2Fv2%2Fproduct_brand&post=53885"},{"taxonomy":"product_cat","embeddable":true,"href":"https:\/\/test.esluzby.net\/index.php?rest_route=%2Fwp%2Fv2%2Fproduct_cat&post=53885"},{"taxonomy":"product_tag","embeddable":true,"href":"https:\/\/test.esluzby.net\/index.php?rest_route=%2Fwp%2Fv2%2Fproduct_tag&post=53885"}],"curies":[{"name":"wp","href":"https:\/\/api.w.org\/{rel}","templated":true}]}}