{"id":53953,"date":"2020-05-26T10:11:17","date_gmt":"2020-05-26T08:11:17","guid":{"rendered":"http:\/\/florianovahut.agenturamaveb.cz\/product\/drzak-stinidla-na-petrolejovou-lampu\/"},"modified":"2026-02-19T10:13:54","modified_gmt":"2026-02-19T09:13:54","slug":"drzak-stinidla-200","status":"publish","type":"product","link":"https:\/\/test.esluzby.net\/?product=drzak-stinidla-200","title":{"rendered":"Dr\u017e\u00e1k \u0161irmu (st\u00ednidla) &#8211; 200 mm"},"content":{"rendered":"","protected":false},"excerpt":{"rendered":"<p>Dr\u017e\u00e1k \u0161irmu &#8211; st\u00ednidla &#8211; spodn\u00ed pr\u016fm\u011br vnit\u0159n\u00ed 30 mm x horn\u00ed pr\u016fm\u011br vnit\u0159n\u00ed 195 mm. Pou\u017e\u00edt lze v kombinaci s ho\u0159\u00e1kem 30\/50 mm , st\u00ednidlem 190 mm, cylindry s pr\u016fm\u011brem 50 mm. Dr\u017e\u00e1k vyroben v \u010cesk\u00e9 republice.<\/p>\n","protected":false},"featured_media":81664,"comment_status":"closed","ping_status":"closed","template":"","meta":[],"product_brand":[],"product_cat":[130],"product_tag":[],"class_list":{"0":"post-53953","1":"product","2":"type-product","3":"status-publish","4":"has-post-thumbnail","6":"product_cat-komponenty-k-lampam","8":"first","9":"outofstock","10":"shipping-taxable","11":"purchasable","12":"product-type-simple"},"_links":{"self":[{"href":"https:\/\/test.esluzby.net\/index.php?rest_route=\/wp\/v2\/product\/53953","targetHints":{"allow":["GET"]}}],"collection":[{"href":"https:\/\/test.esluzby.net\/index.php?rest_route=\/wp\/v2\/product"}],"about":[{"href":"https:\/\/test.esluzby.net\/index.php?rest_route=\/wp\/v2\/types\/product"}],"replies":[{"embeddable":true,"href":"https:\/\/test.esluzby.net\/index.php?rest_route=%2Fwp%2Fv2%2Fcomments&post=53953"}],"version-history":[{"count":0,"href":"https:\/\/test.esluzby.net\/index.php?rest_route=\/wp\/v2\/product\/53953\/revisions"}],"wp:featuredmedia":[{"embeddable":true,"href":"https:\/\/test.esluzby.net\/index.php?rest_route=\/wp\/v2\/media\/81664"}],"wp:attachment":[{"href":"https:\/\/test.esluzby.net\/index.php?rest_route=%2Fwp%2Fv2%2Fmedia&parent=53953"}],"wp:term":[{"taxonomy":"product_brand","embeddable":true,"href":"https:\/\/test.esluzby.net\/index.php?rest_route=%2Fwp%2Fv2%2Fproduct_brand&post=53953"},{"taxonomy":"product_cat","embeddable":true,"href":"https:\/\/test.esluzby.net\/index.php?rest_route=%2Fwp%2Fv2%2Fproduct_cat&post=53953"},{"taxonomy":"product_tag","embeddable":true,"href":"https:\/\/test.esluzby.net\/index.php?rest_route=%2Fwp%2Fv2%2Fproduct_tag&post=53953"}],"curies":[{"name":"wp","href":"https:\/\/api.w.org\/{rel}","templated":true}]}}