{"id":53961,"date":"2020-05-26T10:11:17","date_gmt":"2020-05-26T08:11:17","guid":{"rendered":"http:\/\/florianovahut.agenturamaveb.cz\/product\/petrolejovy-horak\/"},"modified":"2026-02-19T10:13:56","modified_gmt":"2026-02-19T09:13:56","slug":"petrolejovy-horak-21-38-mm","status":"publish","type":"product","link":"https:\/\/test.esluzby.net\/?product=petrolejovy-horak-21-38-mm","title":{"rendered":"Petrolejov\u00fd ho\u0159\u00e1k 21\/38 mm"},"content":{"rendered":"","protected":false},"excerpt":{"rendered":"<p>Petrolejov\u00fd ho\u0159\u00e1k &#8211; z\u00e1vit pr\u016fm\u011br 21 mm x uchycen\u00ed cylindru pr\u016fm\u011br 38 mm. Pou\u017e\u00edt lze v kombinaci s dr\u017e\u00e1kem \u0161irmu 125 mm \/ 160 mm, \u0161irmem 120 mm \/ 155 mm, cylindrem s pr\u016fm\u011brem 38 mm, ploch\u00fdm knotem \u010d.1. Ho\u0159\u00e1k vyroben v \u010cesk\u00e9 republice.Sou\u010d\u00e1st\u00ed ho\u0159\u00e1ku je i knot.<\/p>\n","protected":false},"featured_media":81667,"comment_status":"closed","ping_status":"closed","template":"","meta":[],"product_brand":[],"product_cat":[132],"product_tag":[],"class_list":{"0":"post-53961","1":"product","2":"type-product","3":"status-publish","4":"has-post-thumbnail","6":"product_cat-nahradni-dily-k-lampam","8":"first","9":"outofstock","10":"shipping-taxable","11":"purchasable","12":"product-type-simple"},"_links":{"self":[{"href":"https:\/\/test.esluzby.net\/index.php?rest_route=\/wp\/v2\/product\/53961","targetHints":{"allow":["GET"]}}],"collection":[{"href":"https:\/\/test.esluzby.net\/index.php?rest_route=\/wp\/v2\/product"}],"about":[{"href":"https:\/\/test.esluzby.net\/index.php?rest_route=\/wp\/v2\/types\/product"}],"replies":[{"embeddable":true,"href":"https:\/\/test.esluzby.net\/index.php?rest_route=%2Fwp%2Fv2%2Fcomments&post=53961"}],"version-history":[{"count":0,"href":"https:\/\/test.esluzby.net\/index.php?rest_route=\/wp\/v2\/product\/53961\/revisions"}],"wp:featuredmedia":[{"embeddable":true,"href":"https:\/\/test.esluzby.net\/index.php?rest_route=\/wp\/v2\/media\/81667"}],"wp:attachment":[{"href":"https:\/\/test.esluzby.net\/index.php?rest_route=%2Fwp%2Fv2%2Fmedia&parent=53961"}],"wp:term":[{"taxonomy":"product_brand","embeddable":true,"href":"https:\/\/test.esluzby.net\/index.php?rest_route=%2Fwp%2Fv2%2Fproduct_brand&post=53961"},{"taxonomy":"product_cat","embeddable":true,"href":"https:\/\/test.esluzby.net\/index.php?rest_route=%2Fwp%2Fv2%2Fproduct_cat&post=53961"},{"taxonomy":"product_tag","embeddable":true,"href":"https:\/\/test.esluzby.net\/index.php?rest_route=%2Fwp%2Fv2%2Fproduct_tag&post=53961"}],"curies":[{"name":"wp","href":"https:\/\/api.w.org\/{rel}","templated":true}]}}