{"id":53962,"date":"2020-05-26T10:11:26","date_gmt":"2020-05-26T08:11:26","guid":{"rendered":"http:\/\/florianovahut.agenturamaveb.cz\/product\/petrolejovy-horak-2\/"},"modified":"2026-02-19T10:13:56","modified_gmt":"2026-02-19T09:13:56","slug":"petrolejovy-horak-23-5","status":"publish","type":"product","link":"https:\/\/test.esluzby.net\/?product=petrolejovy-horak-23-5","title":{"rendered":"Petrolejov\u00fd ho\u0159\u00e1k 23\/5"},"content":{"rendered":"","protected":false},"excerpt":{"rendered":"<p>Petrolejov\u00fd ho\u0159\u00e1k &#8211; z\u00e1vit pr\u016fm\u011br 30 mm x uchycen\u00ed cylindru 50 mm. Pou\u017e\u00edt lze v kombinaci s dr\u017e\u00e1kem \u0161irmu 200 mm , \u0161irmem 190 mm, cylindry s pr\u016fm\u011brem 50 mm, ploch\u00fdm knotem \u010d.2. Ho\u0159\u00e1k vyroben v \u010cesk\u00e9 republice. Sou\u010d\u00e1st\u00ed ho\u0159\u00e1ku je i knot.<\/p>\n","protected":false},"featured_media":81668,"comment_status":"closed","ping_status":"closed","template":"","meta":[],"product_brand":[],"product_cat":[132],"product_tag":[],"class_list":{"0":"post-53962","1":"product","2":"type-product","3":"status-publish","4":"has-post-thumbnail","6":"product_cat-nahradni-dily-k-lampam","8":"first","9":"outofstock","10":"shipping-taxable","11":"purchasable","12":"product-type-simple"},"_links":{"self":[{"href":"https:\/\/test.esluzby.net\/index.php?rest_route=\/wp\/v2\/product\/53962","targetHints":{"allow":["GET"]}}],"collection":[{"href":"https:\/\/test.esluzby.net\/index.php?rest_route=\/wp\/v2\/product"}],"about":[{"href":"https:\/\/test.esluzby.net\/index.php?rest_route=\/wp\/v2\/types\/product"}],"replies":[{"embeddable":true,"href":"https:\/\/test.esluzby.net\/index.php?rest_route=%2Fwp%2Fv2%2Fcomments&post=53962"}],"version-history":[{"count":0,"href":"https:\/\/test.esluzby.net\/index.php?rest_route=\/wp\/v2\/product\/53962\/revisions"}],"wp:featuredmedia":[{"embeddable":true,"href":"https:\/\/test.esluzby.net\/index.php?rest_route=\/wp\/v2\/media\/81668"}],"wp:attachment":[{"href":"https:\/\/test.esluzby.net\/index.php?rest_route=%2Fwp%2Fv2%2Fmedia&parent=53962"}],"wp:term":[{"taxonomy":"product_brand","embeddable":true,"href":"https:\/\/test.esluzby.net\/index.php?rest_route=%2Fwp%2Fv2%2Fproduct_brand&post=53962"},{"taxonomy":"product_cat","embeddable":true,"href":"https:\/\/test.esluzby.net\/index.php?rest_route=%2Fwp%2Fv2%2Fproduct_cat&post=53962"},{"taxonomy":"product_tag","embeddable":true,"href":"https:\/\/test.esluzby.net\/index.php?rest_route=%2Fwp%2Fv2%2Fproduct_tag&post=53962"}],"curies":[{"name":"wp","href":"https:\/\/api.w.org\/{rel}","templated":true}]}}