{"id":54025,"date":"2020-05-26T10:11:54","date_gmt":"2020-05-26T08:11:54","guid":{"rendered":"http:\/\/florianovahut.agenturamaveb.cz\/product\/sklenene-stinidlo-petrolejova-lampa\/"},"modified":"2026-02-19T10:14:00","modified_gmt":"2026-02-19T09:14:00","slug":"stinidlo-sirm-opal-120-mm","status":"publish","type":"product","link":"https:\/\/test.esluzby.net\/?product=stinidlo-sirm-opal-120-mm","title":{"rendered":"St\u00ednidlo (\u0161irm) \u2013 op\u00e1l 120 mm"},"content":{"rendered":"","protected":false},"excerpt":{"rendered":"<p>\u0160irm &#8211; st\u00ednidlo &#8211; dopln\u011bk k petrolejov\u00fdm lamp\u00e1m, kter\u00fd um\u00ed navodit kr\u00e1snou atmosf\u00e9ru a lampu ud\u011bl\u00e1 zaj\u00edmav\u011bj\u0161\u00ed. Typick\u00e1 v\u00fdroba \u010desk\u00e9ho skla &#8211; ru\u010dn\u00ed pr\u00e1ce. Uveden\u00fd rozm\u011br st\u00ednidla je pr\u016fm\u011br spodn\u00ed \u010d\u00e1sti, kter\u00e1 se pasuje do dr\u017e\u00e1ku \u0161irmu.<\/p>\n","protected":false},"featured_media":81678,"comment_status":"closed","ping_status":"closed","template":"","meta":[],"product_brand":[],"product_cat":[130],"product_tag":[],"class_list":{"0":"post-54025","1":"product","2":"type-product","3":"status-publish","4":"has-post-thumbnail","6":"product_cat-komponenty-k-lampam","8":"first","9":"outofstock","10":"shipping-taxable","11":"purchasable","12":"product-type-simple"},"_links":{"self":[{"href":"https:\/\/test.esluzby.net\/index.php?rest_route=\/wp\/v2\/product\/54025","targetHints":{"allow":["GET"]}}],"collection":[{"href":"https:\/\/test.esluzby.net\/index.php?rest_route=\/wp\/v2\/product"}],"about":[{"href":"https:\/\/test.esluzby.net\/index.php?rest_route=\/wp\/v2\/types\/product"}],"replies":[{"embeddable":true,"href":"https:\/\/test.esluzby.net\/index.php?rest_route=%2Fwp%2Fv2%2Fcomments&post=54025"}],"version-history":[{"count":0,"href":"https:\/\/test.esluzby.net\/index.php?rest_route=\/wp\/v2\/product\/54025\/revisions"}],"wp:featuredmedia":[{"embeddable":true,"href":"https:\/\/test.esluzby.net\/index.php?rest_route=\/wp\/v2\/media\/81678"}],"wp:attachment":[{"href":"https:\/\/test.esluzby.net\/index.php?rest_route=%2Fwp%2Fv2%2Fmedia&parent=54025"}],"wp:term":[{"taxonomy":"product_brand","embeddable":true,"href":"https:\/\/test.esluzby.net\/index.php?rest_route=%2Fwp%2Fv2%2Fproduct_brand&post=54025"},{"taxonomy":"product_cat","embeddable":true,"href":"https:\/\/test.esluzby.net\/index.php?rest_route=%2Fwp%2Fv2%2Fproduct_cat&post=54025"},{"taxonomy":"product_tag","embeddable":true,"href":"https:\/\/test.esluzby.net\/index.php?rest_route=%2Fwp%2Fv2%2Fproduct_tag&post=54025"}],"curies":[{"name":"wp","href":"https:\/\/api.w.org\/{rel}","templated":true}]}}