{"id":54136,"date":"2020-05-26T12:12:49","date_gmt":"2020-05-26T10:12:49","guid":{"rendered":"http:\/\/florianovahut.agenturamaveb.cz\/product\/sada-viteznych-poharu-3ks\/"},"modified":"2026-02-19T10:14:05","modified_gmt":"2026-02-19T09:14:05","slug":"vyherni-pohar-2039-29-07","status":"publish","type":"product","link":"https:\/\/test.esluzby.net\/?product=vyherni-pohar-2039-29-07","title":{"rendered":"V\u00fdhern\u00ed poh\u00e1r"},"content":{"rendered":"","protected":false},"excerpt":{"rendered":"<p>Poh\u00e1ry a trofeje se vyr\u00e1b\u00ed na zak\u00e1zku dle p\u0159\u00e1n\u00ed z\u00e1kazn\u00edka. Na poh\u00e1r je mo\u017en\u00e9 um\u00edstit logo i n\u00e1zev sout\u011b\u017ee a po\u0159ad\u00ed. Na\u0161e poh\u00e1ry se ud\u011blovaly ji\u017e na mnoho sportovn\u00edch, kulturn\u00edch a spole\u010densk\u00fdch akc\u00edch.<\/p>\n","protected":false},"featured_media":81694,"comment_status":"closed","ping_status":"closed","template":"","meta":[],"product_brand":[],"product_cat":[136],"product_tag":[],"class_list":{"0":"post-54136","1":"product","2":"type-product","3":"status-publish","4":"has-post-thumbnail","6":"product_cat-sklenene-pohary-a-trofeje","8":"first","9":"outofstock","10":"shipping-taxable","11":"purchasable","12":"product-type-simple"},"_links":{"self":[{"href":"https:\/\/test.esluzby.net\/index.php?rest_route=\/wp\/v2\/product\/54136","targetHints":{"allow":["GET"]}}],"collection":[{"href":"https:\/\/test.esluzby.net\/index.php?rest_route=\/wp\/v2\/product"}],"about":[{"href":"https:\/\/test.esluzby.net\/index.php?rest_route=\/wp\/v2\/types\/product"}],"replies":[{"embeddable":true,"href":"https:\/\/test.esluzby.net\/index.php?rest_route=%2Fwp%2Fv2%2Fcomments&post=54136"}],"version-history":[{"count":0,"href":"https:\/\/test.esluzby.net\/index.php?rest_route=\/wp\/v2\/product\/54136\/revisions"}],"wp:featuredmedia":[{"embeddable":true,"href":"https:\/\/test.esluzby.net\/index.php?rest_route=\/wp\/v2\/media\/81694"}],"wp:attachment":[{"href":"https:\/\/test.esluzby.net\/index.php?rest_route=%2Fwp%2Fv2%2Fmedia&parent=54136"}],"wp:term":[{"taxonomy":"product_brand","embeddable":true,"href":"https:\/\/test.esluzby.net\/index.php?rest_route=%2Fwp%2Fv2%2Fproduct_brand&post=54136"},{"taxonomy":"product_cat","embeddable":true,"href":"https:\/\/test.esluzby.net\/index.php?rest_route=%2Fwp%2Fv2%2Fproduct_cat&post=54136"},{"taxonomy":"product_tag","embeddable":true,"href":"https:\/\/test.esluzby.net\/index.php?rest_route=%2Fwp%2Fv2%2Fproduct_tag&post=54136"}],"curies":[{"name":"wp","href":"https:\/\/api.w.org\/{rel}","templated":true}]}}