{"id":54171,"date":"2020-05-26T10:13:20","date_gmt":"2020-05-26T08:13:20","guid":{"rendered":"http:\/\/florianovahut.agenturamaveb.cz\/product\/skleneny-pullitr-s-cinovym-vickem-a-plaketou-kone\/"},"modified":"2026-02-19T10:14:11","modified_gmt":"2026-02-19T09:14:11","slug":"skleneny-pullitr-s-cinovym-vickem-a-plaketou-kone","status":"publish","type":"product","link":"https:\/\/test.esluzby.net\/?product=skleneny-pullitr-s-cinovym-vickem-a-plaketou-kone","title":{"rendered":"Sklen\u011bn\u00fd p\u016fllitr s c\u00ednov\u00fdm v\u00ed\u010dkem a plaketou kon\u011b"},"content":{"rendered":"","protected":false},"excerpt":{"rendered":"<p>Ru\u010dn\u011b vyr\u00e1b\u011bn\u00fd sklen\u011bn\u00fd p\u016fllitr,s ru\u010dn\u011b odlit\u00fdm v\u00ed\u010dkem a plaketou hlavy kon\u011b.Vhodn\u00fd d\u00e1rek pro sb\u011bratele i piva\u0159e.<\/p>\n","protected":false},"featured_media":81712,"comment_status":"closed","ping_status":"closed","template":"","meta":[],"product_brand":[],"product_cat":[120,138],"product_tag":[],"class_list":{"0":"post-54171","1":"product","2":"type-product","3":"status-publish","4":"has-post-thumbnail","6":"product_cat-darky-pro-muze","7":"product_cat-skleneny-pullitr","9":"first","10":"instock","11":"shipping-taxable","12":"purchasable","13":"product-type-simple"},"_links":{"self":[{"href":"https:\/\/test.esluzby.net\/index.php?rest_route=\/wp\/v2\/product\/54171","targetHints":{"allow":["GET"]}}],"collection":[{"href":"https:\/\/test.esluzby.net\/index.php?rest_route=\/wp\/v2\/product"}],"about":[{"href":"https:\/\/test.esluzby.net\/index.php?rest_route=\/wp\/v2\/types\/product"}],"replies":[{"embeddable":true,"href":"https:\/\/test.esluzby.net\/index.php?rest_route=%2Fwp%2Fv2%2Fcomments&post=54171"}],"version-history":[{"count":0,"href":"https:\/\/test.esluzby.net\/index.php?rest_route=\/wp\/v2\/product\/54171\/revisions"}],"wp:featuredmedia":[{"embeddable":true,"href":"https:\/\/test.esluzby.net\/index.php?rest_route=\/wp\/v2\/media\/81712"}],"wp:attachment":[{"href":"https:\/\/test.esluzby.net\/index.php?rest_route=%2Fwp%2Fv2%2Fmedia&parent=54171"}],"wp:term":[{"taxonomy":"product_brand","embeddable":true,"href":"https:\/\/test.esluzby.net\/index.php?rest_route=%2Fwp%2Fv2%2Fproduct_brand&post=54171"},{"taxonomy":"product_cat","embeddable":true,"href":"https:\/\/test.esluzby.net\/index.php?rest_route=%2Fwp%2Fv2%2Fproduct_cat&post=54171"},{"taxonomy":"product_tag","embeddable":true,"href":"https:\/\/test.esluzby.net\/index.php?rest_route=%2Fwp%2Fv2%2Fproduct_tag&post=54171"}],"curies":[{"name":"wp","href":"https:\/\/api.w.org\/{rel}","templated":true}]}}