{"id":54177,"date":"2020-05-26T10:13:20","date_gmt":"2020-05-26T08:13:20","guid":{"rendered":"http:\/\/florianovahut.agenturamaveb.cz\/product\/pullitr-s-cinovym-vickem-a-plaketou-koni\/"},"modified":"2026-02-19T10:14:12","modified_gmt":"2026-02-19T09:14:12","slug":"pullitr-s-cinovym-vickem-a-plaketou-koni","status":"publish","type":"product","link":"https:\/\/test.esluzby.net\/?product=pullitr-s-cinovym-vickem-a-plaketou-koni","title":{"rendered":"P\u016fllitr s c\u00ednov\u00fdm v\u00ed\u010dkem a plaketou kon\u00ed"},"content":{"rendered":"","protected":false},"excerpt":{"rendered":"<p>p\u016fllitra c\u00ednov\u00e9 v\u00ed\u010dko je v\u00fdsledkem na\u0161\u00ed skl\u00e1rny a c\u00edna\u0159sk\u00e9 d\u00edlnysklo je tzv. lesn\u00ed sklo C\u00edna\u0159stv\u00edje odl\u00e9v\u00e1n\u00ed ozdobn\u00fdch c\u00ednov\u00fdch dekora\u010dn\u00edch prvk\u016f a v\u00fdrobku spojen\u00e9 \u00fazkou spoluprac\u00ed \u010desk\u00fdch skl\u00e1\u0159\u016f a zku\u0161en\u00e9ho pas\u00ed\u0159e vyr\u00e1b\u00edme repliky c\u00ednov\u00fdch p\u0159edm\u011bt\u016f se kter\u00fdmi kombinujeme sklen\u011bn\u00e9 poh\u00e1ry a karafy, v\u00ed\u010dka na pivn\u00ed p\u016fllitry korbely a dal\u0161\u00ed c\u00ednov\u00e9 p\u0159edm\u011bty a vyr\u00e1b\u00edme v\u011brn\u00e9 replikyp\u016fvodn\u00edch v\u00fdrobk\u016f.V\u0161e je ru\u010dn\u00ed pr\u00e1ce<\/p>\n","protected":false},"featured_media":81714,"comment_status":"closed","ping_status":"closed","template":"","meta":[],"product_brand":[],"product_cat":[120,138],"product_tag":[],"class_list":{"0":"post-54177","1":"product","2":"type-product","3":"status-publish","4":"has-post-thumbnail","6":"product_cat-darky-pro-muze","7":"product_cat-skleneny-pullitr","9":"first","10":"instock","11":"shipping-taxable","12":"purchasable","13":"product-type-simple"},"_links":{"self":[{"href":"https:\/\/test.esluzby.net\/index.php?rest_route=\/wp\/v2\/product\/54177","targetHints":{"allow":["GET"]}}],"collection":[{"href":"https:\/\/test.esluzby.net\/index.php?rest_route=\/wp\/v2\/product"}],"about":[{"href":"https:\/\/test.esluzby.net\/index.php?rest_route=\/wp\/v2\/types\/product"}],"replies":[{"embeddable":true,"href":"https:\/\/test.esluzby.net\/index.php?rest_route=%2Fwp%2Fv2%2Fcomments&post=54177"}],"version-history":[{"count":0,"href":"https:\/\/test.esluzby.net\/index.php?rest_route=\/wp\/v2\/product\/54177\/revisions"}],"wp:featuredmedia":[{"embeddable":true,"href":"https:\/\/test.esluzby.net\/index.php?rest_route=\/wp\/v2\/media\/81714"}],"wp:attachment":[{"href":"https:\/\/test.esluzby.net\/index.php?rest_route=%2Fwp%2Fv2%2Fmedia&parent=54177"}],"wp:term":[{"taxonomy":"product_brand","embeddable":true,"href":"https:\/\/test.esluzby.net\/index.php?rest_route=%2Fwp%2Fv2%2Fproduct_brand&post=54177"},{"taxonomy":"product_cat","embeddable":true,"href":"https:\/\/test.esluzby.net\/index.php?rest_route=%2Fwp%2Fv2%2Fproduct_cat&post=54177"},{"taxonomy":"product_tag","embeddable":true,"href":"https:\/\/test.esluzby.net\/index.php?rest_route=%2Fwp%2Fv2%2Fproduct_tag&post=54177"}],"curies":[{"name":"wp","href":"https:\/\/api.w.org\/{rel}","templated":true}]}}