{"id":54208,"date":"2020-05-26T10:13:41","date_gmt":"2020-05-26T08:13:41","guid":{"rendered":"http:\/\/florianovahut.agenturamaveb.cz\/product\/skleneny-pullitr-na-pivo-7\/"},"modified":"2026-02-19T10:14:18","modified_gmt":"2026-02-19T09:14:18","slug":"skleneny-pullitr-recyklovany-ii-jakost","status":"publish","type":"product","link":"https:\/\/test.esluzby.net\/?product=skleneny-pullitr-recyklovany-ii-jakost","title":{"rendered":"Sklen\u011bn\u00fd p\u016fllitr recyklovan\u00fd II.jakost"},"content":{"rendered":"","protected":false},"excerpt":{"rendered":"<p>Recyklovan\u00fd p\u016fllitr &#8211; se\u0159\u00edznut\u00e1 lahev a v na\u0161\u00ed skl\u00e1rn\u011b vyroben\u00e9 ucho.<\/p>\n","protected":false},"featured_media":81725,"comment_status":"closed","ping_status":"closed","template":"","meta":[],"product_brand":[],"product_cat":[138],"product_tag":[],"class_list":{"0":"post-54208","1":"product","2":"type-product","3":"status-publish","4":"has-post-thumbnail","6":"product_cat-skleneny-pullitr","8":"first","9":"outofstock","10":"sale","11":"shipping-taxable","12":"purchasable","13":"product-type-simple"},"_links":{"self":[{"href":"https:\/\/test.esluzby.net\/index.php?rest_route=\/wp\/v2\/product\/54208","targetHints":{"allow":["GET"]}}],"collection":[{"href":"https:\/\/test.esluzby.net\/index.php?rest_route=\/wp\/v2\/product"}],"about":[{"href":"https:\/\/test.esluzby.net\/index.php?rest_route=\/wp\/v2\/types\/product"}],"replies":[{"embeddable":true,"href":"https:\/\/test.esluzby.net\/index.php?rest_route=%2Fwp%2Fv2%2Fcomments&post=54208"}],"version-history":[{"count":0,"href":"https:\/\/test.esluzby.net\/index.php?rest_route=\/wp\/v2\/product\/54208\/revisions"}],"wp:featuredmedia":[{"embeddable":true,"href":"https:\/\/test.esluzby.net\/index.php?rest_route=\/wp\/v2\/media\/81725"}],"wp:attachment":[{"href":"https:\/\/test.esluzby.net\/index.php?rest_route=%2Fwp%2Fv2%2Fmedia&parent=54208"}],"wp:term":[{"taxonomy":"product_brand","embeddable":true,"href":"https:\/\/test.esluzby.net\/index.php?rest_route=%2Fwp%2Fv2%2Fproduct_brand&post=54208"},{"taxonomy":"product_cat","embeddable":true,"href":"https:\/\/test.esluzby.net\/index.php?rest_route=%2Fwp%2Fv2%2Fproduct_cat&post=54208"},{"taxonomy":"product_tag","embeddable":true,"href":"https:\/\/test.esluzby.net\/index.php?rest_route=%2Fwp%2Fv2%2Fproduct_tag&post=54208"}],"curies":[{"name":"wp","href":"https:\/\/api.w.org\/{rel}","templated":true}]}}