{"id":54245,"date":"2020-05-26T10:14:00","date_gmt":"2020-05-26T08:14:00","guid":{"rendered":"http:\/\/florianovahut.agenturamaveb.cz\/product\/sklenice-na-vino-zdobena-cinem-2ks-2\/"},"modified":"2026-02-19T10:14:23","modified_gmt":"2026-02-19T09:14:23","slug":"sklenice-na-vino-zdobena-cinem-2ks-2","status":"publish","type":"product","link":"https:\/\/test.esluzby.net\/?product=sklenice-na-vino-zdobena-cinem-2ks-2","title":{"rendered":"Sklenice na v\u00edno zdoben\u00e1 c\u00ednem &#8211; 2ks"},"content":{"rendered":"","protected":false},"excerpt":{"rendered":"<p>Produkt skladem na prodejn\u011b v Praze. Doba dod\u00e1n\u00ed 14 dn\u00ed. Jedn\u00e1 se o typickou ru\u010dn\u00ed v\u00fdrobu \u010desk\u00e9ho sklafoukan\u00e9ho v na\u0161em glass studiu. Sklo zdoben\u00e9 odlitky z c\u00ednu t\u00e9\u017e vyr\u00e1b\u011bn\u00e9 ru\u010dn\u00ed technikou. \u010cesk\u00e9Sklo zn\u00e1 cel\u00fd sv\u011bt jako Glass-Bohemia. Jedn\u00e1 se o sklo sodno -draselno. M\u00e1 velk\u00fd lesk a kr\u00e1sn\u00fd zvuk.<\/p>\n","protected":false},"featured_media":81737,"comment_status":"closed","ping_status":"closed","template":"","meta":[],"product_brand":[],"product_cat":[140],"product_tag":[],"class_list":{"0":"post-54245","1":"product","2":"type-product","3":"status-publish","4":"has-post-thumbnail","6":"product_cat-sklenice","8":"first","9":"outofstock","10":"shipping-taxable","11":"purchasable","12":"product-type-simple"},"_links":{"self":[{"href":"https:\/\/test.esluzby.net\/index.php?rest_route=\/wp\/v2\/product\/54245","targetHints":{"allow":["GET"]}}],"collection":[{"href":"https:\/\/test.esluzby.net\/index.php?rest_route=\/wp\/v2\/product"}],"about":[{"href":"https:\/\/test.esluzby.net\/index.php?rest_route=\/wp\/v2\/types\/product"}],"replies":[{"embeddable":true,"href":"https:\/\/test.esluzby.net\/index.php?rest_route=%2Fwp%2Fv2%2Fcomments&post=54245"}],"version-history":[{"count":0,"href":"https:\/\/test.esluzby.net\/index.php?rest_route=\/wp\/v2\/product\/54245\/revisions"}],"wp:featuredmedia":[{"embeddable":true,"href":"https:\/\/test.esluzby.net\/index.php?rest_route=\/wp\/v2\/media\/81737"}],"wp:attachment":[{"href":"https:\/\/test.esluzby.net\/index.php?rest_route=%2Fwp%2Fv2%2Fmedia&parent=54245"}],"wp:term":[{"taxonomy":"product_brand","embeddable":true,"href":"https:\/\/test.esluzby.net\/index.php?rest_route=%2Fwp%2Fv2%2Fproduct_brand&post=54245"},{"taxonomy":"product_cat","embeddable":true,"href":"https:\/\/test.esluzby.net\/index.php?rest_route=%2Fwp%2Fv2%2Fproduct_cat&post=54245"},{"taxonomy":"product_tag","embeddable":true,"href":"https:\/\/test.esluzby.net\/index.php?rest_route=%2Fwp%2Fv2%2Fproduct_tag&post=54245"}],"curies":[{"name":"wp","href":"https:\/\/api.w.org\/{rel}","templated":true}]}}