{"id":54246,"date":"2020-05-26T10:14:00","date_gmt":"2020-05-26T08:14:00","guid":{"rendered":"http:\/\/florianovahut.agenturamaveb.cz\/product\/sklenice-na-vino-s-cinem-2ks\/"},"modified":"2026-02-19T10:14:24","modified_gmt":"2026-02-19T09:14:24","slug":"sklenice-zdobena-cinem-a-nalepy-7201","status":"publish","type":"product","link":"https:\/\/test.esluzby.net\/?product=sklenice-zdobena-cinem-a-nalepy-7201","title":{"rendered":"Sklenice 0,2l &#8211; zdoben\u00e1 c\u00ednem a n\u00e1lepy"},"content":{"rendered":"<p align=\"left\"><span style=\"color: #333333;\"><span style=\"font-family: Roboto, Arial, Helvetica, sans-serif;\"><span style=\"font-size: medium;\">Sklenice je v\u00fdsledkem \u00fazk\u00e9 spolupr\u00e1ce na\u0161\u00ed skl\u00e1rny a c\u00edna\u0159sk\u00e9 d\u00edlny. Pou\u017eit\u00e9 sklo je tzv. lesn\u00ed sklo, vyr\u00e1b\u011bn\u00e9 tradi\u010dn\u00edmi postupy. C\u00edna\u0159sk\u00e1 pr\u00e1ce spo\u010d\u00edv\u00e1 v odl\u00e9v\u00e1n\u00ed ozdobn\u00fdch c\u00ednov\u00fdch dekora\u010dn\u00edch prvk\u016f i funk\u010dn\u00edch \u010d\u00e1st\u00ed v\u00fdrobku zku\u0161en\u00fdm c\u00edna\u0159em.<\/span><\/span><\/span><\/p>\n<p><span style=\"color: #333333;\"><span style=\"font-family: Roboto, Arial, Helvetica, sans-serif;\"><span style=\"font-size: medium;\">Specializujeme se na v\u00fdrobu replik historick\u00fdch c\u00ednov\u00fdch p\u0159edm\u011bt\u016f, kter\u00e9 kombinujeme se sklen\u011bn\u00fdmi poh\u00e1ry, karafami, v\u00ed\u010dky na pivn\u00ed p\u016fllitry a dal\u0161\u00edmi c\u00ednov\u00fdmi prvky. Sou\u010dasn\u011b vyr\u00e1b\u00edme i v\u011brn\u00e9 repliky p\u016fvodn\u00edch historick\u00fdch v\u00fdrobk\u016f.<\/span><\/span><\/span><\/p>\n<p><span style=\"color: #333333;\"><span style=\"font-family: Roboto, Arial, Helvetica, sans-serif;\"><span style=\"font-size: medium;\">Jedn\u00e1 se o sklo sodno-draseln\u00e9, kter\u00e9 se vyzna\u010duje velk\u00fdm leskem a kr\u00e1sn\u00fdm zvukem. Produkty zdoben\u00e9 c\u00ednem nedoporu\u010dujeme d\u00e1vat do my\u010dky na n\u00e1dob\u00ed.<\/span><\/span><\/span><\/p>\n<p><span style=\"color: #333333;\"><span style=\"font-family: Roboto, Arial, Helvetica, sans-serif;\"><span style=\"font-size: medium;\">Ve\u0161ker\u00e1 v\u00fdroba je v\u00fdhradn\u011b poctiv\u00e1 ru\u010dn\u00ed pr\u00e1ce mistr\u016f z na\u0161\u00ed skl\u00e1rny v podh\u016f\u0159\u00ed Lu\u017eick\u00fdch hor.\u00a0<\/span><\/span><\/span><\/p>\n<p><span style=\"color: #222222;\"><span style=\"font-family: Liberation Serif, serif;\"><span style=\"font-size: large;\"><span style=\"color: #333333;\"><span style=\"font-family: Roboto, Arial, Helvetica, sans-serif;\"><span style=\"font-size: medium;\">Ud\u011blejte radost sob\u011b nebo sv\u00fdm bl\u00edzk\u00fdm touto jedine\u010dnou sklenic\u00ed, kter\u00e1 je vyrobena s \u00factou k tradic\u00edm a p\u0159in\u00e1\u0161\u00ed nad\u010dasovou kr\u00e1su do ka\u017ed\u00e9ho domova<\/span><\/span><\/span>.\u00a0<\/span><\/span><\/span><\/p>\n","protected":false},"excerpt":{"rendered":"<p align=\"left\"><span style=\"color: #333333;\"><span style=\"font-family: Roboto, Arial, Helvetica, sans-serif;\"><span style=\"font-size: medium;\">Sklenice z lesn\u00edho skla s ru\u010dn\u011b odl\u00e9van\u00fdmi c\u00ednov\u00fdmi prvky, vyroben\u00fd tradi\u010dn\u00edmi postupy \u010desk\u00e9 skl\u00e1rny a c\u00edna\u0159sk\u00e9 d\u00edlny. V\u011brn\u00e1 replika historick\u00e9ho skla, poctiv\u00e1 ru\u010dn\u00ed pr\u00e1ce mistr\u016f z podh\u016f\u0159\u00ed Lu\u017eick\u00fdch hor.<\/span><\/span><\/span><\/p>\n","protected":false},"featured_media":81738,"comment_status":"closed","ping_status":"closed","template":"","meta":[],"product_brand":[],"product_cat":[113,114,139],"product_tag":[],"class_list":{"0":"post-54246","1":"product","2":"type-product","3":"status-publish","4":"has-post-thumbnail","6":"product_cat-historicke-sklo","7":"product_cat-lesni-sklo","8":"product_cat-sklenice-zdobene-cinem","10":"first","11":"instock","12":"shipping-taxable","13":"purchasable","14":"product-type-simple"},"_links":{"self":[{"href":"https:\/\/test.esluzby.net\/index.php?rest_route=\/wp\/v2\/product\/54246","targetHints":{"allow":["GET"]}}],"collection":[{"href":"https:\/\/test.esluzby.net\/index.php?rest_route=\/wp\/v2\/product"}],"about":[{"href":"https:\/\/test.esluzby.net\/index.php?rest_route=\/wp\/v2\/types\/product"}],"replies":[{"embeddable":true,"href":"https:\/\/test.esluzby.net\/index.php?rest_route=%2Fwp%2Fv2%2Fcomments&post=54246"}],"version-history":[{"count":0,"href":"https:\/\/test.esluzby.net\/index.php?rest_route=\/wp\/v2\/product\/54246\/revisions"}],"wp:featuredmedia":[{"embeddable":true,"href":"https:\/\/test.esluzby.net\/index.php?rest_route=\/wp\/v2\/media\/81738"}],"wp:attachment":[{"href":"https:\/\/test.esluzby.net\/index.php?rest_route=%2Fwp%2Fv2%2Fmedia&parent=54246"}],"wp:term":[{"taxonomy":"product_brand","embeddable":true,"href":"https:\/\/test.esluzby.net\/index.php?rest_route=%2Fwp%2Fv2%2Fproduct_brand&post=54246"},{"taxonomy":"product_cat","embeddable":true,"href":"https:\/\/test.esluzby.net\/index.php?rest_route=%2Fwp%2Fv2%2Fproduct_cat&post=54246"},{"taxonomy":"product_tag","embeddable":true,"href":"https:\/\/test.esluzby.net\/index.php?rest_route=%2Fwp%2Fv2%2Fproduct_tag&post=54246"}],"curies":[{"name":"wp","href":"https:\/\/api.w.org\/{rel}","templated":true}]}}