{"id":54290,"date":"2020-05-26T10:14:18","date_gmt":"2020-05-26T08:14:18","guid":{"rendered":"http:\/\/florianovahut.agenturamaveb.cz\/product\/michaci-sklenice-1ks\/"},"modified":"2026-02-19T10:14:36","modified_gmt":"2026-02-19T09:14:36","slug":"michaci-sklenice-1ks","status":"publish","type":"product","link":"https:\/\/test.esluzby.net\/?product=michaci-sklenice-1ks","title":{"rendered":"Sklenice m\u00edchac\u00ed &#8211; cena za 1ks"},"content":{"rendered":"<p>M\u00edchac\u00ed sklenice v\u00fd\u0161ka 160 &#8211; 165mm, pr\u016fm\u011br 90mm, v\u00e1ha 700-730g. Pat\u0159\u00ed k z\u00e1kladn\u00ed v\u00fdbav\u011b barmana. Pou\u017e\u00edv\u00e1 se k p\u0159\u00edprav\u011b m\u00edchan\u00fdch n\u00e1poj\u016f, kter\u00e9 se skl\u00e1daj\u00ed ze snadno m\u00edsiteln\u00fdch surovin. Je naopak naprosto nevhodn\u00e1 pro mixov\u00e1n\u00ed vaj\u00ed\u010dek, smetany, p\u0159\u00edpadn\u011b p\u0159\u00edrodn\u00edch ovocn\u00fdch a zeleninov\u00fdch d\u017eus\u016f s \u010d\u00edmkoliv jin\u00fdm, p\u0159edev\u0161\u00edm siln\u011b alkoholick\u00fdmi b\u00e1zemi.<\/p>\n","protected":false},"excerpt":{"rendered":"<p>M\u00edchac\u00ed sklenice v\u00fd\u0161ka 160 &#8211; 165mm, pr\u016fm\u011br 90mm, v\u00e1ha 700-730g. Pat\u0159\u00ed k z\u00e1kladn\u00ed v\u00fdbav\u011b barmana.<\/p>\n","protected":false},"featured_media":81762,"comment_status":"closed","ping_status":"closed","template":"","meta":[],"product_brand":[],"product_cat":[140],"product_tag":[],"class_list":{"0":"post-54290","1":"product","2":"type-product","3":"status-publish","4":"has-post-thumbnail","6":"product_cat-sklenice","8":"first","9":"instock","10":"shipping-taxable","11":"purchasable","12":"product-type-simple"},"_links":{"self":[{"href":"https:\/\/test.esluzby.net\/index.php?rest_route=\/wp\/v2\/product\/54290","targetHints":{"allow":["GET"]}}],"collection":[{"href":"https:\/\/test.esluzby.net\/index.php?rest_route=\/wp\/v2\/product"}],"about":[{"href":"https:\/\/test.esluzby.net\/index.php?rest_route=\/wp\/v2\/types\/product"}],"replies":[{"embeddable":true,"href":"https:\/\/test.esluzby.net\/index.php?rest_route=%2Fwp%2Fv2%2Fcomments&post=54290"}],"version-history":[{"count":0,"href":"https:\/\/test.esluzby.net\/index.php?rest_route=\/wp\/v2\/product\/54290\/revisions"}],"wp:featuredmedia":[{"embeddable":true,"href":"https:\/\/test.esluzby.net\/index.php?rest_route=\/wp\/v2\/media\/81762"}],"wp:attachment":[{"href":"https:\/\/test.esluzby.net\/index.php?rest_route=%2Fwp%2Fv2%2Fmedia&parent=54290"}],"wp:term":[{"taxonomy":"product_brand","embeddable":true,"href":"https:\/\/test.esluzby.net\/index.php?rest_route=%2Fwp%2Fv2%2Fproduct_brand&post=54290"},{"taxonomy":"product_cat","embeddable":true,"href":"https:\/\/test.esluzby.net\/index.php?rest_route=%2Fwp%2Fv2%2Fproduct_cat&post=54290"},{"taxonomy":"product_tag","embeddable":true,"href":"https:\/\/test.esluzby.net\/index.php?rest_route=%2Fwp%2Fv2%2Fproduct_tag&post=54290"}],"curies":[{"name":"wp","href":"https:\/\/api.w.org\/{rel}","templated":true}]}}