{"id":54336,"date":"2020-05-26T10:14:38","date_gmt":"2020-05-26T08:14:38","guid":{"rendered":"http:\/\/florianovahut.agenturamaveb.cz\/product\/sklenene-sperky-srdce-kuze\/"},"modified":"2026-02-19T10:14:43","modified_gmt":"2026-02-19T09:14:43","slug":"sklenene-sperky-srdce-kuze","status":"publish","type":"product","link":"https:\/\/test.esluzby.net\/?product=sklenene-sperky-srdce-kuze","title":{"rendered":"Sklen\u011bn\u00e9 \u0161perky- srdce &#8211; k\u016f\u017ee"},"content":{"rendered":"","protected":false},"excerpt":{"rendered":"<p>R\u016fzn\u00e9 sklen\u011bn\u00e9 \u0161perky, tvary i barvy, ka\u017ed\u00fd kus je origin\u00e1ln\u00edm \u0161perkem &#8211; zav\u011b\u0161en\u00e9 na chirurgick\u00e9 oceli nebo k\u016f\u017ei.<\/p>\n","protected":false},"featured_media":81774,"comment_status":"closed","ping_status":"closed","template":"","meta":[],"product_brand":[],"product_cat":[126,144],"product_tag":[],"class_list":{"0":"post-54336","1":"product","2":"type-product","3":"status-publish","4":"has-post-thumbnail","6":"product_cat-lehane-sklo","7":"product_cat-valentyn","9":"first","10":"outofstock","11":"shipping-taxable","12":"purchasable","13":"product-type-simple"},"_links":{"self":[{"href":"https:\/\/test.esluzby.net\/index.php?rest_route=\/wp\/v2\/product\/54336","targetHints":{"allow":["GET"]}}],"collection":[{"href":"https:\/\/test.esluzby.net\/index.php?rest_route=\/wp\/v2\/product"}],"about":[{"href":"https:\/\/test.esluzby.net\/index.php?rest_route=\/wp\/v2\/types\/product"}],"replies":[{"embeddable":true,"href":"https:\/\/test.esluzby.net\/index.php?rest_route=%2Fwp%2Fv2%2Fcomments&post=54336"}],"version-history":[{"count":0,"href":"https:\/\/test.esluzby.net\/index.php?rest_route=\/wp\/v2\/product\/54336\/revisions"}],"wp:featuredmedia":[{"embeddable":true,"href":"https:\/\/test.esluzby.net\/index.php?rest_route=\/wp\/v2\/media\/81774"}],"wp:attachment":[{"href":"https:\/\/test.esluzby.net\/index.php?rest_route=%2Fwp%2Fv2%2Fmedia&parent=54336"}],"wp:term":[{"taxonomy":"product_brand","embeddable":true,"href":"https:\/\/test.esluzby.net\/index.php?rest_route=%2Fwp%2Fv2%2Fproduct_brand&post=54336"},{"taxonomy":"product_cat","embeddable":true,"href":"https:\/\/test.esluzby.net\/index.php?rest_route=%2Fwp%2Fv2%2Fproduct_cat&post=54336"},{"taxonomy":"product_tag","embeddable":true,"href":"https:\/\/test.esluzby.net\/index.php?rest_route=%2Fwp%2Fv2%2Fproduct_tag&post=54336"}],"curies":[{"name":"wp","href":"https:\/\/api.w.org\/{rel}","templated":true}]}}