{"id":54398,"date":"2020-05-26T10:15:07","date_gmt":"2020-05-26T08:15:07","guid":{"rendered":"http:\/\/florianovahut.agenturamaveb.cz\/product\/souprava-ryta-1\/"},"modified":"2026-02-19T10:14:45","modified_gmt":"2026-02-19T09:14:45","slug":"souprava-zdobena-cinem","status":"publish","type":"product","link":"https:\/\/test.esluzby.net\/?product=souprava-zdobena-cinem","title":{"rendered":"D\u00e1rkov\u00e1 souprava zdoben\u00e1 c\u00ednem"},"content":{"rendered":"","protected":false},"excerpt":{"rendered":"<p>Jedn\u00e1 se o typickou ru\u010dn\u00ed v\u00fdrobu \u010desk\u00e9ho skla, foukan\u00e9ho v na\u0161\u00ed skl\u00e1rn\u011b. \u010cesk\u00e9 sklo zn\u00e1 cel\u00fd sv\u011bt jako Bohemia Glass. Jedn\u00e1 se o sklo sodno &#8211; draseln\u00e9. M\u00e1 velk\u00fd lesk a kr\u00e1sn\u00fd zvuk.<\/p>\n","protected":false},"featured_media":81777,"comment_status":"closed","ping_status":"closed","template":"","meta":[],"product_brand":[],"product_cat":[145],"product_tag":[],"class_list":{"0":"post-54398","1":"product","2":"type-product","3":"status-publish","4":"has-post-thumbnail","6":"product_cat-sklenene-soupravy","8":"first","9":"outofstock","10":"shipping-taxable","11":"purchasable","12":"product-type-simple"},"_links":{"self":[{"href":"https:\/\/test.esluzby.net\/index.php?rest_route=\/wp\/v2\/product\/54398","targetHints":{"allow":["GET"]}}],"collection":[{"href":"https:\/\/test.esluzby.net\/index.php?rest_route=\/wp\/v2\/product"}],"about":[{"href":"https:\/\/test.esluzby.net\/index.php?rest_route=\/wp\/v2\/types\/product"}],"replies":[{"embeddable":true,"href":"https:\/\/test.esluzby.net\/index.php?rest_route=%2Fwp%2Fv2%2Fcomments&post=54398"}],"version-history":[{"count":0,"href":"https:\/\/test.esluzby.net\/index.php?rest_route=\/wp\/v2\/product\/54398\/revisions"}],"wp:featuredmedia":[{"embeddable":true,"href":"https:\/\/test.esluzby.net\/index.php?rest_route=\/wp\/v2\/media\/81777"}],"wp:attachment":[{"href":"https:\/\/test.esluzby.net\/index.php?rest_route=%2Fwp%2Fv2%2Fmedia&parent=54398"}],"wp:term":[{"taxonomy":"product_brand","embeddable":true,"href":"https:\/\/test.esluzby.net\/index.php?rest_route=%2Fwp%2Fv2%2Fproduct_brand&post=54398"},{"taxonomy":"product_cat","embeddable":true,"href":"https:\/\/test.esluzby.net\/index.php?rest_route=%2Fwp%2Fv2%2Fproduct_cat&post=54398"},{"taxonomy":"product_tag","embeddable":true,"href":"https:\/\/test.esluzby.net\/index.php?rest_route=%2Fwp%2Fv2%2Fproduct_tag&post=54398"}],"curies":[{"name":"wp","href":"https:\/\/api.w.org\/{rel}","templated":true}]}}